{"id":13,"date":"2021-12-09T18:07:58","date_gmt":"2021-12-09T17:07:58","guid":{"rendered":"https:\/\/phillipsmedisize.pl\/?page_id=13"},"modified":"2023-07-20T10:57:17","modified_gmt":"2023-07-20T08:57:17","slug":"o-nas","status":"publish","type":"page","link":"https:\/\/phillipsmedisize.pl\/ccs\/o-nas\/","title":{"rendered":"O nas"},"content":{"rendered":"\n<p><a href=\"https:\/\/www.molex.com\/en-us\/home\" target=\"_blank\" rel=\"noreferrer noopener\">Molex<\/a>, b\u0119d\u0105cy cz\u0119\u015bci\u0105 grupy <a href=\"https:\/\/www.kochind.com\/\" target=\"_blank\" rel=\"noreferrer noopener\">Koch Industries<\/a>, jest jednym z najwi\u0119kszych na \u015bwiecie producent\u00f3w rozwi\u0105za\u0144 po\u0142\u0105cze\u0144 elektronicznych i \u015bwiat\u0142owodowych.<\/p>\n\n\n\n<p>Od 80 lat Molex nap\u0119dza innowacje w elektronice i transmisji danych, wspieraj\u0105c liczne bran\u017ce, w tym automotive i opiek\u0119 medyczn\u0105. Zrozumienie trend\u00f3w i zmian rynkowych jest kluczowym wymogiem naszej dzia\u0142alno\u015bci, dlatego nieustannie inwestujemy w wiedz\u0119 i ludzi, kt\u00f3rzy j\u0105 generuj\u0105.<\/p>\n\n\n\n<p>Firma zatrudnia obecnie ponad 45 000 os\u00f3b w 87 lokalizacjach znajduj\u0105cych si\u0119 w 38 krajach.<\/p>\n\n\n\n<div style=\"height:50px\" aria-hidden=\"true\" class=\"wp-block-spacer\"><\/div>\n\n\n\n<div class=\"wp-block-columns is-layout-flex wp-container-3\">\n<div class=\"wp-block-column is-layout-flow\"><div class=\"wp-block-image\">\n<figure class=\"aligncenter size-full\"><a href=\"https:\/\/www.phillipsmedisize.com\/\" target=\"_blank\" rel=\"noreferrer noopener\"><img decoding=\"async\" loading=\"lazy\" width=\"277\" height=\"139\" src=\"https:\/\/phillipsmedisize.pl\/ccs\/wp-content\/uploads\/sites\/3\/2021\/12\/Obraz2.jpg\" alt=\"\" class=\"wp-image-174\"\/><\/a><\/figure><\/div><\/div>\n\n\n\n<div class=\"wp-block-column is-layout-flow\"><div class=\"wp-block-image\">\n<figure class=\"aligncenter size-full\"><a href=\"https:\/\/www.molex.com\/en-us\/home\" target=\"_blank\" rel=\"noreferrer noopener\"><img decoding=\"async\" loading=\"lazy\" width=\"281\" height=\"74\" src=\"https:\/\/phillipsmedisize.pl\/ccs\/wp-content\/uploads\/sites\/3\/2021\/12\/Obraz3.png\" alt=\"\" class=\"wp-image-175\"\/><\/a><\/figure><\/div><\/div>\n<\/div>\n\n\n\n<div class=\"wp-block-columns is-layout-flex wp-container-6\">\n<div class=\"wp-block-column is-layout-flow\"><div class=\"wp-block-image\">\n<figure class=\"aligncenter size-medium\"><a href=\"https:\/\/www.kochind.com\/\" target=\"_blank\" rel=\"noreferrer noopener\"><img decoding=\"async\" loading=\"lazy\" width=\"300\" height=\"80\" src=\"https:\/\/phillipsmedisize.pl\/ccs\/wp-content\/uploads\/sites\/3\/2021\/12\/Obraz4-300x80.jpg\" alt=\"\" class=\"wp-image-176\" srcset=\"https:\/\/phillipsmedisize.pl\/ccs\/wp-content\/uploads\/sites\/3\/2021\/12\/Obraz4-300x80.jpg 300w, https:\/\/phillipsmedisize.pl\/ccs\/wp-content\/uploads\/sites\/3\/2021\/12\/Obraz4.jpg 505w\" sizes=\"(max-width: 300px) 100vw, 300px\" \/><\/a><\/figure><\/div><\/div>\n\n\n\n<div class=\"wp-block-column is-layout-flow\"><div class=\"wp-block-image\">\n<figure class=\"aligncenter size-full\"><img decoding=\"async\" loading=\"lazy\" width=\"634\" height=\"158\" src=\"https:\/\/phillipsmedisize.pl\/ccs\/wp-content\/uploads\/sites\/3\/2021\/12\/Obraz5.jpg\" alt=\"\" class=\"wp-image-177\" srcset=\"https:\/\/phillipsmedisize.pl\/ccs\/wp-content\/uploads\/sites\/3\/2021\/12\/Obraz5.jpg 634w, https:\/\/phillipsmedisize.pl\/ccs\/wp-content\/uploads\/sites\/3\/2021\/12\/Obraz5-300x75.jpg 300w\" sizes=\"(max-width: 634px) 100vw, 634px\" \/><\/figure><\/div><\/div>\n<\/div>\n\n\n<div class=\"b_img_txt \n \n \n     \">\n    <div class=\"b_img_txt__img add_square\">\n        <div class=\"add__mask\">\n            <img decoding=\"async\" src=\"https:\/\/phillipsmedisize.pl\/ccs\/wp-content\/uploads\/sites\/3\/2023\/04\/two-asian-female-colleagues-sitting-together-office-looking-document.jpg\" class=\"img-fluid desktop\"\/>\n            <img decoding=\"async\" src=\"https:\/\/phillipsmedisize.pl\/ccs\/wp-content\/uploads\/sites\/3\/2023\/04\/two-asian-female-colleagues-sitting-together-office-looking-document.jpg\" class=\"img-fluid mobile\"\/>\n        <\/div>\n    <\/div>\n    <div class=\"b_img_txt__txt \">\n        <h2>Molex CCS<\/h2>\n        <p><p>Molex CCS (Consumer &amp; Commercial Solutions) to jedna z czterech globalnych dywizji Molex. Obecnie dywizja ta inwestuje w nowoczesny zak\u0142ad produkcyjny zlokalizowany w Siemianowicach \u015al\u0105skich, kt\u00f3ry b\u0119dzie funkcjonowa\u0142 pod logiem Phillips Medisize Poland. Zostanie tu uruchomiony proces produkcyjny, kt\u00f3rego g\u0142\u00f3wnym celem b\u0119dzie realizowanie potrzeb europejskich Klient\u00f3w z bran\u017cy motoryzacyjnej. Dostarczany przez Zesp\u00f3\u0142 Molex CCS produkt to system do kontaktowania ogniw paliwowych, do zastosowa\u0144 w systemach zarz\u0105dzania akumulatorami w samochodach PHEV\/EV  (Plug-in Hybrid Electric Vehicles \/ Electric Vehicles). <\/p>\n<p>Mo\u017cliwo\u015bci produkcyjne b\u0119d\u0105 realizowane na ka\u017cdym z etap\u00f3w. Zarz\u0105dzanie procesami \u2013 od poziomu dostarczania komponent\u00f3w, przez podzespo\u0142y, a\u017c po kompletne rozwi\u0105zania zmontowane na terenie zak\u0142adu produkcyjnego w Siemianowicach \u015al\u0105skich.<\/p>\n<\/p>\n            <\/div>\n<\/div>\n\n\n<div class=\"b_img_txt \nreverse \nadd__bg \n     \">\n    <div class=\"b_img_txt__img add_square\">\n        <div class=\"add__mask\">\n            <img decoding=\"async\" src=\"https:\/\/phillipsmedisize.pl\/ccs\/wp-content\/uploads\/sites\/3\/2023\/04\/man-repairing-circuit-board-laptop.jpg\" class=\"img-fluid desktop\"\/>\n            <img decoding=\"async\" src=\"https:\/\/phillipsmedisize.pl\/ccs\/wp-content\/uploads\/sites\/3\/2023\/04\/man-repairing-circuit-board-laptop.jpg\" class=\"img-fluid mobile\"\/>\n        <\/div>\n    <\/div>\n    <div class=\"b_img_txt__txt \">\n        <h2>Kluczowa rola synergii w ramach globalnej grupy Koch Industries<\/h2>\n        <p><p>Mo\u017cliwo\u015b\u0107 koordynacji dzia\u0142a\u0144 w ramach globalnej grupy Koch Industries pozwala sp\u00f3\u0142ce Molex CCS na rozw\u00f3j oferty i zdobywanie kolejnych kompetencji na konkurencyjnym rynku. Dzi\u0119ki d\u0142ugofalowej, ugruntowanej wieloletnim zaufaniem wsp\u00f3\u0142pracy mo\u017cemy skalowa\u0107 produkcj\u0119, gdy tylko wymagaj\u0105 tego projekty, a tak\u017ce zapewnia\u0107 naszym Klientom dostarczanie innowacyjnych produkt\u00f3w w wyznaczonym czasie i przy zachowaniu najwy\u017cszej jako\u015bci. <\/p>\n<\/p>\n                    <a href=\"https:\/\/phillipsmedisize.pl\/ccs\/kluczowa-rola-synergii-w-ramach-globalnej-grupy-koch-industries\/\" class=\"b_img_link\" alt=\"przejd\u017a do Czytaj dalej\">\n                Czytaj dalej            <\/a>\n            <\/div>\n<\/div>\n","protected":false},"excerpt":{"rendered":"<p>Molex, b\u0119d\u0105cy cz\u0119\u015bci\u0105 grupy Koch Industries, jest jednym z najwi\u0119kszych na \u015bwiecie producent\u00f3w rozwi\u0105za\u0144 po\u0142\u0105cze\u0144 elektronicznych i \u015bwiat\u0142owodowych. Od 80 lat Molex nap\u0119dza innowacje w elektronice i transmisji danych, wspieraj\u0105c liczne bran\u017ce, w tym automotive i opiek\u0119 medyczn\u0105. Zrozumienie trend\u00f3w i zmian rynkowych jest kluczowym wymogiem naszej dzia\u0142alno\u015bci, dlatego nieustannie inwestujemy w wiedz\u0119 i ludzi, [&hellip;]<\/p>\n","protected":false},"author":1,"featured_media":835,"parent":0,"menu_order":0,"comment_status":"closed","ping_status":"closed","template":"tpl-page.php","meta":[],"acf":[],"yoast_head":"<!-- This site is optimized with the Yoast SEO plugin v20.5 - https:\/\/yoast.com\/wordpress\/plugins\/seo\/ -->\n<title>O nas \u2013 Dostawca Sprz\u0119tu Medycznego | Phillips-Medisize<\/title>\n<meta name=\"description\" content=\"Phillips-Medisize to jednen z wiod\u0105cych globalnych dostawc\u00f3w innowacyjnych produkt\u00f3w dla bran\u017cy farmaceutycznej, urz\u0105dze\u0144 medycznych i diagnostyki.\" \/>\n<meta name=\"robots\" content=\"index, follow, max-snippet:-1, max-image-preview:large, max-video-preview:-1\" \/>\n<link rel=\"canonical\" href=\"https:\/\/phillipsmedisize.pl\/ccs\/o-nas\/\" \/>\n<meta property=\"og:locale\" content=\"pl_PL\" \/>\n<meta property=\"og:type\" content=\"article\" \/>\n<meta property=\"og:title\" content=\"O nas \u2013 Dostawca Sprz\u0119tu Medycznego | Phillips-Medisize\" \/>\n<meta property=\"og:description\" content=\"Phillips-Medisize to jednen z wiod\u0105cych globalnych dostawc\u00f3w innowacyjnych produkt\u00f3w dla bran\u017cy farmaceutycznej, urz\u0105dze\u0144 medycznych i diagnostyki.\" \/>\n<meta property=\"og:url\" content=\"https:\/\/phillipsmedisize.pl\/ccs\/o-nas\/\" \/>\n<meta property=\"og:site_name\" content=\"Campus\" \/>\n<meta property=\"article:modified_time\" content=\"2023-07-20T08:57:17+00:00\" \/>\n<meta property=\"og:image\" content=\"https:\/\/phillipsmedisize.pl\/ccs\/wp-content\/uploads\/sites\/3\/2022\/01\/medisize.jpg\" \/>\n\t<meta property=\"og:image:width\" content=\"1200\" \/>\n\t<meta property=\"og:image:height\" content=\"628\" \/>\n\t<meta property=\"og:image:type\" content=\"image\/jpeg\" \/>\n<meta name=\"twitter:card\" content=\"summary_large_image\" \/>\n<meta name=\"twitter:image\" content=\"https:\/\/phillipsmedisize.pl\/ccs\/wp-content\/uploads\/sites\/3\/2022\/01\/medisize.jpg\" \/>\n<meta name=\"twitter:label1\" content=\"Szacowany czas czytania\" \/>\n\t<meta name=\"twitter:data1\" content=\"2 minuty\" \/>\n<script type=\"application\/ld+json\" class=\"yoast-schema-graph\">{\"@context\":\"https:\/\/schema.org\",\"@graph\":[{\"@type\":\"WebPage\",\"@id\":\"https:\/\/phillipsmedisize.pl\/ccs\/o-nas\/\",\"url\":\"https:\/\/phillipsmedisize.pl\/ccs\/o-nas\/\",\"name\":\"O nas \u2013 Dostawca Sprz\u0119tu Medycznego | Phillips-Medisize\",\"isPartOf\":{\"@id\":\"https:\/\/phillipsmedisize.pl\/ccs\/#website\"},\"datePublished\":\"2021-12-09T17:07:58+00:00\",\"dateModified\":\"2023-07-20T08:57:17+00:00\",\"description\":\"Phillips-Medisize to jednen z wiod\u0105cych globalnych dostawc\u00f3w innowacyjnych produkt\u00f3w dla bran\u017cy farmaceutycznej, urz\u0105dze\u0144 medycznych i diagnostyki.\",\"inLanguage\":\"pl-PL\",\"potentialAction\":[{\"@type\":\"ReadAction\",\"target\":[\"https:\/\/phillipsmedisize.pl\/ccs\/o-nas\/\"]}]},{\"@type\":\"WebSite\",\"@id\":\"https:\/\/phillipsmedisize.pl\/ccs\/#website\",\"url\":\"https:\/\/phillipsmedisize.pl\/ccs\/\",\"name\":\"Campus\",\"description\":\"Projektowanie i produkcja specjalistycznych sprz\u0119t\u00f3w i narz\u0119dzi medycznych. W Phillips-Medisize k\u0142adziemy ogromny nacisk na zarz\u0105dzanie jako\u015bci\u0105 i ryzykiem.\",\"potentialAction\":[{\"@type\":\"SearchAction\",\"target\":{\"@type\":\"EntryPoint\",\"urlTemplate\":\"https:\/\/phillipsmedisize.pl\/ccs\/?s={search_term_string}\"},\"query-input\":\"required name=search_term_string\"}],\"inLanguage\":\"pl-PL\"}]}<\/script>\n<!-- \/ Yoast SEO plugin. -->","yoast_head_json":{"title":"O nas \u2013 Dostawca Sprz\u0119tu Medycznego | Phillips-Medisize","description":"Phillips-Medisize to jednen z wiod\u0105cych globalnych dostawc\u00f3w innowacyjnych produkt\u00f3w dla bran\u017cy farmaceutycznej, urz\u0105dze\u0144 medycznych i diagnostyki.","robots":{"index":"index","follow":"follow","max-snippet":"max-snippet:-1","max-image-preview":"max-image-preview:large","max-video-preview":"max-video-preview:-1"},"canonical":"https:\/\/phillipsmedisize.pl\/ccs\/o-nas\/","og_locale":"pl_PL","og_type":"article","og_title":"O nas \u2013 Dostawca Sprz\u0119tu Medycznego | Phillips-Medisize","og_description":"Phillips-Medisize to jednen z wiod\u0105cych globalnych dostawc\u00f3w innowacyjnych produkt\u00f3w dla bran\u017cy farmaceutycznej, urz\u0105dze\u0144 medycznych i diagnostyki.","og_url":"https:\/\/phillipsmedisize.pl\/ccs\/o-nas\/","og_site_name":"Campus","article_modified_time":"2023-07-20T08:57:17+00:00","og_image":[{"width":1200,"height":628,"url":"https:\/\/phillipsmedisize.pl\/ccs\/wp-content\/uploads\/sites\/3\/2022\/01\/medisize.jpg","type":"image\/jpeg"}],"twitter_card":"summary_large_image","twitter_image":"https:\/\/phillipsmedisize.pl\/ccs\/wp-content\/uploads\/sites\/3\/2022\/01\/medisize.jpg","twitter_misc":{"Szacowany czas czytania":"2 minuty"},"schema":{"@context":"https:\/\/schema.org","@graph":[{"@type":"WebPage","@id":"https:\/\/phillipsmedisize.pl\/ccs\/o-nas\/","url":"https:\/\/phillipsmedisize.pl\/ccs\/o-nas\/","name":"O nas \u2013 Dostawca Sprz\u0119tu Medycznego | Phillips-Medisize","isPartOf":{"@id":"https:\/\/phillipsmedisize.pl\/ccs\/#website"},"datePublished":"2021-12-09T17:07:58+00:00","dateModified":"2023-07-20T08:57:17+00:00","description":"Phillips-Medisize to jednen z wiod\u0105cych globalnych dostawc\u00f3w innowacyjnych produkt\u00f3w dla bran\u017cy farmaceutycznej, urz\u0105dze\u0144 medycznych i diagnostyki.","inLanguage":"pl-PL","potentialAction":[{"@type":"ReadAction","target":["https:\/\/phillipsmedisize.pl\/ccs\/o-nas\/"]}]},{"@type":"WebSite","@id":"https:\/\/phillipsmedisize.pl\/ccs\/#website","url":"https:\/\/phillipsmedisize.pl\/ccs\/","name":"Campus","description":"Projektowanie i produkcja specjalistycznych sprz\u0119t\u00f3w i narz\u0119dzi medycznych. W Phillips-Medisize k\u0142adziemy ogromny nacisk na zarz\u0105dzanie jako\u015bci\u0105 i ryzykiem.","potentialAction":[{"@type":"SearchAction","target":{"@type":"EntryPoint","urlTemplate":"https:\/\/phillipsmedisize.pl\/ccs\/?s={search_term_string}"},"query-input":"required name=search_term_string"}],"inLanguage":"pl-PL"}]}},"_links":{"self":[{"href":"https:\/\/phillipsmedisize.pl\/ccs\/wp-json\/wp\/v2\/pages\/13"}],"collection":[{"href":"https:\/\/phillipsmedisize.pl\/ccs\/wp-json\/wp\/v2\/pages"}],"about":[{"href":"https:\/\/phillipsmedisize.pl\/ccs\/wp-json\/wp\/v2\/types\/page"}],"author":[{"embeddable":true,"href":"https:\/\/phillipsmedisize.pl\/ccs\/wp-json\/wp\/v2\/users\/1"}],"replies":[{"embeddable":true,"href":"https:\/\/phillipsmedisize.pl\/ccs\/wp-json\/wp\/v2\/comments?post=13"}],"version-history":[{"count":16,"href":"https:\/\/phillipsmedisize.pl\/ccs\/wp-json\/wp\/v2\/pages\/13\/revisions"}],"predecessor-version":[{"id":996,"href":"https:\/\/phillipsmedisize.pl\/ccs\/wp-json\/wp\/v2\/pages\/13\/revisions\/996"}],"wp:featuredmedia":[{"embeddable":true,"href":"https:\/\/phillipsmedisize.pl\/ccs\/wp-json\/wp\/v2\/media\/835"}],"wp:attachment":[{"href":"https:\/\/phillipsmedisize.pl\/ccs\/wp-json\/wp\/v2\/media?parent=13"}],"curies":[{"name":"wp","href":"https:\/\/api.w.org\/{rel}","templated":true}]}}