{"id":15,"date":"2021-12-09T18:08:31","date_gmt":"2021-12-09T17:08:31","guid":{"rendered":"https:\/\/phillipsmedisize.pl\/?page_id=15"},"modified":"2023-08-07T11:39:02","modified_gmt":"2023-08-07T09:39:02","slug":"co-robimy","status":"publish","type":"page","link":"https:\/\/phillipsmedisize.pl\/ccs\/co-robimy\/","title":{"rendered":"Co robimy?"},"content":{"rendered":"<section class=\"bpp\">\n    <div class=\"container\">\n        <div class=\"row\">\n            <div class=\"col-12\">\n                <h2>Badamy, projektujemy i produkujemy<br>po\u0142\u0105czenia dla<\/h2>\n            <\/div>\n            <div class=\"col-md-3 col-6 bpp_item\">\n                <img decoding=\"async\" src=\"https:\/\/phillipsmedisize.pl\/ccs\/wp-content\/uploads\/sites\/3\/2023\/05\/ico-Signal_Tower.png\" class=\"img-fluid\"\/>\n                Telekomunikacji            <\/div>\n            <div class=\"col-md-3 col-6 bpp_item\">\n                <img decoding=\"async\" src=\"https:\/\/phillipsmedisize.pl\/ccs\/wp-content\/uploads\/sites\/3\/2023\/05\/ico-g3147.png\" class=\"img-fluid\"\/>\n                AGD            <\/div>\n            <div class=\"col-md-3 col-6 bpp_item\">\n                <img decoding=\"async\" src=\"https:\/\/phillipsmedisize.pl\/ccs\/wp-content\/uploads\/sites\/3\/2023\/05\/ico-processor.png\" class=\"img-fluid\"\/>\n                Sprz\u0119tu komputerowego i RTV            <\/div>\n            <div class=\"col-md-3 col-6 bpp_item\">\n                <img decoding=\"async\" src=\"https:\/\/phillipsmedisize.pl\/ccs\/wp-content\/uploads\/sites\/3\/2023\/05\/ico-sport-car.png\" class=\"img-fluid\"\/>\n                Automotive            <\/div>\n            <div class=\"col-12 bpp__more\">\n                <p><\/p>\n            <\/div>\n        <\/div>\n    <\/div>\n<\/section>\n\n\n\n\n<div class=\"b_img_txt \n \n \n     add__circle\">\n    <div class=\"b_img_txt__img add_square\">\n        <div class=\"add__mask\">\n            <img decoding=\"async\" src=\"https:\/\/phillipsmedisize.pl\/ccs\/wp-content\/uploads\/sites\/3\/2023\/04\/preparing-tv-show.jpg\" class=\"img-fluid desktop\"\/>\n            <img decoding=\"async\" src=\"https:\/\/phillipsmedisize.pl\/ccs\/wp-content\/uploads\/sites\/3\/2023\/04\/preparing-tv-show.jpg\" class=\"img-fluid mobile\"\/>\n        <\/div>\n    <\/div>\n    <div class=\"b_img_txt__txt \">\n        <h2>Projektowanie produktu<\/h2>\n        <p><p>Ju\u017c na pierwszych etapach prac analizujemy wszelkie aspekty zwi\u0105zane z przygotowaniem i wdro\u017ceniem projektowanego komponentu w poszczeg\u00f3lne fazy produkcji. Efektywnie rozwi\u0105zujemy problemy w celu zredukowania koszt\u00f3w, ograniczenia ryzyka i skr\u00f3cenia czasu wprowadzenia produktu na rynek. Wszystko po to, by Klienci mogli optymalizowa\u0107 swoje procesy produkcyjne i cieszy\u0107 si\u0119 niezawodno\u015bci\u0105 dostaw.<\/p>\n<ul>\n<li>Projekty zorientowane na potrzeby Klient\u00f3w<\/li>\n<li>In\u017cynieria system\u00f3w<\/li>\n<li>Projektowanie elektroniczne<\/li>\n<li>Konstrukcja mechaniczna<\/li>\n<li>Zarz\u0105dzanie ryzykiem<\/li>\n<li>Dokumentacja regulacyjna<\/li>\n<\/ul>\n<\/p>\n            <\/div>\n<\/div>\n\n\n<div class=\"b_img_txt \nreverse \nadd__bg \n     \">\n    <div class=\"b_img_txt__img \">\n        <div class=\"add__mask\">\n            <img decoding=\"async\" src=\"https:\/\/phillipsmedisize.pl\/ccs\/wp-content\/uploads\/sites\/3\/2023\/04\/high-angle-female-technician-with-soldering-iron-electronics-motherboard.jpg\" class=\"img-fluid desktop\"\/>\n            <img decoding=\"async\" src=\"https:\/\/phillipsmedisize.pl\/ccs\/wp-content\/uploads\/sites\/3\/2023\/04\/high-angle-female-technician-with-soldering-iron-electronics-motherboard.jpg\" class=\"img-fluid mobile\"\/>\n        <\/div>\n    <\/div>\n    <div class=\"b_img_txt__txt \">\n        <h2>Rozw\u00f3j produktu<\/h2>\n        <p><p>W ramach ogromnych struktur Molex dysponujemy zasobami niezb\u0119dnymi do przygotowania i zrealizowania wszystkich aspekt\u00f3w rozwoju produktu. Dzi\u0119ki temu pracujemy szybko i wydajnie, by przygotowa\u0107 produkcj\u0119 na potrzeby naszych Partner\u00f3w.<\/p>\n<ul>\n<li>Projektowanie pod k\u0105tem produkcji i monta\u017cu<\/li>\n<li>Strategia produkcji<\/li>\n<li>In\u017cynieria oprzyrz\u0105dowania<\/li>\n<li>Automatyzacja procesu<\/li>\n<li>In\u017cynieria testowa<\/li>\n<\/ul>\n<\/p>\n            <\/div>\n<\/div>\n\n\n<div class=\"b_img_txt \n \n \n     add__circle\">\n    <div class=\"b_img_txt__img add_square\">\n        <div class=\"add__mask\">\n            <img decoding=\"async\" src=\"https:\/\/phillipsmedisize.pl\/ccs\/wp-content\/uploads\/sites\/3\/2023\/04\/engineer-cooperation-male-female-technician.jpg\" class=\"img-fluid desktop\"\/>\n            <img decoding=\"async\" src=\"https:\/\/phillipsmedisize.pl\/ccs\/wp-content\/uploads\/sites\/3\/2023\/04\/engineer-cooperation-male-female-technician.jpg\" class=\"img-fluid mobile\"\/>\n        <\/div>\n    <\/div>\n    <div class=\"b_img_txt__txt \">\n        <h2>Proces produkcji<\/h2>\n        <p><p>Nasze globalne us\u0142ugi produkcyjne charakteryzuje elastyczno\u015b\u0107 pozwalaj\u0105ca na szybkie zwi\u0119kszenie skali dzia\u0142a\u0144, gdy jest to potrzebne. Wszystko to dzi\u0119ki zapleczu, jakim dysponujemy \u2013 ponad 80 zak\u0142ad\u00f3w na ca\u0142ym \u015bwiecie. Nasi Klienci zyskuj\u0105 pewnego partnera, kt\u00f3ry dostarczy produkt na czas, zgodnie z najwy\u017cszymi standardami. To szczeg\u00f3lne wa\u017cne w kontek\u015bcie dywersyfikacji \u0142a\u0144cuch\u00f3w dostaw. <\/p>\n<ul>\n<li>Mo\u017cliwo\u015bci produkcyjne na skal\u0119 \u015bwiatow\u0105<\/li>\n<li>Dedykowane obiekty do prowadzenia bada\u0144 klinicznych i produkcji<\/li>\n<li>Dokumentacja bada\u0144 klinicznych<\/li>\n<li>Produkcja metali i formowanie wtryskowe<\/li>\n<li>Z\u0142\u0105cza, kable, \u015bwiat\u0142owody i podzespo\u0142y elektroniczne<\/li>\n<li>Rozwi\u0105zania w zakresie pakowania i identyfikowalno\u015bci wyrob\u00f3w<\/li>\n<\/ul>\n<\/p>\n            <\/div>\n<\/div>\n\n\n\n<div class=\"wp-block-columns spacial-side-by-side is-layout-flex wp-container-3\">\n<div class=\"wp-block-column is-layout-flow\">\n<h2 class=\"wp-block-heading\">Potencja\u0142 in\u017cynier\u00f3w<\/h2>\n\n\n\n<p>Za naszym wieloletnim sukcesem stoj\u0105 dziesi\u0105tki tysi\u0119cy wysokiej klasy in\u017cynier\u00f3w, kt\u00f3rzy podejmowali wyzwania przy tysi\u0105cach projekt\u00f3w wymagaj\u0105cych najlepszych rozwi\u0105za\u0144 po\u0142\u0105cze\u0144 elektronicznych i \u015bwiat\u0142owodowych.<\/p>\n<\/div>\n\n\n\n<div class=\"wp-block-column is-layout-flow\">\n<ul>\n<li>Wysoki poziom profesjonalist\u00f3w od z\u0142\u0105czy<\/li>\n\n\n\n<li>Szybkie informacje zwrotne<\/li>\n\n\n\n<li>Wiedza i know-how w zakresie rozwoju produktu<\/li>\n\n\n\n<li>Precyzyjne projektowanie narz\u0119dzi i mo\u017cliwo\u015b\u0107 projektowania zautomatyzowanych maszyn monta\u017cowych<\/li>\n\n\n\n<li>Intensywne inwestycje w badania i rozw\u00f3j<\/li>\n<\/ul>\n<\/div>\n<\/div>\n\n\n<div class=\"b_img_txt \nreverse \n \n     \">\n    <div class=\"b_img_txt__img add_square\">\n        <div class=\"add__mask\">\n            <img decoding=\"async\" src=\"https:\/\/phillipsmedisize.pl\/ccs\/wp-content\/uploads\/sites\/3\/2023\/05\/grupa-pracownikow-spotykajaca-sie-z-kierownikami-firm-w-fabryce-nacisk-na-pracownice-przedstawia-raporty-rozwojowe.jpg\" class=\"img-fluid desktop\"\/>\n            <img decoding=\"async\" src=\"https:\/\/phillipsmedisize.pl\/ccs\/wp-content\/uploads\/sites\/3\/2023\/05\/grupa-pracownikow-spotykajaca-sie-z-kierownikami-firm-w-fabryce-nacisk-na-pracownice-przedstawia-raporty-rozwojowe.jpg\" class=\"img-fluid mobile\"\/>\n        <\/div>\n    <\/div>\n    <div class=\"b_img_txt__txt \">\n        <h2>Nasze produkty<\/h2>\n        <p><p>Molex Connected Solutions wsp\u00f3\u0142pracuje z Partnerami w celu przygotowania rozwi\u0105za\u0144, kt\u00f3re spe\u0142niaj\u0105 specyficzne wymogi, np. w zakresie budowy czy wygl\u0105du produktu. Zapewniamy zar\u00f3wno mo\u017cliwo\u015b\u0107 dostarczania produkt\u00f3w (produkt\u00f3w gotowych czy komponent\u00f3w) bezpo\u015brednio do odbiorc\u00f3w ko\u0144cowych, jak i sprzeda\u017c do innego podmiotu w ramach Grupy Phillips-Medisize \/ Molex, kt\u00f3ry nast\u0119pnie odsprzedaje produkty Klientom ko\u0144cowym.<\/p>\n<p>Nasze produkty dostarczamy przede wszystkim dla:<\/p>\n<ul>\n<li>Telekomunikacji, w tym urz\u0105dze\u0144 mobilnych<\/li>\n<li>Sprz\u0119tu AGD<\/li>\n<li>Sprz\u0119tu komputerowego i RTV<\/li>\n<li>Automotive<\/li>\n<\/ul>\n<\/p>\n            <\/div>\n<\/div>\n\n\n<div class=\"b_img_txt \n \nadd__bg \n     \">\n    <div class=\"b_img_txt__img \">\n        <div class=\"add__mask\">\n            <img decoding=\"async\" src=\"https:\/\/phillipsmedisize.pl\/ccs\/wp-content\/uploads\/sites\/3\/2023\/05\/zaawansowana-technologia-i-nowoczesny-automatyczny-robot-do-czesci-drukowanej-plytki-drukowanej-lub-fabryki-komponentow.jpg\" class=\"img-fluid desktop\"\/>\n            <img decoding=\"async\" src=\"https:\/\/phillipsmedisize.pl\/ccs\/wp-content\/uploads\/sites\/3\/2023\/05\/zaawansowana-technologia-i-nowoczesny-automatyczny-robot-do-czesci-drukowanej-plytki-drukowanej-lub-fabryki-komponentow.jpg\" class=\"img-fluid mobile\"\/>\n        <\/div>\n    <\/div>\n    <div class=\"b_img_txt__txt \">\n        <h2>Dzia\u0142ania globalne<\/h2>\n        <p><p>Projektuj\u0105c produkt dla Klienta, ju\u017c na starcie prac analizujemy wszelkie aspekty zwi\u0105zane z przygotowaniem i wdro\u017ceniem projektowanego komponentu w poszczeg\u00f3lne fazy produkcji. Dzi\u0119ki szerokim mo\u017cliwo\u015bciom w zakresie bada\u0144 i rozwoju, w optymalny spos\u00f3b przygotowujemy produkt do poszczeg\u00f3lnych etap\u00f3w produkcji. Realizacj\u0119 naszej wizji umo\u017cliwia silna orientacja na innowacyjno\u015b\u0107 i przywi\u0105zanie do tworzenia warto\u015bci dodanej.<\/p>\n<h3 class=\"make-me-gray\">Si\u0142\u0119 Molex stanowi ponad 45 000 fachowc\u00f3w zatrudnionych w 21 krajach, w ponad 80 fabrykach.<\/h3>\n<\/p>\n            <\/div>\n<\/div>\n","protected":false},"excerpt":{"rendered":"<p>Potencja\u0142 in\u017cynier\u00f3w Za naszym wieloletnim sukcesem stoj\u0105 dziesi\u0105tki tysi\u0119cy wysokiej klasy in\u017cynier\u00f3w, kt\u00f3rzy podejmowali wyzwania przy tysi\u0105cach projekt\u00f3w wymagaj\u0105cych najlepszych rozwi\u0105za\u0144 po\u0142\u0105cze\u0144 elektronicznych i \u015bwiat\u0142owodowych.<\/p>\n","protected":false},"author":1,"featured_media":840,"parent":0,"menu_order":0,"comment_status":"closed","ping_status":"closed","template":"tpl-page.php","meta":[],"acf":[],"yoast_head":"<!-- This site is optimized with the Yoast SEO plugin v20.5 - https:\/\/yoast.com\/wordpress\/plugins\/seo\/ -->\n<title>Co robimy \u2013 Projekty i produkcja sprz\u0119t\u00f3w medycznych | Phillips-Medisize<\/title>\n<meta name=\"description\" content=\"Phillips-Medisize projektuje, produkuje oraz wprowadza na rynek innowacyjne produkty dla bran\u017cy ochrony zdrowia.\" \/>\n<meta name=\"robots\" content=\"index, follow, max-snippet:-1, max-image-preview:large, max-video-preview:-1\" \/>\n<link rel=\"canonical\" href=\"https:\/\/phillipsmedisize.pl\/ccs\/co-robimy\/\" \/>\n<meta property=\"og:locale\" content=\"pl_PL\" \/>\n<meta property=\"og:type\" content=\"article\" \/>\n<meta property=\"og:title\" content=\"Co robimy \u2013 Projekty i produkcja sprz\u0119t\u00f3w medycznych | Phillips-Medisize\" \/>\n<meta property=\"og:description\" content=\"Phillips-Medisize projektuje, produkuje oraz wprowadza na rynek innowacyjne produkty dla bran\u017cy ochrony zdrowia.\" \/>\n<meta property=\"og:url\" content=\"https:\/\/phillipsmedisize.pl\/ccs\/co-robimy\/\" \/>\n<meta property=\"og:site_name\" content=\"Campus\" \/>\n<meta property=\"article:modified_time\" content=\"2023-08-07T09:39:02+00:00\" \/>\n<meta property=\"og:image\" content=\"https:\/\/phillipsmedisize.pl\/ccs\/wp-content\/uploads\/sites\/3\/2022\/01\/medisize.jpg\" \/>\n\t<meta property=\"og:image:width\" content=\"1200\" \/>\n\t<meta property=\"og:image:height\" content=\"628\" \/>\n\t<meta property=\"og:image:type\" content=\"image\/jpeg\" \/>\n<meta name=\"twitter:card\" content=\"summary_large_image\" \/>\n<meta name=\"twitter:image\" content=\"https:\/\/phillipsmedisize.pl\/ccs\/wp-content\/uploads\/sites\/3\/2022\/01\/medisize.jpg\" \/>\n<meta name=\"twitter:label1\" content=\"Szacowany czas czytania\" \/>\n\t<meta name=\"twitter:data1\" content=\"1 minuta\" \/>\n<script type=\"application\/ld+json\" class=\"yoast-schema-graph\">{\"@context\":\"https:\/\/schema.org\",\"@graph\":[{\"@type\":\"WebPage\",\"@id\":\"https:\/\/phillipsmedisize.pl\/ccs\/co-robimy\/\",\"url\":\"https:\/\/phillipsmedisize.pl\/ccs\/co-robimy\/\",\"name\":\"Co robimy \u2013 Projekty i produkcja sprz\u0119t\u00f3w medycznych | Phillips-Medisize\",\"isPartOf\":{\"@id\":\"https:\/\/phillipsmedisize.pl\/ccs\/#website\"},\"datePublished\":\"2021-12-09T17:08:31+00:00\",\"dateModified\":\"2023-08-07T09:39:02+00:00\",\"description\":\"Phillips-Medisize projektuje, produkuje oraz wprowadza na rynek innowacyjne produkty dla bran\u017cy ochrony zdrowia.\",\"inLanguage\":\"pl-PL\",\"potentialAction\":[{\"@type\":\"ReadAction\",\"target\":[\"https:\/\/phillipsmedisize.pl\/ccs\/co-robimy\/\"]}]},{\"@type\":\"WebSite\",\"@id\":\"https:\/\/phillipsmedisize.pl\/ccs\/#website\",\"url\":\"https:\/\/phillipsmedisize.pl\/ccs\/\",\"name\":\"Campus\",\"description\":\"Projektowanie i produkcja specjalistycznych sprz\u0119t\u00f3w i narz\u0119dzi medycznych. W Phillips-Medisize k\u0142adziemy ogromny nacisk na zarz\u0105dzanie jako\u015bci\u0105 i ryzykiem.\",\"potentialAction\":[{\"@type\":\"SearchAction\",\"target\":{\"@type\":\"EntryPoint\",\"urlTemplate\":\"https:\/\/phillipsmedisize.pl\/ccs\/?s={search_term_string}\"},\"query-input\":\"required name=search_term_string\"}],\"inLanguage\":\"pl-PL\"}]}<\/script>\n<!-- \/ Yoast SEO plugin. -->","yoast_head_json":{"title":"Co robimy \u2013 Projekty i produkcja sprz\u0119t\u00f3w medycznych | Phillips-Medisize","description":"Phillips-Medisize projektuje, produkuje oraz wprowadza na rynek innowacyjne produkty dla bran\u017cy ochrony zdrowia.","robots":{"index":"index","follow":"follow","max-snippet":"max-snippet:-1","max-image-preview":"max-image-preview:large","max-video-preview":"max-video-preview:-1"},"canonical":"https:\/\/phillipsmedisize.pl\/ccs\/co-robimy\/","og_locale":"pl_PL","og_type":"article","og_title":"Co robimy \u2013 Projekty i produkcja sprz\u0119t\u00f3w medycznych | Phillips-Medisize","og_description":"Phillips-Medisize projektuje, produkuje oraz wprowadza na rynek innowacyjne produkty dla bran\u017cy ochrony zdrowia.","og_url":"https:\/\/phillipsmedisize.pl\/ccs\/co-robimy\/","og_site_name":"Campus","article_modified_time":"2023-08-07T09:39:02+00:00","og_image":[{"width":1200,"height":628,"url":"https:\/\/phillipsmedisize.pl\/ccs\/wp-content\/uploads\/sites\/3\/2022\/01\/medisize.jpg","type":"image\/jpeg"}],"twitter_card":"summary_large_image","twitter_image":"https:\/\/phillipsmedisize.pl\/ccs\/wp-content\/uploads\/sites\/3\/2022\/01\/medisize.jpg","twitter_misc":{"Szacowany czas czytania":"1 minuta"},"schema":{"@context":"https:\/\/schema.org","@graph":[{"@type":"WebPage","@id":"https:\/\/phillipsmedisize.pl\/ccs\/co-robimy\/","url":"https:\/\/phillipsmedisize.pl\/ccs\/co-robimy\/","name":"Co robimy \u2013 Projekty i produkcja sprz\u0119t\u00f3w medycznych | Phillips-Medisize","isPartOf":{"@id":"https:\/\/phillipsmedisize.pl\/ccs\/#website"},"datePublished":"2021-12-09T17:08:31+00:00","dateModified":"2023-08-07T09:39:02+00:00","description":"Phillips-Medisize projektuje, produkuje oraz wprowadza na rynek innowacyjne produkty dla bran\u017cy ochrony zdrowia.","inLanguage":"pl-PL","potentialAction":[{"@type":"ReadAction","target":["https:\/\/phillipsmedisize.pl\/ccs\/co-robimy\/"]}]},{"@type":"WebSite","@id":"https:\/\/phillipsmedisize.pl\/ccs\/#website","url":"https:\/\/phillipsmedisize.pl\/ccs\/","name":"Campus","description":"Projektowanie i produkcja specjalistycznych sprz\u0119t\u00f3w i narz\u0119dzi medycznych. W Phillips-Medisize k\u0142adziemy ogromny nacisk na zarz\u0105dzanie jako\u015bci\u0105 i ryzykiem.","potentialAction":[{"@type":"SearchAction","target":{"@type":"EntryPoint","urlTemplate":"https:\/\/phillipsmedisize.pl\/ccs\/?s={search_term_string}"},"query-input":"required name=search_term_string"}],"inLanguage":"pl-PL"}]}},"_links":{"self":[{"href":"https:\/\/phillipsmedisize.pl\/ccs\/wp-json\/wp\/v2\/pages\/15"}],"collection":[{"href":"https:\/\/phillipsmedisize.pl\/ccs\/wp-json\/wp\/v2\/pages"}],"about":[{"href":"https:\/\/phillipsmedisize.pl\/ccs\/wp-json\/wp\/v2\/types\/page"}],"author":[{"embeddable":true,"href":"https:\/\/phillipsmedisize.pl\/ccs\/wp-json\/wp\/v2\/users\/1"}],"replies":[{"embeddable":true,"href":"https:\/\/phillipsmedisize.pl\/ccs\/wp-json\/wp\/v2\/comments?post=15"}],"version-history":[{"count":37,"href":"https:\/\/phillipsmedisize.pl\/ccs\/wp-json\/wp\/v2\/pages\/15\/revisions"}],"predecessor-version":[{"id":1013,"href":"https:\/\/phillipsmedisize.pl\/ccs\/wp-json\/wp\/v2\/pages\/15\/revisions\/1013"}],"wp:featuredmedia":[{"embeddable":true,"href":"https:\/\/phillipsmedisize.pl\/ccs\/wp-json\/wp\/v2\/media\/840"}],"wp:attachment":[{"href":"https:\/\/phillipsmedisize.pl\/ccs\/wp-json\/wp\/v2\/media?parent=15"}],"curies":[{"name":"wp","href":"https:\/\/api.w.org\/{rel}","templated":true}]}}