{"id":17,"date":"2021-12-09T18:09:01","date_gmt":"2021-12-09T17:09:01","guid":{"rendered":"https:\/\/phillipsmedisize.pl\/?page_id=17"},"modified":"2023-07-05T13:08:06","modified_gmt":"2023-07-05T11:08:06","slug":"nasza-wizja","status":"publish","type":"page","link":"https:\/\/phillipsmedisize.pl\/ccs\/nasza-wizja\/","title":{"rendered":"Nasza wizja"},"content":{"rendered":"\n<div class=\"wp-block-columns is-layout-flex wp-container-3\">\n<div class=\"wp-block-column is-layout-flow\" style=\"flex-basis:50%\">\n<p><\/p>\n\n\n\n<p><strong>PBM\u2122<\/strong> \u2013 filozofia biznesu opracowana przez Charlesa Kocha ma na celu promowanie kultury umo\u017cliwiaj\u0105cej tworzenie innowacyjnych produkt\u00f3w i dostarczanie us\u0142ug poprawiaj\u0105cych komfort \u017cycia. Zasady PBM\u2122 okre\u015blaj\u0105, kim jeste\u015bmy jako organizacja. Ka\u017cdy pracownik w grupie Koch jest odpowiedzialny za ich przestrzegania ka\u017cdego dnia. To one definiuj\u0105 oraz wzmacniaj\u0105 nasz potencja\u0142.<\/p>\n<\/div>\n\n\n\n<div class=\"wp-block-column is-layout-flow\" style=\"flex-basis:50%\"><div class=\"wp-block-image\">\n<figure class=\"aligncenter size-full\"><img decoding=\"async\" loading=\"lazy\" width=\"233\" height=\"216\" src=\"https:\/\/phillipsmedisize.pl\/ccs\/wp-content\/uploads\/sites\/3\/2022\/01\/MBM-ZDJECIE.jpg\" alt=\"\" class=\"wp-image-295\" \/><\/figure><\/div><\/div>\n<\/div>\n\n\n\n<div class=\"wp-block-columns is-layout-flex wp-container-6\">\n<div class=\"wp-block-column is-layout-flow\" style=\"flex-basis:50%\"><div class=\"wp-block-image\">\n<figure class=\"aligncenter size-full is-resized\"><a href=\"https:\/\/phillipsmedisize.pl\/ccs\/wp-content\/uploads\/sites\/3\/2022\/01\/Guiding-principles-PL.pdf\" target=\"_blank\" rel=\"noopener\"><img decoding=\"async\" loading=\"lazy\" src=\"https:\/\/phillipsmedisize.pl\/ccs\/wp-content\/uploads\/sites\/3\/2021\/12\/8zasad.jpg\" alt=\"\" class=\"wp-image-163\" width=\"330\" height=\"422\" srcset=\"https:\/\/phillipsmedisize.pl\/ccs\/wp-content\/uploads\/sites\/3\/2021\/12\/8zasad.jpg 330w, https:\/\/phillipsmedisize.pl\/ccs\/wp-content\/uploads\/sites\/3\/2021\/12\/8zasad-235x300.jpg 235w\" sizes=\"(max-width: 330px) 100vw, 330px\" \/><\/a><\/figure><\/div><\/div>\n\n\n\n<div class=\"wp-block-column is-layout-flow\" style=\"flex-basis:50%\">\n<h2 class=\"wp-block-heading\"><strong>Nasze warto\u015bci<\/strong><\/h2>\n\n\n\n<p>Zasady PBM\u2122 wzajemnie si\u0119 uzupe\u0142niaj\u0105 i tworz\u0105 drogowskaz pozwalaj\u0105cy nam jeszcze pe\u0142niej realizowa\u0107 nasz\u0105 misj\u0119. Pami\u0119tamy przy tym, \u017ce w centrum naszych wszelkich dzia\u0142a\u0144 zawsze jest cz\u0142owiek i jego dobro.<\/p>\n\n\n\n<p>Filary, na kt\u00f3rych opiera si\u0119 filozofia PBM\u2122, to:<\/p>\n\n\n\n<ul>\n<li>Wizja<\/li>\n\n\n\n<li>Warto\u015bci i Talenty<\/li>\n\n\n\n<li>Wiedza<\/li>\n\n\n\n<li>Przewaga komparatywna<\/li>\n\n\n\n<li>Motywacja<\/li>\n<\/ul>\n<\/div>\n<\/div>\n\n\n\n<div style=\"height:32px\" aria-hidden=\"true\" class=\"wp-block-spacer\"><\/div>\n\n\n\n<h2 class=\"wp-block-heading\"><strong>Wierzymy w transformacyjn\u0105 moc tworzenia synergii<\/strong><\/h2>\n\n\n\n<p>Od 80 lat dobro klienta jest w centrum naszej uwagi. Misj\u0105 Molex CCS jest \u0142\u0105czenie ludzi na ca\u0142ym \u015bwiecie poprzez dostarczanie innowacyjnych produkt\u00f3w i us\u0142ug. Integrujemy zespo\u0142y, technologie i procesy oparte na danych, aby wci\u0105\u017c udoskonala\u0107 nasze us\u0142ugi, dostarczaj\u0105c klientom rozwi\u0105zania skrojone na miar\u0119 ich biznesu i potrzeb. \u0141\u0105cz\u0105c ludzi na ca\u0142ym \u015bwiecie, skupiamy si\u0119 na najwa\u017cniejszych filarach dzia\u0142alno\u015bci:<\/p>\n\n\n\n<ul>\n<li>Transformacji cyklu \u017cycia produktu<\/li>\n\n\n\n<li>Inteligentnym cyfrowym \u0142a\u0144cuchu dostaw<\/li>\n\n\n\n<li>Niezr\u00f3wnanych do\u015bwiadczeniach klient\u00f3w<\/li>\n<\/ul>\n\n\n\n<h2 class=\"wp-block-heading\"><strong>Skalujemy produkcj\u0119 dzi\u0119ki doskona\u0142ej wsp\u00f3\u0142pracy<\/strong><\/h2>\n\n\n\n<p>Wszechstronne mo\u017cliwo\u015bci produkcyjne Molex to zas\u0142uga relacji partnerskich i bazy organizacyjno-technologicznej. W po\u0142\u0105czeniu z rozleg\u0142\u0105 wiedz\u0105 naszego globalnego zespo\u0142u daj\u0105 one gwarancj\u0119 szybkiej i wydajnej produkcji. Jako cz\u0119\u015b\u0107 grupy Koch Industries korzystamy z jej rozwini\u0119tego zaplecza, dzi\u0119ki czemu mo\u017cemy zwi\u0119ksza\u0107 skal\u0119 i tempo produkcji, gdy tylko wymaga tego sytuacja. Koordynacja i harmonizacja ca\u0142o\u015bci dzia\u0142a\u0144 to przyk\u0142ady przewag konkurencyjnych, kt\u00f3re doskonale oddaj\u0105 wszechstronny potencja\u0142 naszej grupy.<\/p>\n\n\n\n<h2 class=\"wp-block-heading\"><strong>Troska o \u015brodowisko naturalne i spo\u0142eczna odpowiedzialno\u015b\u0107 biznesu<\/strong><\/h2>\n\n\n\n<p>Nasze produkty powstaj\u0105 w oparciu o zr\u00f3wnowa\u017cone rozwi\u0105zania i praktyki s\u0142u\u017c\u0105ce ochronie \u015brodowiska. W ramach Grupy Molex funkcjonuje korporacyjna polityka w zakresie ochrony \u015brodowiska i BHP, a wiele zak\u0142ad\u00f3w produkcyjnych posiada certyfikat ISO 14001. Naszym g\u0142\u00f3wnym celem jest wytwarzanie produkt\u00f3w przy jak najmniejszym zu\u017cyciu zasob\u00f3w.<\/p>\n","protected":false},"excerpt":{"rendered":"<p>PBM\u2122 \u2013 filozofia biznesu opracowana przez Charlesa Kocha ma na celu promowanie kultury umo\u017cliwiaj\u0105cej tworzenie innowacyjnych produkt\u00f3w i dostarczanie us\u0142ug poprawiaj\u0105cych komfort \u017cycia. Zasady PBM\u2122 okre\u015blaj\u0105, kim jeste\u015bmy jako organizacja. Ka\u017cdy pracownik w grupie Koch jest odpowiedzialny za ich przestrzegania ka\u017cdego dnia. To one definiuj\u0105 oraz wzmacniaj\u0105 nasz potencja\u0142. Nasze warto\u015bci Zasady PBM\u2122 wzajemnie si\u0119 [&hellip;]<\/p>\n","protected":false},"author":1,"featured_media":0,"parent":0,"menu_order":0,"comment_status":"closed","ping_status":"closed","template":"tpl-page.php","meta":[],"acf":[],"yoast_head":"<!-- This site is optimized with the Yoast SEO plugin v20.5 - https:\/\/yoast.com\/wordpress\/plugins\/seo\/ -->\n<title>Nasza wizja, produkty i bran\u017ce | Phillips-Medisize<\/title>\n<meta name=\"description\" content=\"Phillips-Medisize pe\u0142ni misj\u0119 o \u015bwiatowym zasi\u0119gu. Stawiamy na partnerstwo dla ochrony zdrowia, spo\u0142eczn\u0105 odpowiedzialno\u015b\u0107 biznesu i zr\u00f3wnowa\u017cony rozw\u00f3j.\" \/>\n<meta name=\"robots\" content=\"index, follow, max-snippet:-1, max-image-preview:large, max-video-preview:-1\" \/>\n<link rel=\"canonical\" href=\"https:\/\/phillipsmedisize.pl\/ccs\/nasza-wizja\/\" \/>\n<meta property=\"og:locale\" content=\"pl_PL\" \/>\n<meta property=\"og:type\" content=\"article\" \/>\n<meta property=\"og:title\" content=\"Nasza wizja, produkty i bran\u017ce | Phillips-Medisize\" \/>\n<meta property=\"og:description\" content=\"Phillips-Medisize pe\u0142ni misj\u0119 o \u015bwiatowym zasi\u0119gu. Stawiamy na partnerstwo dla ochrony zdrowia, spo\u0142eczn\u0105 odpowiedzialno\u015b\u0107 biznesu i zr\u00f3wnowa\u017cony rozw\u00f3j.\" \/>\n<meta property=\"og:url\" content=\"https:\/\/phillipsmedisize.pl\/ccs\/nasza-wizja\/\" \/>\n<meta property=\"og:site_name\" content=\"Campus\" \/>\n<meta property=\"article:modified_time\" content=\"2023-07-05T11:08:06+00:00\" \/>\n<meta property=\"og:image\" content=\"https:\/\/phillipsmedisize.pl\/ccs\/wp-content\/uploads\/sites\/3\/2022\/01\/medisize.jpg\" \/>\n\t<meta property=\"og:image:width\" content=\"1200\" \/>\n\t<meta property=\"og:image:height\" content=\"628\" \/>\n\t<meta property=\"og:image:type\" content=\"image\/jpeg\" \/>\n<meta name=\"twitter:card\" content=\"summary_large_image\" \/>\n<meta name=\"twitter:image\" content=\"https:\/\/phillipsmedisize.pl\/ccs\/wp-content\/uploads\/sites\/3\/2022\/01\/medisize.jpg\" \/>\n<meta name=\"twitter:label1\" content=\"Szacowany czas czytania\" \/>\n\t<meta name=\"twitter:data1\" content=\"3 minuty\" \/>\n<script type=\"application\/ld+json\" class=\"yoast-schema-graph\">{\"@context\":\"https:\/\/schema.org\",\"@graph\":[{\"@type\":\"WebPage\",\"@id\":\"https:\/\/phillipsmedisize.pl\/ccs\/nasza-wizja\/\",\"url\":\"https:\/\/phillipsmedisize.pl\/ccs\/nasza-wizja\/\",\"name\":\"Nasza wizja, produkty i bran\u017ce | Phillips-Medisize\",\"isPartOf\":{\"@id\":\"https:\/\/phillipsmedisize.pl\/ccs\/#website\"},\"datePublished\":\"2021-12-09T17:09:01+00:00\",\"dateModified\":\"2023-07-05T11:08:06+00:00\",\"description\":\"Phillips-Medisize pe\u0142ni misj\u0119 o \u015bwiatowym zasi\u0119gu. Stawiamy na partnerstwo dla ochrony zdrowia, spo\u0142eczn\u0105 odpowiedzialno\u015b\u0107 biznesu i zr\u00f3wnowa\u017cony rozw\u00f3j.\",\"inLanguage\":\"pl-PL\",\"potentialAction\":[{\"@type\":\"ReadAction\",\"target\":[\"https:\/\/phillipsmedisize.pl\/ccs\/nasza-wizja\/\"]}]},{\"@type\":\"WebSite\",\"@id\":\"https:\/\/phillipsmedisize.pl\/ccs\/#website\",\"url\":\"https:\/\/phillipsmedisize.pl\/ccs\/\",\"name\":\"Campus\",\"description\":\"Projektowanie i produkcja specjalistycznych sprz\u0119t\u00f3w i narz\u0119dzi medycznych. W Phillips-Medisize k\u0142adziemy ogromny nacisk na zarz\u0105dzanie jako\u015bci\u0105 i ryzykiem.\",\"potentialAction\":[{\"@type\":\"SearchAction\",\"target\":{\"@type\":\"EntryPoint\",\"urlTemplate\":\"https:\/\/phillipsmedisize.pl\/ccs\/?s={search_term_string}\"},\"query-input\":\"required name=search_term_string\"}],\"inLanguage\":\"pl-PL\"}]}<\/script>\n<!-- \/ Yoast SEO plugin. -->","yoast_head_json":{"title":"Nasza wizja, produkty i bran\u017ce | Phillips-Medisize","description":"Phillips-Medisize pe\u0142ni misj\u0119 o \u015bwiatowym zasi\u0119gu. Stawiamy na partnerstwo dla ochrony zdrowia, spo\u0142eczn\u0105 odpowiedzialno\u015b\u0107 biznesu i zr\u00f3wnowa\u017cony rozw\u00f3j.","robots":{"index":"index","follow":"follow","max-snippet":"max-snippet:-1","max-image-preview":"max-image-preview:large","max-video-preview":"max-video-preview:-1"},"canonical":"https:\/\/phillipsmedisize.pl\/ccs\/nasza-wizja\/","og_locale":"pl_PL","og_type":"article","og_title":"Nasza wizja, produkty i bran\u017ce | Phillips-Medisize","og_description":"Phillips-Medisize pe\u0142ni misj\u0119 o \u015bwiatowym zasi\u0119gu. Stawiamy na partnerstwo dla ochrony zdrowia, spo\u0142eczn\u0105 odpowiedzialno\u015b\u0107 biznesu i zr\u00f3wnowa\u017cony rozw\u00f3j.","og_url":"https:\/\/phillipsmedisize.pl\/ccs\/nasza-wizja\/","og_site_name":"Campus","article_modified_time":"2023-07-05T11:08:06+00:00","og_image":[{"width":1200,"height":628,"url":"https:\/\/phillipsmedisize.pl\/ccs\/wp-content\/uploads\/sites\/3\/2022\/01\/medisize.jpg","type":"image\/jpeg"}],"twitter_card":"summary_large_image","twitter_image":"https:\/\/phillipsmedisize.pl\/ccs\/wp-content\/uploads\/sites\/3\/2022\/01\/medisize.jpg","twitter_misc":{"Szacowany czas czytania":"3 minuty"},"schema":{"@context":"https:\/\/schema.org","@graph":[{"@type":"WebPage","@id":"https:\/\/phillipsmedisize.pl\/ccs\/nasza-wizja\/","url":"https:\/\/phillipsmedisize.pl\/ccs\/nasza-wizja\/","name":"Nasza wizja, produkty i bran\u017ce | Phillips-Medisize","isPartOf":{"@id":"https:\/\/phillipsmedisize.pl\/ccs\/#website"},"datePublished":"2021-12-09T17:09:01+00:00","dateModified":"2023-07-05T11:08:06+00:00","description":"Phillips-Medisize pe\u0142ni misj\u0119 o \u015bwiatowym zasi\u0119gu. Stawiamy na partnerstwo dla ochrony zdrowia, spo\u0142eczn\u0105 odpowiedzialno\u015b\u0107 biznesu i zr\u00f3wnowa\u017cony rozw\u00f3j.","inLanguage":"pl-PL","potentialAction":[{"@type":"ReadAction","target":["https:\/\/phillipsmedisize.pl\/ccs\/nasza-wizja\/"]}]},{"@type":"WebSite","@id":"https:\/\/phillipsmedisize.pl\/ccs\/#website","url":"https:\/\/phillipsmedisize.pl\/ccs\/","name":"Campus","description":"Projektowanie i produkcja specjalistycznych sprz\u0119t\u00f3w i narz\u0119dzi medycznych. W Phillips-Medisize k\u0142adziemy ogromny nacisk na zarz\u0105dzanie jako\u015bci\u0105 i ryzykiem.","potentialAction":[{"@type":"SearchAction","target":{"@type":"EntryPoint","urlTemplate":"https:\/\/phillipsmedisize.pl\/ccs\/?s={search_term_string}"},"query-input":"required name=search_term_string"}],"inLanguage":"pl-PL"}]}},"_links":{"self":[{"href":"https:\/\/phillipsmedisize.pl\/ccs\/wp-json\/wp\/v2\/pages\/17"}],"collection":[{"href":"https:\/\/phillipsmedisize.pl\/ccs\/wp-json\/wp\/v2\/pages"}],"about":[{"href":"https:\/\/phillipsmedisize.pl\/ccs\/wp-json\/wp\/v2\/types\/page"}],"author":[{"embeddable":true,"href":"https:\/\/phillipsmedisize.pl\/ccs\/wp-json\/wp\/v2\/users\/1"}],"replies":[{"embeddable":true,"href":"https:\/\/phillipsmedisize.pl\/ccs\/wp-json\/wp\/v2\/comments?post=17"}],"version-history":[{"count":5,"href":"https:\/\/phillipsmedisize.pl\/ccs\/wp-json\/wp\/v2\/pages\/17\/revisions"}],"predecessor-version":[{"id":1012,"href":"https:\/\/phillipsmedisize.pl\/ccs\/wp-json\/wp\/v2\/pages\/17\/revisions\/1012"}],"wp:attachment":[{"href":"https:\/\/phillipsmedisize.pl\/ccs\/wp-json\/wp\/v2\/media?parent=17"}],"curies":[{"name":"wp","href":"https:\/\/api.w.org\/{rel}","templated":true}]}}