{"id":19,"date":"2021-12-09T18:09:32","date_gmt":"2021-12-09T17:09:32","guid":{"rendered":"https:\/\/phillipsmedisize.pl\/?page_id=19"},"modified":"2023-05-25T07:29:47","modified_gmt":"2023-05-25T05:29:47","slug":"faq","status":"publish","type":"page","link":"https:\/\/phillipsmedisize.pl\/ccs\/faq\/","title":{"rendered":"FAQ"},"content":{"rendered":"<div class=\"faq faq_close\">\n    <p class=\"faq__question\">\n        <a class=\"faq__question__open_close_link\">\n            Kim jeste\u015bmy?            <button class=\"faq__question__open_close\"><\/button>\n        <\/a>\n    <\/p>\n    <div class=\"faq__answer\">\n        <p>Firm\u0119 Molex za\u0142o\u017c\u0142 Frederick Krehbiel w 1938 roku w Stanach Zjednoczonych. Nazwa pochodzi od opracowanego przez za\u0142o\u017cyciela termoplastycznego materia\u0142u do formowania. Molex od 80 lat nap\u0119dza innowacje w elektronice, wspieraj\u0105c rozliczne bran\u017ce, w tym mi\u0119dzy innymi automotive, opiek\u0119 zdrowotn\u0105 i transmisj\u0119 danych.<br \/>\nOd 2013 roku firma jest cz\u0119\u015bci\u0105 koncernu Koch Industries. Aktualnie firma zatrudnia ponad 45 000 os\u00f3b w 44 lokalizacjach w 16 krajach. <\/p>\n<p>Kluczowe obszary rozwijane s\u0105 w ramach czterech dywizji:<\/p>\n<p>    1. CCS (Consumer &amp; Commercial Solutions) \u2013 Rozwi\u0105zania dla klient\u00f3w indywidualnych i komercyjnych<br \/>\n    2. TIS (Transportation &amp; Industrial Solutions) \u2013 Rozwi\u0105zania dla transportu i przemys\u0142u<br \/>\n    3. DSS (Datacom &amp; Specialty Solutions) \u2013 Rozwi\u0105zania teleinformatyczne<br \/>\n    4. MPS (Medical &amp; Pharma Solutions) \u2013 Rozwi\u0105zania medyczne i farmaceutyczne<\/p>\n<p><a href=\"\/ccs\/co-robimy\/\">Dowiedz si\u0119 wi\u0119cej<\/a><\/p>\n    <\/div>\n<\/div>\n\n<div class=\"faq faq_close\">\n    <p class=\"faq__question\">\n        <a class=\"faq__question__open_close_link\">\n            Czym zajmuje si\u0119 Molex?            <button class=\"faq__question__open_close\"><\/button>\n        <\/a>\n    <\/p>\n    <div class=\"faq__answer\">\n        <p>Molex jest jednym z kluczowych globalnych producent\u00f3w i dostawc\u00f3w zr\u00f3\u017cnicowanych rozwi\u0105za\u0144 w zakresie po\u0142\u0105cze\u0144 mi\u0119dzysystemowych: konektor\u00f3w, z\u0142\u0105czy i zintegrowanych rozwi\u0105za\u0144 elektromechanicznych. Firma ma w swojej ofercie ponad 100 000 produkt\u00f3w.<br \/>\nMolex oferuje pe\u0142en pakiet rozwi\u0105za\u0144 i us\u0142ug dla wielu rynk\u00f3w, w tym dla bran\u017cy teleinformatycznej, elektroniki u\u017cytkowej, medycznej, przemys\u0142owej, motoryzacyjnej oraz pojazd\u00f3w u\u017cytkowych. <\/p>\n<p><a href=\"\/ccs\/co-robimy\/\">Dowiedz si\u0119 wi\u0119cej<\/a><\/p>\n    <\/div>\n<\/div>\n\n<div class=\"faq faq_close\">\n    <p class=\"faq__question\">\n        <a class=\"faq__question__open_close_link\">\n            Czym zajmuje si\u0119 Molex CCS?            <button class=\"faq__question__open_close\"><\/button>\n        <\/a>\n    <\/p>\n    <div class=\"faq__answer\">\n        <p>Molex CCS to dywizja firmy Molex zorientowana na tworzenie rozwi\u0105za\u0144 dla klient\u00f3w indywidualnych i komercyjnych. Aktualnie firma zatrudnia ponad 6 500 os\u00f3b w 11 lokalizacjach w 8 krajach.<br \/>\nNowy zak\u0142ad produkcyjny zlokalizowany w Siemianowicach \u015al\u0105skich b\u0119dzie m\u00f3g\u0142 wytwarza\u0107 takie produkty jak:<br \/>\n    \u2022 system kontaktowania ogniw akumulatorowych dla producent\u00f3w OEM do magazynowania energii,<br \/>\n    \u2022 cz\u0119\u015bci metalowe do monta\u017cu szyn zbiorczych,<br \/>\n    \u2022 komponent do systemu styku ogniw baterii lub samodzielne gotowe produkty do systemu zarz\u0105dzania bateri\u0105.<\/p>\n<p><a href=\"\/ccs\/co-robimy\/\">Dowiedz si\u0119 wi\u0119cej<\/a><\/p>\n    <\/div>\n<\/div>\n\n<div class=\"faq faq_close\">\n    <p class=\"faq__question\">\n        <a class=\"faq__question__open_close_link\">\n            Jakie s\u0105 nasze warto\u015bci?            <button class=\"faq__question__open_close\"><\/button>\n        <\/a>\n    <\/p>\n    <div class=\"faq__answer\">\n        <p>Odpowiedzialna dzia\u0142alno\u015b\u0107 Molex na rynku mi\u0119dzynarodowym ma solidne fundamenty w postaci filozofii Principle Based Management (PBM\u2122) stworzonej przez Charlesa Kocha. Jej filary to: <\/p>\n<p>\u2022 Wizja<br \/>\n\u2022 Warto\u015bci i Talenty<br \/>\n\u2022 Wiedza<br \/>\n\u2022 Przewaga komparatywna<br \/>\n\u2022 Motywacja   <\/p>\n<p><a href=\"\/ccs\/nasza-wizja\/\">Zapoznaj si\u0119 z wizj\u0105 Molex CCS<\/a><\/p>\n    <\/div>\n<\/div>\n\n<div class=\"faq faq_close\">\n    <p class=\"faq__question\">\n        <a class=\"faq__question__open_close_link\">\n            Jak dbamy o \u015brodowisko naturalne?            <button class=\"faq__question__open_close\"><\/button>\n        <\/a>\n    <\/p>\n    <div class=\"faq__answer\">\n        <p>Firma Molex przestrzega wszystkich przepis\u00f3w, aby chroni\u0107 pracownik\u00f3w, klient\u00f3w, spo\u0142ecze\u0144stwo i \u015brodowisko. W ramach grupy Molex obowi\u0105zuje korporacyjna polityka w zakresie ochrony \u015brodowiska, a wiele zak\u0142ad\u00f3w produkcyjnych posiada certyfikat ISO 14001. Naszym celem jest zwi\u0119kszenie o 15% zar\u00f3wno efektywno\u015bci energetycznej jak i zmniejszenie emisji gaz\u00f3w do 2030 roku.<br \/>\nPodejmujemy dzia\u0142ania na rzecz ograniczania ilo\u015bci odpad\u00f3w, upowszechniania recyklingu, ochrony dzikiej przyrody oraz promocji edukacji ekologicznej.<\/p>\n    <\/div>\n<\/div>\n\n<div class=\"faq faq_close\">\n    <p class=\"faq__question\">\n        <a class=\"faq__question__open_close_link\">\n            Jakie s\u0105 nasze plany w Polsce?            <button class=\"faq__question__open_close\"><\/button>\n        <\/a>\n    <\/p>\n    <div class=\"faq__answer\">\n        <p>Aktualnie prowadzone s\u0105 intensywne dzia\u0142ania zwi\u0105zane budow\u0105 Kampusu Produkcyjnego w Siemianowicach \u015al\u0105skich, kt\u00f3ry b\u0119dzie Europejskim Centrum Produkcyjnym dla Molex \/ Phillips Medisize. Obok zak\u0142adu produkcyjnego Phillips-Medisize powstaje kolejny, tym razem dla Molex CCS. W powstaj\u0105cym zak\u0142adzie zostanie uruchomiony proces produkcyjny, kt\u00f3rego g\u0142\u00f3wnym celem b\u0119dzie realizowanie potrzeb europejskich klient\u00f3w z bran\u017cy motoryzacyjnej (automotive). <\/p>\n    <\/div>\n<\/div>\n\n<div class=\"faq faq_close\">\n    <p class=\"faq__question\">\n        <a class=\"faq__question__open_close_link\">\n            Kogo chcemy zatrudni\u0107?            <button class=\"faq__question__open_close\"><\/button>\n        <\/a>\n    <\/p>\n    <div class=\"faq__answer\">\n        <p>Budujemy zesp\u00f3\u0142 specjalist\u00f3w, kt\u00f3rzy b\u0119d\u0105 pracowa\u0107 w nowoczesnym \u015brodowisku, zgodnym z mi\u0119dzynarodowymi standardami. Poszukujemy wykwalifikowanych pracownik\u00f3w, kt\u00f3rzy prac\u0119 w strukturach Molex b\u0119d\u0105 traktowa\u0107 jak wa\u017cn\u0105 misj\u0119. Stawiamy na kluczowe dla naszej organizacji warto\u015bci takie jak dzielenia si\u0119 wiedz\u0105, podejmowanie wyzwa\u0144 i d\u0105\u017cenie do tworzenia wsp\u00f3\u0142pracuj\u0105cych, zr\u00f3\u017cnicowanych, wysoko wydajnych zespo\u0142\u00f3w.<\/p>\n<p><a href=\"\/ccs\/kariera\">Sprawd\u017a aktualne oferty pracy<\/a><\/p>\n    <\/div>\n<\/div>\n\n<div class=\"faq faq_close\">\n    <p class=\"faq__question\">\n        <a class=\"faq__question__open_close_link\">\n            Jakie benefity oferujemy?            <button class=\"faq__question__open_close\"><\/button>\n        <\/a>\n    <\/p>\n    <div class=\"faq__answer\">\n        <p>Molex CCS oferuje pracownikom atrakcyjne wynagrodzenie, korzystny zestaw benefit\u00f3w oraz szerokie mo\u017cliwo\u015bci rozwoju zawodowego w bran\u017cy automotive. Kompleksowy program rozwoju pracownika jako forma benefitu, stanowi\u0107 nasz wyr\u00f3\u017cnik na polskim rynku pracy. Inwestycje w rozw\u00f3j kompetencji mi\u0119kkich i twardych pozwol\u0105 na nabycie nowych umiej\u0119tno\u015bci zawodowych oraz rozwini\u0119cie osobistego potencja\u0142u.<br \/>\nOgromne znaczenie ma dla nas tak\u017ce work-life balance, b\u0119d\u0105ca istotnym sposobem dbania o zdrowie i dobrostan cz\u0142onk\u00f3w naszego zespo\u0142u. Ponadto dok\u0142adamy wszelkich stara\u0144, by zgodnie z polityk\u0105 diversity wszyscy czuli si\u0119 dobrze w naszej organizacji i byli r\u00f3wno traktowani.<\/p>\n<p><a href=\"\/ccs\/kariera\/\">Dowiedz si\u0119 wi\u0119cej o naszym procesie rekrutacji<\/a><\/p>\n    <\/div>\n<\/div>\n\n<div class=\"faq faq_close\">\n    <p class=\"faq__question\">\n        <a class=\"faq__question__open_close_link\">\n            Jak wygl\u0105da nasz proces rekrutacji?            <button class=\"faq__question__open_close\"><\/button>\n        <\/a>\n    <\/p>\n    <div class=\"faq__answer\">\n        <p>Rekrutacja w Molex podzielona jest na 3 kluczowe etapy:   <\/p>\n<p>    1. Przes\u0142anie CV i weryfikacja dokumentu przez naszych specjalist\u00f3w.<br \/>\n    2. Po pozytywnej weryfikacji, w drugim etapie kandydat zostaje zaproszony na rozmow\u0119 rekrutacyjn\u0105 z udzia\u0142em pracownika dzia\u0142u Talent Solutions. O jej wynikach ka\u017cdy z kandydat\u00f3w zostanie powiadomiony przez opiekuna rekrutacji.<br \/>\n    3. Nast\u0119pnie kandydat odbywa spotkania z udzia\u0142em kierownika dzia\u0142u HR oraz kierownikami dzia\u0142\u00f3w, w celu zweryfikowania kwalifikacji zawodowych.  <\/p>\n<p><a href=\"\/ccs\/kariera\/\">Dowiedz si\u0119 wi\u0119cej o naszym procesie rekrutacji<\/a><\/p>\n    <\/div>\n<\/div>\n\n<div class=\"faq faq_close\">\n    <p class=\"faq__question\">\n        <a class=\"faq__question__open_close_link\">\n            W jaki spos\u00f3b wzi\u0105\u0107 udzia\u0142 w rekrutacji?             <button class=\"faq__question__open_close\"><\/button>\n        <\/a>\n    <\/p>\n    <div class=\"faq__answer\">\n        <p>Zapoznaj si\u0119 z naszymi ofertami pracy dost\u0119pnymi w zak\u0142adce \u201eKariera\u201d i prze\u015blij nam swoje CV na adres email: <a href=\"mailto:rekrutacja@molex.com\">rekrutacja@molex.com<\/a> lub za po\u015brednictwem formularza. Aktualne oferty pracy publikujemy r\u00f3wnie\u017c na naszym profilu na LinkedIn. Wykorzystaj szans\u0119 i do\u0142\u0105cz do zespo\u0142u Molex CCS.<\/p>\n<p><a href=\"https:\/\/phillipsmedisize.pl\/ccs\/kariera\">Sprawd\u017a aktualne oferty pracy<\/a><\/p>\n    <\/div>\n<\/div>","protected":false},"excerpt":{"rendered":"","protected":false},"author":1,"featured_media":0,"parent":0,"menu_order":0,"comment_status":"closed","ping_status":"closed","template":"tpl-page.php","meta":[],"acf":[],"yoast_head":"<!-- This site is optimized with the Yoast SEO plugin v20.5 - https:\/\/yoast.com\/wordpress\/plugins\/seo\/ -->\n<title>FAQ \u2013 najcz\u0119\u015bciej zadawane pytania | Phillips-Medisize<\/title>\n<meta name=\"description\" content=\"Najcz\u0119\u015bciej zadawane pytania i odpowiedzi dotycz\u0105ce dzia\u0142alno\u015bci firmy Phillips-Medisize.\" \/>\n<meta name=\"robots\" content=\"index, follow, max-snippet:-1, max-image-preview:large, max-video-preview:-1\" \/>\n<link rel=\"canonical\" href=\"https:\/\/phillipsmedisize.pl\/ccs\/faq\/\" \/>\n<meta property=\"og:locale\" content=\"pl_PL\" \/>\n<meta property=\"og:type\" content=\"article\" \/>\n<meta property=\"og:title\" content=\"FAQ \u2013 najcz\u0119\u015bciej zadawane pytania | Phillips-Medisize\" \/>\n<meta property=\"og:description\" content=\"Najcz\u0119\u015bciej zadawane pytania i odpowiedzi dotycz\u0105ce dzia\u0142alno\u015bci firmy Phillips-Medisize.\" \/>\n<meta property=\"og:url\" content=\"https:\/\/phillipsmedisize.pl\/ccs\/faq\/\" \/>\n<meta property=\"og:site_name\" content=\"Campus\" \/>\n<meta property=\"article:modified_time\" content=\"2023-05-25T05:29:47+00:00\" \/>\n<meta property=\"og:image\" content=\"https:\/\/phillipsmedisize.pl\/ccs\/wp-content\/uploads\/sites\/3\/2022\/01\/medisize.jpg\" \/>\n\t<meta property=\"og:image:width\" content=\"1200\" \/>\n\t<meta property=\"og:image:height\" content=\"628\" \/>\n\t<meta property=\"og:image:type\" content=\"image\/jpeg\" \/>\n<meta name=\"twitter:card\" content=\"summary_large_image\" \/>\n<meta name=\"twitter:image\" content=\"https:\/\/phillipsmedisize.pl\/ccs\/wp-content\/uploads\/sites\/3\/2022\/01\/medisize.jpg\" \/>\n<script type=\"application\/ld+json\" class=\"yoast-schema-graph\">{\"@context\":\"https:\/\/schema.org\",\"@graph\":[{\"@type\":\"WebPage\",\"@id\":\"https:\/\/phillipsmedisize.pl\/ccs\/faq\/\",\"url\":\"https:\/\/phillipsmedisize.pl\/ccs\/faq\/\",\"name\":\"FAQ \u2013 najcz\u0119\u015bciej zadawane pytania | Phillips-Medisize\",\"isPartOf\":{\"@id\":\"https:\/\/phillipsmedisize.pl\/ccs\/#website\"},\"datePublished\":\"2021-12-09T17:09:32+00:00\",\"dateModified\":\"2023-05-25T05:29:47+00:00\",\"description\":\"Najcz\u0119\u015bciej zadawane pytania i odpowiedzi dotycz\u0105ce dzia\u0142alno\u015bci firmy Phillips-Medisize.\",\"inLanguage\":\"pl-PL\",\"potentialAction\":[{\"@type\":\"ReadAction\",\"target\":[\"https:\/\/phillipsmedisize.pl\/ccs\/faq\/\"]}]},{\"@type\":\"WebSite\",\"@id\":\"https:\/\/phillipsmedisize.pl\/ccs\/#website\",\"url\":\"https:\/\/phillipsmedisize.pl\/ccs\/\",\"name\":\"Campus\",\"description\":\"Projektowanie i produkcja specjalistycznych sprz\u0119t\u00f3w i narz\u0119dzi medycznych. W Phillips-Medisize k\u0142adziemy ogromny nacisk na zarz\u0105dzanie jako\u015bci\u0105 i ryzykiem.\",\"potentialAction\":[{\"@type\":\"SearchAction\",\"target\":{\"@type\":\"EntryPoint\",\"urlTemplate\":\"https:\/\/phillipsmedisize.pl\/ccs\/?s={search_term_string}\"},\"query-input\":\"required name=search_term_string\"}],\"inLanguage\":\"pl-PL\"}]}<\/script>\n<!-- \/ Yoast SEO plugin. -->","yoast_head_json":{"title":"FAQ \u2013 najcz\u0119\u015bciej zadawane pytania | Phillips-Medisize","description":"Najcz\u0119\u015bciej zadawane pytania i odpowiedzi dotycz\u0105ce dzia\u0142alno\u015bci firmy Phillips-Medisize.","robots":{"index":"index","follow":"follow","max-snippet":"max-snippet:-1","max-image-preview":"max-image-preview:large","max-video-preview":"max-video-preview:-1"},"canonical":"https:\/\/phillipsmedisize.pl\/ccs\/faq\/","og_locale":"pl_PL","og_type":"article","og_title":"FAQ \u2013 najcz\u0119\u015bciej zadawane pytania | Phillips-Medisize","og_description":"Najcz\u0119\u015bciej zadawane pytania i odpowiedzi dotycz\u0105ce dzia\u0142alno\u015bci firmy Phillips-Medisize.","og_url":"https:\/\/phillipsmedisize.pl\/ccs\/faq\/","og_site_name":"Campus","article_modified_time":"2023-05-25T05:29:47+00:00","og_image":[{"width":1200,"height":628,"url":"https:\/\/phillipsmedisize.pl\/ccs\/wp-content\/uploads\/sites\/3\/2022\/01\/medisize.jpg","type":"image\/jpeg"}],"twitter_card":"summary_large_image","twitter_image":"https:\/\/phillipsmedisize.pl\/ccs\/wp-content\/uploads\/sites\/3\/2022\/01\/medisize.jpg","schema":{"@context":"https:\/\/schema.org","@graph":[{"@type":"WebPage","@id":"https:\/\/phillipsmedisize.pl\/ccs\/faq\/","url":"https:\/\/phillipsmedisize.pl\/ccs\/faq\/","name":"FAQ \u2013 najcz\u0119\u015bciej zadawane pytania | Phillips-Medisize","isPartOf":{"@id":"https:\/\/phillipsmedisize.pl\/ccs\/#website"},"datePublished":"2021-12-09T17:09:32+00:00","dateModified":"2023-05-25T05:29:47+00:00","description":"Najcz\u0119\u015bciej zadawane pytania i odpowiedzi dotycz\u0105ce dzia\u0142alno\u015bci firmy Phillips-Medisize.","inLanguage":"pl-PL","potentialAction":[{"@type":"ReadAction","target":["https:\/\/phillipsmedisize.pl\/ccs\/faq\/"]}]},{"@type":"WebSite","@id":"https:\/\/phillipsmedisize.pl\/ccs\/#website","url":"https:\/\/phillipsmedisize.pl\/ccs\/","name":"Campus","description":"Projektowanie i produkcja specjalistycznych sprz\u0119t\u00f3w i narz\u0119dzi medycznych. W Phillips-Medisize k\u0142adziemy ogromny nacisk na zarz\u0105dzanie jako\u015bci\u0105 i ryzykiem.","potentialAction":[{"@type":"SearchAction","target":{"@type":"EntryPoint","urlTemplate":"https:\/\/phillipsmedisize.pl\/ccs\/?s={search_term_string}"},"query-input":"required name=search_term_string"}],"inLanguage":"pl-PL"}]}},"_links":{"self":[{"href":"https:\/\/phillipsmedisize.pl\/ccs\/wp-json\/wp\/v2\/pages\/19"}],"collection":[{"href":"https:\/\/phillipsmedisize.pl\/ccs\/wp-json\/wp\/v2\/pages"}],"about":[{"href":"https:\/\/phillipsmedisize.pl\/ccs\/wp-json\/wp\/v2\/types\/page"}],"author":[{"embeddable":true,"href":"https:\/\/phillipsmedisize.pl\/ccs\/wp-json\/wp\/v2\/users\/1"}],"replies":[{"embeddable":true,"href":"https:\/\/phillipsmedisize.pl\/ccs\/wp-json\/wp\/v2\/comments?post=19"}],"version-history":[{"count":11,"href":"https:\/\/phillipsmedisize.pl\/ccs\/wp-json\/wp\/v2\/pages\/19\/revisions"}],"predecessor-version":[{"id":914,"href":"https:\/\/phillipsmedisize.pl\/ccs\/wp-json\/wp\/v2\/pages\/19\/revisions\/914"}],"wp:attachment":[{"href":"https:\/\/phillipsmedisize.pl\/ccs\/wp-json\/wp\/v2\/media?parent=19"}],"curies":[{"name":"wp","href":"https:\/\/api.w.org\/{rel}","templated":true}]}}