{"id":23,"date":"2021-12-09T18:10:46","date_gmt":"2021-12-09T17:10:46","guid":{"rendered":"https:\/\/phillipsmedisize.pl\/?page_id=23"},"modified":"2024-10-22T13:08:13","modified_gmt":"2024-10-22T11:08:13","slug":"kontakt","status":"publish","type":"page","link":"https:\/\/phillipsmedisize.pl\/ccs\/kontakt\/","title":{"rendered":"Kontakt"},"content":{"rendered":"","protected":false},"excerpt":{"rendered":"","protected":false},"author":1,"featured_media":0,"parent":0,"menu_order":0,"comment_status":"closed","ping_status":"closed","template":"tpl-kontakt.php","meta":[],"acf":[],"yoast_head":"<!-- This site is optimized with the Yoast SEO plugin v20.5 - https:\/\/yoast.com\/wordpress\/plugins\/seo\/ -->\n<title>Kontakt | Phillips-Medisize<\/title>\n<meta name=\"description\" content=\"Skontaktuj si\u0119 z Phillips-Medisize. Adres do korespondencji: Phillips-Medisize sp. z o.o.ul. Uniwersytecka 1340-007 Katowice\" \/>\n<meta name=\"robots\" content=\"index, follow, max-snippet:-1, max-image-preview:large, max-video-preview:-1\" \/>\n<link rel=\"canonical\" href=\"https:\/\/phillipsmedisize.pl\/ccs\/kontakt\/\" \/>\n<meta property=\"og:locale\" content=\"pl_PL\" \/>\n<meta property=\"og:type\" content=\"article\" \/>\n<meta property=\"og:title\" content=\"Kontakt | Phillips-Medisize\" \/>\n<meta property=\"og:description\" content=\"Skontaktuj si\u0119 z Phillips-Medisize. Adres do korespondencji: Phillips-Medisize sp. z o.o.ul. Uniwersytecka 1340-007 Katowice\" \/>\n<meta property=\"og:url\" content=\"https:\/\/phillipsmedisize.pl\/ccs\/kontakt\/\" \/>\n<meta property=\"og:site_name\" content=\"Campus\" \/>\n<meta property=\"article:modified_time\" content=\"2024-10-22T11:08:13+00:00\" \/>\n<meta property=\"og:image\" content=\"https:\/\/phillipsmedisize.pl\/ccs\/wp-content\/uploads\/sites\/3\/2022\/01\/medisize.jpg\" \/>\n\t<meta property=\"og:image:width\" content=\"1200\" \/>\n\t<meta property=\"og:image:height\" content=\"628\" \/>\n\t<meta property=\"og:image:type\" content=\"image\/jpeg\" \/>\n<meta name=\"twitter:card\" content=\"summary_large_image\" \/>\n<meta name=\"twitter:image\" content=\"https:\/\/phillipsmedisize.pl\/ccs\/wp-content\/uploads\/sites\/3\/2022\/01\/medisize.jpg\" \/>\n<script type=\"application\/ld+json\" class=\"yoast-schema-graph\">{\"@context\":\"https:\/\/schema.org\",\"@graph\":[{\"@type\":\"WebPage\",\"@id\":\"https:\/\/phillipsmedisize.pl\/ccs\/kontakt\/\",\"url\":\"https:\/\/phillipsmedisize.pl\/ccs\/kontakt\/\",\"name\":\"Kontakt | Phillips-Medisize\",\"isPartOf\":{\"@id\":\"https:\/\/phillipsmedisize.pl\/ccs\/#website\"},\"datePublished\":\"2021-12-09T17:10:46+00:00\",\"dateModified\":\"2024-10-22T11:08:13+00:00\",\"description\":\"Skontaktuj si\u0119 z Phillips-Medisize. Adres do korespondencji: Phillips-Medisize sp. z o.o.ul. Uniwersytecka 1340-007 Katowice\",\"inLanguage\":\"pl-PL\",\"potentialAction\":[{\"@type\":\"ReadAction\",\"target\":[\"https:\/\/phillipsmedisize.pl\/ccs\/kontakt\/\"]}]},{\"@type\":\"WebSite\",\"@id\":\"https:\/\/phillipsmedisize.pl\/ccs\/#website\",\"url\":\"https:\/\/phillipsmedisize.pl\/ccs\/\",\"name\":\"Campus\",\"description\":\"Projektowanie i produkcja specjalistycznych sprz\u0119t\u00f3w i narz\u0119dzi medycznych. W Phillips-Medisize k\u0142adziemy ogromny nacisk na zarz\u0105dzanie jako\u015bci\u0105 i ryzykiem.\",\"potentialAction\":[{\"@type\":\"SearchAction\",\"target\":{\"@type\":\"EntryPoint\",\"urlTemplate\":\"https:\/\/phillipsmedisize.pl\/ccs\/?s={search_term_string}\"},\"query-input\":\"required name=search_term_string\"}],\"inLanguage\":\"pl-PL\"}]}<\/script>\n<!-- \/ Yoast SEO plugin. -->","yoast_head_json":{"title":"Kontakt | Phillips-Medisize","description":"Skontaktuj si\u0119 z Phillips-Medisize. Adres do korespondencji: Phillips-Medisize sp. z o.o.ul. Uniwersytecka 1340-007 Katowice","robots":{"index":"index","follow":"follow","max-snippet":"max-snippet:-1","max-image-preview":"max-image-preview:large","max-video-preview":"max-video-preview:-1"},"canonical":"https:\/\/phillipsmedisize.pl\/ccs\/kontakt\/","og_locale":"pl_PL","og_type":"article","og_title":"Kontakt | Phillips-Medisize","og_description":"Skontaktuj si\u0119 z Phillips-Medisize. Adres do korespondencji: Phillips-Medisize sp. z o.o.ul. Uniwersytecka 1340-007 Katowice","og_url":"https:\/\/phillipsmedisize.pl\/ccs\/kontakt\/","og_site_name":"Campus","article_modified_time":"2024-10-22T11:08:13+00:00","og_image":[{"width":1200,"height":628,"url":"https:\/\/phillipsmedisize.pl\/ccs\/wp-content\/uploads\/sites\/3\/2022\/01\/medisize.jpg","type":"image\/jpeg"}],"twitter_card":"summary_large_image","twitter_image":"https:\/\/phillipsmedisize.pl\/ccs\/wp-content\/uploads\/sites\/3\/2022\/01\/medisize.jpg","schema":{"@context":"https:\/\/schema.org","@graph":[{"@type":"WebPage","@id":"https:\/\/phillipsmedisize.pl\/ccs\/kontakt\/","url":"https:\/\/phillipsmedisize.pl\/ccs\/kontakt\/","name":"Kontakt | Phillips-Medisize","isPartOf":{"@id":"https:\/\/phillipsmedisize.pl\/ccs\/#website"},"datePublished":"2021-12-09T17:10:46+00:00","dateModified":"2024-10-22T11:08:13+00:00","description":"Skontaktuj si\u0119 z Phillips-Medisize. Adres do korespondencji: Phillips-Medisize sp. z o.o.ul. Uniwersytecka 1340-007 Katowice","inLanguage":"pl-PL","potentialAction":[{"@type":"ReadAction","target":["https:\/\/phillipsmedisize.pl\/ccs\/kontakt\/"]}]},{"@type":"WebSite","@id":"https:\/\/phillipsmedisize.pl\/ccs\/#website","url":"https:\/\/phillipsmedisize.pl\/ccs\/","name":"Campus","description":"Projektowanie i produkcja specjalistycznych sprz\u0119t\u00f3w i narz\u0119dzi medycznych. W Phillips-Medisize k\u0142adziemy ogromny nacisk na zarz\u0105dzanie jako\u015bci\u0105 i ryzykiem.","potentialAction":[{"@type":"SearchAction","target":{"@type":"EntryPoint","urlTemplate":"https:\/\/phillipsmedisize.pl\/ccs\/?s={search_term_string}"},"query-input":"required name=search_term_string"}],"inLanguage":"pl-PL"}]}},"_links":{"self":[{"href":"https:\/\/phillipsmedisize.pl\/ccs\/wp-json\/wp\/v2\/pages\/23"}],"collection":[{"href":"https:\/\/phillipsmedisize.pl\/ccs\/wp-json\/wp\/v2\/pages"}],"about":[{"href":"https:\/\/phillipsmedisize.pl\/ccs\/wp-json\/wp\/v2\/types\/page"}],"author":[{"embeddable":true,"href":"https:\/\/phillipsmedisize.pl\/ccs\/wp-json\/wp\/v2\/users\/1"}],"replies":[{"embeddable":true,"href":"https:\/\/phillipsmedisize.pl\/ccs\/wp-json\/wp\/v2\/comments?post=23"}],"version-history":[{"count":3,"href":"https:\/\/phillipsmedisize.pl\/ccs\/wp-json\/wp\/v2\/pages\/23\/revisions"}],"predecessor-version":[{"id":1180,"href":"https:\/\/phillipsmedisize.pl\/ccs\/wp-json\/wp\/v2\/pages\/23\/revisions\/1180"}],"wp:attachment":[{"href":"https:\/\/phillipsmedisize.pl\/ccs\/wp-json\/wp\/v2\/media?parent=23"}],"curies":[{"name":"wp","href":"https:\/\/api.w.org\/{rel}","templated":true}]}}