{"id":364,"date":"2022-02-03T08:47:14","date_gmt":"2022-02-03T07:47:14","guid":{"rendered":"https:\/\/phillipsmedisize.pl\/?page_id=364"},"modified":"2023-07-20T11:00:27","modified_gmt":"2023-07-20T09:00:27","slug":"jaki-jest-charakter-polityki-hr-i-co-jest-jej-celem","status":"publish","type":"page","link":"https:\/\/phillipsmedisize.pl\/ccs\/o-nas\/jaki-jest-charakter-polityki-hr-i-co-jest-jej-celem\/","title":{"rendered":"Jaki jest charakter polityki HR i co jest jej celem?"},"content":{"rendered":"<div class=\"wp-block-image img-fluid\">\n<figure class=\"aligncenter size-full\"><img decoding=\"async\" loading=\"lazy\" width=\"1515\" height=\"597\" src=\"https:\/\/phillipsmedisize.pl\/ccs\/wp-content\/uploads\/sites\/3\/2023\/04\/community-positive.jpg\" alt=\"\" class=\"wp-image-875\" srcset=\"https:\/\/phillipsmedisize.pl\/ccs\/wp-content\/uploads\/sites\/3\/2023\/04\/community-positive.jpg 1515w, https:\/\/phillipsmedisize.pl\/ccs\/wp-content\/uploads\/sites\/3\/2023\/04\/community-positive-300x118.jpg 300w, https:\/\/phillipsmedisize.pl\/ccs\/wp-content\/uploads\/sites\/3\/2023\/04\/community-positive-1024x404.jpg 1024w, https:\/\/phillipsmedisize.pl\/ccs\/wp-content\/uploads\/sites\/3\/2023\/04\/community-positive-768x303.jpg 768w\" sizes=\"(max-width: 1515px) 100vw, 1515px\" \/><\/figure><\/div>\n\n\n<h2 class=\"wp-block-heading\"><strong>Szybki rozw\u00f3j wymaga przemy\u015blanych dzia\u0142a\u0144 w zakresie HR<\/strong><\/h2>\n\n\n\n<p>Chc\u0105c sprosta\u0107 wymaganiom, jakie stawia przed nami globalny rynek i nasi klienci, nieustannie rozwijamy zaplecze produkcyjne, aby jeszcze szybciej wprowadza\u0107 innowacje w zakresie po\u0142\u0105cze\u0144 mi\u0119dzysystemowych i zintegrowanych rozwi\u0105za\u0144 elektromechanicznych.<\/p>\n\n\n\n<p>Inwestycje na rynkach lokalnych wspieraj\u0105 dzia\u0142ania w skali \u015bwiatowej. Jedn\u0105 z takich inwestycji jest powstaj\u0105cy w Siemianowicach \u015al\u0105skich Kampus Produkcyjny, gdzie zostanie uruchomiony proces produkcyjny zwi\u0105zany z systemem zarz\u0105dzania akumulatorami w samochodach elektrycznych (PHEV\/EV).<\/p>\n\n\n\n<p>Wi\u0119cej na temat tego, czym si\u0119 zajmujemy, przeczytasz w zak\u0142adce Co robimy?<\/p>\n\n\n\n<p>W realizacji tak ambitnych plan\u00f3w kluczow\u0105 rol\u0119 odgrywa przemy\u015blana polityka HR, kt\u00f3r\u0105 konsekwentnie stosujemy w ca\u0142ej grupie Koch Industries. Sprawnie zorganizowane procesy rekrutacyjne umo\u017cliwiaj\u0105 nam znalezienie i zatrudnienie najlepszych specjalist\u00f3w na rynku. Nasze dzia\u0142ania maj\u0105 charakter wszechstronny i przebiegaj\u0105 w \u015bci\u015ble okre\u015blonych ramach.<\/p>\n\n\n\n<h2 class=\"wp-block-heading\"><strong>Si\u0119gamy po najlepszych pracownik\u00f3w na rynku<\/strong><\/h2>\n\n\n\n<p>W Molex CCS \u0142\u0105czymy ludzi, tworz\u0105c inteligentniejszy, bezpieczniejszy i lepszy \u015bwiata dla ka\u017cdego z nas. Cel, jaki sobie stawiamy, to bycie preferowanym partnerem dla naszych klient\u00f3w poprzez dostarczanie zr\u00f3\u017cnicowanych rozwi\u0105za\u0144 za pomoc\u0105 \u0142a\u0144cucha dostaw, kt\u00f3ry nieustannie udoskonalamy.<\/p>\n\n\n\n<p>W obszarze human resources najwy\u017cszy priorytet ma pozyskiwanie wykwalifikowanych pracownik\u00f3w, kt\u00f3rzy dzi\u0119ki swojej wiedzy i kompetencjom, wnios\u0105 cenny wk\u0142ad w realizacj\u0119 naszej wizji. Za proces rekrutacji w naszej organizacji odpowiada zesp\u00f3\u0142 HR, przy wsparciu dzia\u0142u Talent Solutions.<\/p>\n\n\n\n<p>Wiemy, \u017ce budowanie i wzmacnianie zespo\u0142u oraz sta\u0142e podnoszenie poziomu kompetencji zawodowych umo\u017cliwia maksymalizacj\u0119 jego potencja\u0142u. Polityka ta wpisuje si\u0119 w warto\u015bci zdefiniowane w filozofii Principle Based Management (PBM\u2122) stworzonej przez Charlesa Kocha.<\/p>\n\n\n\n<h2 class=\"wp-block-heading\"><strong>Realizujemy wszechstronne i r\u00f3\u017cnorodne dzia\u0142ania<\/strong><\/h2>\n\n\n\n<p>Osobom, kt\u00f3re zdecyduj\u0105 si\u0119 wesprze\u0107 Molex CCS swoim do\u015bwiadczeniem, oferujemy liczne benefity, umow\u0119 o prac\u0119, atrakcyjne wynagrodzenie i mo\u017cliwo\u015bci dalszego rozwoju zawodowego. Przywi\u0105zujemy du\u017c\u0105 wag\u0119 do work-life balance, a w polityce zatrudnienia \u2013 do zasad r\u00f3wno\u015bci szans i diversity.<\/p>\n\n\n\n<p>Nasza polityka HR wpisuje si\u0119 w kultur\u0119 Koch Industries, w kt\u00f3rej dominuj\u0105 takie warto\u015bci jak zaanga\u017cowanie, odpowiedzialno\u015b\u0107 czy rozw\u00f3j kompetencji. Nieustannie inwestujemy wi\u0119c w kapita\u0142 ludzki, aby maksymalizowa\u0107 potencja\u0142 pracownik\u00f3w. Dzi\u0119ki temu wzmocni\u0105 nasz globalny zesp\u00f3\u0142, a tak\u017ce zyskaj\u0105 szans\u0119 na rozw\u00f3j w strukturach organizacji.<\/p>\n","protected":false},"excerpt":{"rendered":"<p>Szybki rozw\u00f3j wymaga przemy\u015blanych dzia\u0142a\u0144 w zakresie HR Chc\u0105c sprosta\u0107 wymaganiom, jakie stawia przed nami globalny rynek i nasi klienci, nieustannie rozwijamy zaplecze produkcyjne, aby jeszcze szybciej wprowadza\u0107 innowacje w zakresie po\u0142\u0105cze\u0144 mi\u0119dzysystemowych i zintegrowanych rozwi\u0105za\u0144 elektromechanicznych. Inwestycje na rynkach lokalnych wspieraj\u0105 dzia\u0142ania w skali \u015bwiatowej. Jedn\u0105 z takich inwestycji jest powstaj\u0105cy w Siemianowicach \u015al\u0105skich [&hellip;]<\/p>\n","protected":false},"author":1,"featured_media":875,"parent":13,"menu_order":0,"comment_status":"closed","ping_status":"closed","template":"tpl-page.php","meta":[],"acf":[],"yoast_head":"<!-- This site is optimized with the Yoast SEO plugin v20.5 - https:\/\/yoast.com\/wordpress\/plugins\/seo\/ -->\n<title>Jaki jest charakter polityki HR i co jest jej celem? - Campus<\/title>\n<meta name=\"robots\" content=\"index, follow, max-snippet:-1, max-image-preview:large, max-video-preview:-1\" \/>\n<link rel=\"canonical\" href=\"https:\/\/phillipsmedisize.pl\/ccs\/o-nas\/jaki-jest-charakter-polityki-hr-i-co-jest-jej-celem\/\" \/>\n<meta property=\"og:locale\" content=\"pl_PL\" \/>\n<meta property=\"og:type\" content=\"article\" \/>\n<meta property=\"og:title\" content=\"Jaki jest charakter polityki HR i co jest jej celem? - Campus\" \/>\n<meta property=\"og:description\" content=\"Szybki rozw\u00f3j wymaga przemy\u015blanych dzia\u0142a\u0144 w zakresie HR Chc\u0105c sprosta\u0107 wymaganiom, jakie stawia przed nami globalny rynek i nasi klienci, nieustannie rozwijamy zaplecze produkcyjne, aby jeszcze szybciej wprowadza\u0107 innowacje w zakresie po\u0142\u0105cze\u0144 mi\u0119dzysystemowych i zintegrowanych rozwi\u0105za\u0144 elektromechanicznych. Inwestycje na rynkach lokalnych wspieraj\u0105 dzia\u0142ania w skali \u015bwiatowej. Jedn\u0105 z takich inwestycji jest powstaj\u0105cy w Siemianowicach \u015al\u0105skich [&hellip;]\" \/>\n<meta property=\"og:url\" content=\"https:\/\/phillipsmedisize.pl\/ccs\/o-nas\/jaki-jest-charakter-polityki-hr-i-co-jest-jej-celem\/\" \/>\n<meta property=\"og:site_name\" content=\"Campus\" \/>\n<meta property=\"article:modified_time\" content=\"2023-07-20T09:00:27+00:00\" \/>\n<meta property=\"og:image\" content=\"https:\/\/phillipsmedisize.pl\/ccs\/wp-content\/uploads\/sites\/3\/2023\/04\/community-positive.jpg\" \/>\n\t<meta property=\"og:image:width\" content=\"1515\" \/>\n\t<meta property=\"og:image:height\" content=\"597\" \/>\n\t<meta property=\"og:image:type\" content=\"image\/jpeg\" \/>\n<meta name=\"twitter:card\" content=\"summary_large_image\" \/>\n<meta name=\"twitter:label1\" content=\"Szacowany czas czytania\" \/>\n\t<meta name=\"twitter:data1\" content=\"3 minuty\" \/>\n<script type=\"application\/ld+json\" class=\"yoast-schema-graph\">{\"@context\":\"https:\/\/schema.org\",\"@graph\":[{\"@type\":\"WebPage\",\"@id\":\"https:\/\/phillipsmedisize.pl\/ccs\/o-nas\/jaki-jest-charakter-polityki-hr-i-co-jest-jej-celem\/\",\"url\":\"https:\/\/phillipsmedisize.pl\/ccs\/o-nas\/jaki-jest-charakter-polityki-hr-i-co-jest-jej-celem\/\",\"name\":\"Jaki jest charakter polityki HR i co jest jej celem? - Campus\",\"isPartOf\":{\"@id\":\"https:\/\/phillipsmedisize.pl\/ccs\/#website\"},\"datePublished\":\"2022-02-03T07:47:14+00:00\",\"dateModified\":\"2023-07-20T09:00:27+00:00\",\"breadcrumb\":{\"@id\":\"https:\/\/phillipsmedisize.pl\/ccs\/o-nas\/jaki-jest-charakter-polityki-hr-i-co-jest-jej-celem\/#breadcrumb\"},\"inLanguage\":\"pl-PL\",\"potentialAction\":[{\"@type\":\"ReadAction\",\"target\":[\"https:\/\/phillipsmedisize.pl\/ccs\/o-nas\/jaki-jest-charakter-polityki-hr-i-co-jest-jej-celem\/\"]}]},{\"@type\":\"BreadcrumbList\",\"@id\":\"https:\/\/phillipsmedisize.pl\/ccs\/o-nas\/jaki-jest-charakter-polityki-hr-i-co-jest-jej-celem\/#breadcrumb\",\"itemListElement\":[{\"@type\":\"ListItem\",\"position\":1,\"name\":\"O nas\",\"item\":\"https:\/\/phillipsmedisize.pl\/ccs\/o-nas\/\"},{\"@type\":\"ListItem\",\"position\":2,\"name\":\"Jaki jest charakter polityki HR i co jest jej celem?\"}]},{\"@type\":\"WebSite\",\"@id\":\"https:\/\/phillipsmedisize.pl\/ccs\/#website\",\"url\":\"https:\/\/phillipsmedisize.pl\/ccs\/\",\"name\":\"Campus\",\"description\":\"Projektowanie i produkcja specjalistycznych sprz\u0119t\u00f3w i narz\u0119dzi medycznych. W Phillips-Medisize k\u0142adziemy ogromny nacisk na zarz\u0105dzanie jako\u015bci\u0105 i ryzykiem.\",\"potentialAction\":[{\"@type\":\"SearchAction\",\"target\":{\"@type\":\"EntryPoint\",\"urlTemplate\":\"https:\/\/phillipsmedisize.pl\/ccs\/?s={search_term_string}\"},\"query-input\":\"required name=search_term_string\"}],\"inLanguage\":\"pl-PL\"}]}<\/script>\n<!-- \/ Yoast SEO plugin. -->","yoast_head_json":{"title":"Jaki jest charakter polityki HR i co jest jej celem? - Campus","robots":{"index":"index","follow":"follow","max-snippet":"max-snippet:-1","max-image-preview":"max-image-preview:large","max-video-preview":"max-video-preview:-1"},"canonical":"https:\/\/phillipsmedisize.pl\/ccs\/o-nas\/jaki-jest-charakter-polityki-hr-i-co-jest-jej-celem\/","og_locale":"pl_PL","og_type":"article","og_title":"Jaki jest charakter polityki HR i co jest jej celem? - Campus","og_description":"Szybki rozw\u00f3j wymaga przemy\u015blanych dzia\u0142a\u0144 w zakresie HR Chc\u0105c sprosta\u0107 wymaganiom, jakie stawia przed nami globalny rynek i nasi klienci, nieustannie rozwijamy zaplecze produkcyjne, aby jeszcze szybciej wprowadza\u0107 innowacje w zakresie po\u0142\u0105cze\u0144 mi\u0119dzysystemowych i zintegrowanych rozwi\u0105za\u0144 elektromechanicznych. Inwestycje na rynkach lokalnych wspieraj\u0105 dzia\u0142ania w skali \u015bwiatowej. Jedn\u0105 z takich inwestycji jest powstaj\u0105cy w Siemianowicach \u015al\u0105skich [&hellip;]","og_url":"https:\/\/phillipsmedisize.pl\/ccs\/o-nas\/jaki-jest-charakter-polityki-hr-i-co-jest-jej-celem\/","og_site_name":"Campus","article_modified_time":"2023-07-20T09:00:27+00:00","og_image":[{"width":1515,"height":597,"url":"https:\/\/phillipsmedisize.pl\/ccs\/wp-content\/uploads\/sites\/3\/2023\/04\/community-positive.jpg","type":"image\/jpeg"}],"twitter_card":"summary_large_image","twitter_misc":{"Szacowany czas czytania":"3 minuty"},"schema":{"@context":"https:\/\/schema.org","@graph":[{"@type":"WebPage","@id":"https:\/\/phillipsmedisize.pl\/ccs\/o-nas\/jaki-jest-charakter-polityki-hr-i-co-jest-jej-celem\/","url":"https:\/\/phillipsmedisize.pl\/ccs\/o-nas\/jaki-jest-charakter-polityki-hr-i-co-jest-jej-celem\/","name":"Jaki jest charakter polityki HR i co jest jej celem? - Campus","isPartOf":{"@id":"https:\/\/phillipsmedisize.pl\/ccs\/#website"},"datePublished":"2022-02-03T07:47:14+00:00","dateModified":"2023-07-20T09:00:27+00:00","breadcrumb":{"@id":"https:\/\/phillipsmedisize.pl\/ccs\/o-nas\/jaki-jest-charakter-polityki-hr-i-co-jest-jej-celem\/#breadcrumb"},"inLanguage":"pl-PL","potentialAction":[{"@type":"ReadAction","target":["https:\/\/phillipsmedisize.pl\/ccs\/o-nas\/jaki-jest-charakter-polityki-hr-i-co-jest-jej-celem\/"]}]},{"@type":"BreadcrumbList","@id":"https:\/\/phillipsmedisize.pl\/ccs\/o-nas\/jaki-jest-charakter-polityki-hr-i-co-jest-jej-celem\/#breadcrumb","itemListElement":[{"@type":"ListItem","position":1,"name":"O nas","item":"https:\/\/phillipsmedisize.pl\/ccs\/o-nas\/"},{"@type":"ListItem","position":2,"name":"Jaki jest charakter polityki HR i co jest jej celem?"}]},{"@type":"WebSite","@id":"https:\/\/phillipsmedisize.pl\/ccs\/#website","url":"https:\/\/phillipsmedisize.pl\/ccs\/","name":"Campus","description":"Projektowanie i produkcja specjalistycznych sprz\u0119t\u00f3w i narz\u0119dzi medycznych. W Phillips-Medisize k\u0142adziemy ogromny nacisk na zarz\u0105dzanie jako\u015bci\u0105 i ryzykiem.","potentialAction":[{"@type":"SearchAction","target":{"@type":"EntryPoint","urlTemplate":"https:\/\/phillipsmedisize.pl\/ccs\/?s={search_term_string}"},"query-input":"required name=search_term_string"}],"inLanguage":"pl-PL"}]}},"_links":{"self":[{"href":"https:\/\/phillipsmedisize.pl\/ccs\/wp-json\/wp\/v2\/pages\/364"}],"collection":[{"href":"https:\/\/phillipsmedisize.pl\/ccs\/wp-json\/wp\/v2\/pages"}],"about":[{"href":"https:\/\/phillipsmedisize.pl\/ccs\/wp-json\/wp\/v2\/types\/page"}],"author":[{"embeddable":true,"href":"https:\/\/phillipsmedisize.pl\/ccs\/wp-json\/wp\/v2\/users\/1"}],"replies":[{"embeddable":true,"href":"https:\/\/phillipsmedisize.pl\/ccs\/wp-json\/wp\/v2\/comments?post=364"}],"version-history":[{"count":10,"href":"https:\/\/phillipsmedisize.pl\/ccs\/wp-json\/wp\/v2\/pages\/364\/revisions"}],"predecessor-version":[{"id":998,"href":"https:\/\/phillipsmedisize.pl\/ccs\/wp-json\/wp\/v2\/pages\/364\/revisions\/998"}],"up":[{"embeddable":true,"href":"https:\/\/phillipsmedisize.pl\/ccs\/wp-json\/wp\/v2\/pages\/13"}],"wp:featuredmedia":[{"embeddable":true,"href":"https:\/\/phillipsmedisize.pl\/ccs\/wp-json\/wp\/v2\/media\/875"}],"wp:attachment":[{"href":"https:\/\/phillipsmedisize.pl\/ccs\/wp-json\/wp\/v2\/media?parent=364"}],"curies":[{"name":"wp","href":"https:\/\/api.w.org\/{rel}","templated":true}]}}