{"id":849,"date":"2023-04-27T08:44:34","date_gmt":"2023-04-27T06:44:34","guid":{"rendered":"https:\/\/phillipsmedisize.pl\/ccs\/?page_id=849"},"modified":"2023-07-05T13:11:09","modified_gmt":"2023-07-05T11:11:09","slug":"kluczowa-rola-synergii-w-ramach-globalnej-grupy-koch-industries","status":"publish","type":"page","link":"https:\/\/phillipsmedisize.pl\/ccs\/kluczowa-rola-synergii-w-ramach-globalnej-grupy-koch-industries\/","title":{"rendered":"Kluczowa rola synergii w ramach globalnej grupy Koch Industries"},"content":{"rendered":"\n<figure class=\"wp-block-image size-full\"><img decoding=\"async\" loading=\"lazy\" width=\"1515\" height=\"597\" src=\"https:\/\/phillipsmedisize.pl\/ccs\/wp-content\/uploads\/sites\/3\/2023\/04\/man-repairing.jpg\" alt=\"\" class=\"wp-image-850\" srcset=\"https:\/\/phillipsmedisize.pl\/ccs\/wp-content\/uploads\/sites\/3\/2023\/04\/man-repairing.jpg 1515w, https:\/\/phillipsmedisize.pl\/ccs\/wp-content\/uploads\/sites\/3\/2023\/04\/man-repairing-300x118.jpg 300w, https:\/\/phillipsmedisize.pl\/ccs\/wp-content\/uploads\/sites\/3\/2023\/04\/man-repairing-1024x404.jpg 1024w, https:\/\/phillipsmedisize.pl\/ccs\/wp-content\/uploads\/sites\/3\/2023\/04\/man-repairing-768x303.jpg 768w\" sizes=\"(max-width: 1515px) 100vw, 1515px\" \/><\/figure>\n\n\n\n<h2 class=\"wp-block-heading\">Synergia w grupie Koch Industries<\/h2>\n\n\n\n<p>Molex jest jednym z najwa\u017cniejszych na \u015bwiecie producent\u00f3w rozwi\u0105za\u0144 po\u0142\u0105cze\u0144 elektronicznych i \u015bwiat\u0142owodowych.<\/p>\n\n\n\n<p>Zak\u0142ad Molex CCS budowany w Siemianowicach \u015al\u0105skich, kt\u00f3ry b\u0119dzie funkcjonowa\u0142 pod logiem Phillips Medisize Poland, tworz\u0105c Kampus Produkcyjny Phillips Medisize \/ Molex, staje si\u0119 kolejnym z element\u00f3w wzmacniaj\u0105cych t\u0119 globaln\u0105 struktur\u0119 i zwi\u0119kszaj\u0105c\u0105 mo\u017cliwo\u015bci produkcyjne. Proces rozwoju zwi\u0105zany jest z ogromnym przyspieszeniem tempa elektryfikacji bran\u017cy automotive oraz konieczno\u015bci\u0105 \u015bwiadomej dywersyfikacji i skr\u00f3cenia \u0142a\u0144cuch\u00f3w dostaw w ca\u0142ej bran\u017cy. Z tego te\u017c powodu kluczowego znaczenia nabiera synergia w ramach globalnej grupy Koch Industries.<\/p>\n\n\n\n<p>Molex CCS nale\u017c\u0105cy do Koch Industries mo\u017ce realizowa\u0107 ambitne projekty na rynku automotive. Dzia\u0142aj\u0105ca na partnerskich zasadach, dobrze zintegrowana struktura, pozwala sprosta\u0107 wyzwaniom takim jak konieczno\u015b\u0107 szybkiego reagowania na rosn\u0105ce potrzeby rynku, przy jednoczesnej gwarancji utrzymania niezb\u0119dnej jako\u015bci. Dzi\u0119ki synergii Molex CCS mo\u017ce zwi\u0119ksza\u0107 produkcj\u0119, zmniejsza\u0107 ryzyko dla klient\u00f3w i szybciej wprowadza\u0107 produkty na rynek. Model dzia\u0142ania umo\u017cliwia zaspokajanie potrzeb klient\u00f3w na ca\u0142ym \u015bwiecie.<\/p>\n\n\n\n<h2 class=\"wp-block-heading\">Globalny potencja\u0142 produkcyjny<\/h2>\n\n\n\n<p>Synergia mi\u0119dzy sp\u00f3\u0142kami grupy Koch Industries zapewnia odpowiedni\u0105 skal\u0119 dzia\u0142a\u0144, podnosi poziom innowacyjno\u015bci i umo\u017cliwia eliminowanie problem\u00f3w zwi\u0105zanych z procesem rozwoju produkt\u00f3w. Molex CCS korzysta z mo\u017cliwo\u015bci technologicznych ca\u0142ej grupy. Potencja\u0142 w postaci globalnych mocy produkcyjnych umo\u017cliwia szybkie skalowanie produkcji i dotrzymanie termin\u00f3w realizacji nawet najbardziej wymagaj\u0105cych zlece\u0144.<\/p>\n\n\n\n<h2 class=\"wp-block-heading\">Skoordynowana i skuteczna wsp\u00f3\u0142praca<\/h2>\n\n\n\n<p>Sp\u00f3\u0142ki grupy Koch Industries \u0142\u0105cz\u0105 w sobie potencja\u0142 technologiczny oraz kultur\u0119 organizacyjn\u0105. Jeste\u015bmy zorientowani na sta\u0142\u0105 wsp\u00f3\u0142prac\u0119, kt\u00f3ra gwarantuje wydajno\u015b\u0107, jako\u015b\u0107 i szybko\u015b\u0107 produkcji oraz sprawno\u015b\u0107 dzia\u0142ania. \u0179r\u00f3d\u0142o naszej si\u0142y stanowi po\u0142\u0105czenie gromadzonego i stale rozwijanego know-how z nowoczesnym zapleczem produkcyjno-badawczym. Nastawienie na innowacyjno\u015b\u0107 pozwala osi\u0105ga\u0107 nam sukcesy na globalnym rynku w warunkach ostrej konkurencji.<\/p>\n\n\n\n<p>Dzi\u0119ki synergii sprawnie wprowadzamy nowe produkty na rynek, niezale\u017cnie od tego, czy s\u0105 to produkty gotowe, czy komponenty. Dostarczamy je bezpo\u015brednio do odbiorc\u00f3w albo sprzedajemy je innemu podmiotowi w ramach grupy Molex, kt\u00f3ry nast\u0119pnie odsprzedaje produkty klientom ko\u0144cowym. Koordynacja i harmonizacja ca\u0142o\u015bci dzia\u0142a\u0144 to przyk\u0142ady przewag konkurencyjnych ca\u0142ej grupy Koch Industries. Z tego wszechstronnego potencja\u0142u korzysta\u0107 b\u0119dzie tak\u017ce sp\u00f3\u0142ka Molex CCS w Siemianowicach \u015al\u0105skich.<\/p>\n","protected":false},"excerpt":{"rendered":"<p>Synergia w grupie Koch Industries Molex jest jednym z najwa\u017cniejszych na \u015bwiecie producent\u00f3w rozwi\u0105za\u0144 po\u0142\u0105cze\u0144 elektronicznych i \u015bwiat\u0142owodowych. Zak\u0142ad Molex CCS budowany w Siemianowicach \u015al\u0105skich, kt\u00f3ry b\u0119dzie funkcjonowa\u0142 pod logiem Phillips Medisize Poland, tworz\u0105c Kampus Produkcyjny Phillips Medisize \/ Molex, staje si\u0119 kolejnym z element\u00f3w wzmacniaj\u0105cych t\u0119 globaln\u0105 struktur\u0119 i zwi\u0119kszaj\u0105c\u0105 mo\u017cliwo\u015bci produkcyjne. Proces rozwoju [&hellip;]<\/p>\n","protected":false},"author":1,"featured_media":840,"parent":0,"menu_order":0,"comment_status":"closed","ping_status":"closed","template":"tpl-page.php","meta":[],"acf":[],"yoast_head":"<!-- This site is optimized with the Yoast SEO plugin v20.5 - https:\/\/yoast.com\/wordpress\/plugins\/seo\/ -->\n<title>Kluczowa rola synergii w ramach globalnej grupy Koch Industries - Campus<\/title>\n<meta name=\"robots\" content=\"index, follow, max-snippet:-1, max-image-preview:large, max-video-preview:-1\" \/>\n<link rel=\"canonical\" href=\"https:\/\/phillipsmedisize.pl\/ccs\/kluczowa-rola-synergii-w-ramach-globalnej-grupy-koch-industries\/\" \/>\n<meta property=\"og:locale\" content=\"pl_PL\" \/>\n<meta property=\"og:type\" content=\"article\" \/>\n<meta property=\"og:title\" content=\"Kluczowa rola synergii w ramach globalnej grupy Koch Industries - Campus\" \/>\n<meta property=\"og:description\" content=\"Synergia w grupie Koch Industries Molex jest jednym z najwa\u017cniejszych na \u015bwiecie producent\u00f3w rozwi\u0105za\u0144 po\u0142\u0105cze\u0144 elektronicznych i \u015bwiat\u0142owodowych. Zak\u0142ad Molex CCS budowany w Siemianowicach \u015al\u0105skich, kt\u00f3ry b\u0119dzie funkcjonowa\u0142 pod logiem Phillips Medisize Poland, tworz\u0105c Kampus Produkcyjny Phillips Medisize \/ Molex, staje si\u0119 kolejnym z element\u00f3w wzmacniaj\u0105cych t\u0119 globaln\u0105 struktur\u0119 i zwi\u0119kszaj\u0105c\u0105 mo\u017cliwo\u015bci produkcyjne. Proces rozwoju [&hellip;]\" \/>\n<meta property=\"og:url\" content=\"https:\/\/phillipsmedisize.pl\/ccs\/kluczowa-rola-synergii-w-ramach-globalnej-grupy-koch-industries\/\" \/>\n<meta property=\"og:site_name\" content=\"Campus\" \/>\n<meta property=\"article:modified_time\" content=\"2023-07-05T11:11:09+00:00\" \/>\n<meta property=\"og:image\" content=\"https:\/\/phillipsmedisize.pl\/ccs\/wp-content\/uploads\/sites\/3\/2023\/04\/man-repairing-circuit-board-laptop.jpg\" \/>\n\t<meta property=\"og:image:width\" content=\"738\" \/>\n\t<meta property=\"og:image:height\" content=\"597\" \/>\n\t<meta property=\"og:image:type\" content=\"image\/jpeg\" \/>\n<meta name=\"twitter:card\" content=\"summary_large_image\" \/>\n<meta name=\"twitter:label1\" content=\"Szacowany czas czytania\" \/>\n\t<meta name=\"twitter:data1\" content=\"3 minuty\" \/>\n<script type=\"application\/ld+json\" class=\"yoast-schema-graph\">{\"@context\":\"https:\/\/schema.org\",\"@graph\":[{\"@type\":\"WebPage\",\"@id\":\"https:\/\/phillipsmedisize.pl\/ccs\/kluczowa-rola-synergii-w-ramach-globalnej-grupy-koch-industries\/\",\"url\":\"https:\/\/phillipsmedisize.pl\/ccs\/kluczowa-rola-synergii-w-ramach-globalnej-grupy-koch-industries\/\",\"name\":\"Kluczowa rola synergii w ramach globalnej grupy Koch Industries - Campus\",\"isPartOf\":{\"@id\":\"https:\/\/phillipsmedisize.pl\/ccs\/#website\"},\"datePublished\":\"2023-04-27T06:44:34+00:00\",\"dateModified\":\"2023-07-05T11:11:09+00:00\",\"inLanguage\":\"pl-PL\",\"potentialAction\":[{\"@type\":\"ReadAction\",\"target\":[\"https:\/\/phillipsmedisize.pl\/ccs\/kluczowa-rola-synergii-w-ramach-globalnej-grupy-koch-industries\/\"]}]},{\"@type\":\"WebSite\",\"@id\":\"https:\/\/phillipsmedisize.pl\/ccs\/#website\",\"url\":\"https:\/\/phillipsmedisize.pl\/ccs\/\",\"name\":\"Campus\",\"description\":\"Projektowanie i produkcja specjalistycznych sprz\u0119t\u00f3w i narz\u0119dzi medycznych. W Phillips-Medisize k\u0142adziemy ogromny nacisk na zarz\u0105dzanie jako\u015bci\u0105 i ryzykiem.\",\"potentialAction\":[{\"@type\":\"SearchAction\",\"target\":{\"@type\":\"EntryPoint\",\"urlTemplate\":\"https:\/\/phillipsmedisize.pl\/ccs\/?s={search_term_string}\"},\"query-input\":\"required name=search_term_string\"}],\"inLanguage\":\"pl-PL\"}]}<\/script>\n<!-- \/ Yoast SEO plugin. -->","yoast_head_json":{"title":"Kluczowa rola synergii w ramach globalnej grupy Koch Industries - Campus","robots":{"index":"index","follow":"follow","max-snippet":"max-snippet:-1","max-image-preview":"max-image-preview:large","max-video-preview":"max-video-preview:-1"},"canonical":"https:\/\/phillipsmedisize.pl\/ccs\/kluczowa-rola-synergii-w-ramach-globalnej-grupy-koch-industries\/","og_locale":"pl_PL","og_type":"article","og_title":"Kluczowa rola synergii w ramach globalnej grupy Koch Industries - Campus","og_description":"Synergia w grupie Koch Industries Molex jest jednym z najwa\u017cniejszych na \u015bwiecie producent\u00f3w rozwi\u0105za\u0144 po\u0142\u0105cze\u0144 elektronicznych i \u015bwiat\u0142owodowych. Zak\u0142ad Molex CCS budowany w Siemianowicach \u015al\u0105skich, kt\u00f3ry b\u0119dzie funkcjonowa\u0142 pod logiem Phillips Medisize Poland, tworz\u0105c Kampus Produkcyjny Phillips Medisize \/ Molex, staje si\u0119 kolejnym z element\u00f3w wzmacniaj\u0105cych t\u0119 globaln\u0105 struktur\u0119 i zwi\u0119kszaj\u0105c\u0105 mo\u017cliwo\u015bci produkcyjne. Proces rozwoju [&hellip;]","og_url":"https:\/\/phillipsmedisize.pl\/ccs\/kluczowa-rola-synergii-w-ramach-globalnej-grupy-koch-industries\/","og_site_name":"Campus","article_modified_time":"2023-07-05T11:11:09+00:00","og_image":[{"width":738,"height":597,"url":"https:\/\/phillipsmedisize.pl\/ccs\/wp-content\/uploads\/sites\/3\/2023\/04\/man-repairing-circuit-board-laptop.jpg","type":"image\/jpeg"}],"twitter_card":"summary_large_image","twitter_misc":{"Szacowany czas czytania":"3 minuty"},"schema":{"@context":"https:\/\/schema.org","@graph":[{"@type":"WebPage","@id":"https:\/\/phillipsmedisize.pl\/ccs\/kluczowa-rola-synergii-w-ramach-globalnej-grupy-koch-industries\/","url":"https:\/\/phillipsmedisize.pl\/ccs\/kluczowa-rola-synergii-w-ramach-globalnej-grupy-koch-industries\/","name":"Kluczowa rola synergii w ramach globalnej grupy Koch Industries - Campus","isPartOf":{"@id":"https:\/\/phillipsmedisize.pl\/ccs\/#website"},"datePublished":"2023-04-27T06:44:34+00:00","dateModified":"2023-07-05T11:11:09+00:00","inLanguage":"pl-PL","potentialAction":[{"@type":"ReadAction","target":["https:\/\/phillipsmedisize.pl\/ccs\/kluczowa-rola-synergii-w-ramach-globalnej-grupy-koch-industries\/"]}]},{"@type":"WebSite","@id":"https:\/\/phillipsmedisize.pl\/ccs\/#website","url":"https:\/\/phillipsmedisize.pl\/ccs\/","name":"Campus","description":"Projektowanie i produkcja specjalistycznych sprz\u0119t\u00f3w i narz\u0119dzi medycznych. W Phillips-Medisize k\u0142adziemy ogromny nacisk na zarz\u0105dzanie jako\u015bci\u0105 i ryzykiem.","potentialAction":[{"@type":"SearchAction","target":{"@type":"EntryPoint","urlTemplate":"https:\/\/phillipsmedisize.pl\/ccs\/?s={search_term_string}"},"query-input":"required name=search_term_string"}],"inLanguage":"pl-PL"}]}},"_links":{"self":[{"href":"https:\/\/phillipsmedisize.pl\/ccs\/wp-json\/wp\/v2\/pages\/849"}],"collection":[{"href":"https:\/\/phillipsmedisize.pl\/ccs\/wp-json\/wp\/v2\/pages"}],"about":[{"href":"https:\/\/phillipsmedisize.pl\/ccs\/wp-json\/wp\/v2\/types\/page"}],"author":[{"embeddable":true,"href":"https:\/\/phillipsmedisize.pl\/ccs\/wp-json\/wp\/v2\/users\/1"}],"replies":[{"embeddable":true,"href":"https:\/\/phillipsmedisize.pl\/ccs\/wp-json\/wp\/v2\/comments?post=849"}],"version-history":[{"count":7,"href":"https:\/\/phillipsmedisize.pl\/ccs\/wp-json\/wp\/v2\/pages\/849\/revisions"}],"predecessor-version":[{"id":984,"href":"https:\/\/phillipsmedisize.pl\/ccs\/wp-json\/wp\/v2\/pages\/849\/revisions\/984"}],"wp:featuredmedia":[{"embeddable":true,"href":"https:\/\/phillipsmedisize.pl\/ccs\/wp-json\/wp\/v2\/media\/840"}],"wp:attachment":[{"href":"https:\/\/phillipsmedisize.pl\/ccs\/wp-json\/wp\/v2\/media?parent=849"}],"curies":[{"name":"wp","href":"https:\/\/api.w.org\/{rel}","templated":true}]}}