{"id":313,"date":"2022-01-27T08:42:38","date_gmt":"2022-01-27T07:42:38","guid":{"rendered":"https:\/\/phillipsmedisize.pl\/?page_id=313"},"modified":"2023-12-07T08:58:31","modified_gmt":"2023-12-07T07:58:31","slug":"kalendarium-wydarzen","status":"publish","type":"page","link":"https:\/\/phillipsmedisize.pl\/phillips\/kalendarium-wydarzen\/","title":{"rendered":"Kalendarium wydarze\u0144 Phillips-Medisize Poland Sp. z o.o."},"content":{"rendered":"\n<div class=\"histbox\" id=\"\">\n    <div class=\"histbox__date\">\n        <p> <\/p>\n    <\/div>\n    <div class=\"histbox__description\">\n        <div class=\"histbox__story\">\n            <p> <video controls><source src='http:\/\/phillipsmedisize.pl\/wp-content\/themes\/extends\/assets\/video\/STV%20Flash%20-%2017_02_23.MP4' type='video\/mp4'>Your browser does not support the video tag.<\/video> <\/p>\n        <\/div>\n            <\/div>\n<\/div>\n\r\n\r\n\n<div class=\"histbox\" id=\"2023\">\n    <div class=\"histbox__date\">\n        <p>2023<\/p>\n    <\/div>\n    <div class=\"histbox__description\">\n        <div class=\"histbox__story\">\n            <p>listopad<br \/>\n<b>Uroczyste otwarcie fabryki <\/b><\/p>\n        <\/div>\n                    <div class=\"histbox__image\">\n                <img width=\"1200\" height=\"800\" src=\"https:\/\/phillipsmedisize.pl\/phillips\/wp-content\/uploads\/sites\/2\/2023\/12\/R61_0795-Przemyslaw-Szklarski.jpg\" class=\"attachment-full size-full\" alt=\"\" decoding=\"async\" loading=\"lazy\" srcset=\"https:\/\/phillipsmedisize.pl\/phillips\/wp-content\/uploads\/sites\/2\/2023\/12\/R61_0795-Przemyslaw-Szklarski.jpg 1200w, https:\/\/phillipsmedisize.pl\/phillips\/wp-content\/uploads\/sites\/2\/2023\/12\/R61_0795-Przemyslaw-Szklarski-300x200.jpg 300w, https:\/\/phillipsmedisize.pl\/phillips\/wp-content\/uploads\/sites\/2\/2023\/12\/R61_0795-Przemyslaw-Szklarski-1024x683.jpg 1024w, https:\/\/phillipsmedisize.pl\/phillips\/wp-content\/uploads\/sites\/2\/2023\/12\/R61_0795-Przemyslaw-Szklarski-768x512.jpg 768w\" sizes=\"(max-width: 1200px) 100vw, 1200px\" \/>            <\/div>    \n            <\/div>\n<\/div>\n\r\n\r\n\n<div class=\"histbox\" id=\"2023\">\n    <div class=\"histbox__date\">\n        <p>2023<\/p>\n    <\/div>\n    <div class=\"histbox__description\">\n        <div class=\"histbox__story\">\n            <p>pa\u017adziernik<br \/>\n <b>Najnowsza ods\u0142ona naszej inwestycji (budynek nr 1) <\/b><\/p>\n        <\/div>\n                    <div class=\"histbox__image\">\n                <img width=\"1500\" height=\"1000\" src=\"https:\/\/phillipsmedisize.pl\/phillips\/wp-content\/uploads\/sites\/2\/2023\/10\/zdjecie_budynku.jpg\" class=\"attachment-full size-full\" alt=\"\" decoding=\"async\" loading=\"lazy\" srcset=\"https:\/\/phillipsmedisize.pl\/phillips\/wp-content\/uploads\/sites\/2\/2023\/10\/zdjecie_budynku.jpg 1500w, https:\/\/phillipsmedisize.pl\/phillips\/wp-content\/uploads\/sites\/2\/2023\/10\/zdjecie_budynku-300x200.jpg 300w, https:\/\/phillipsmedisize.pl\/phillips\/wp-content\/uploads\/sites\/2\/2023\/10\/zdjecie_budynku-1024x683.jpg 1024w, https:\/\/phillipsmedisize.pl\/phillips\/wp-content\/uploads\/sites\/2\/2023\/10\/zdjecie_budynku-768x512.jpg 768w\" sizes=\"(max-width: 1500px) 100vw, 1500px\" \/>            <\/div>    \n            <\/div>\n<\/div>\n\r\n\r\n\n<div class=\"histbox\" id=\"2023\">\n    <div class=\"histbox__date\">\n        <p>2023<\/p>\n    <\/div>\n    <div class=\"histbox__description\">\n        <div class=\"histbox__story\">\n            <p>sierpie\u0144<br \/>\n<b> Oddanie do u\u017cytku budynku nr 1 <\/b><\/p>\n        <\/div>\n                    <div class=\"histbox__image\">\n                <img width=\"1500\" height=\"1001\" src=\"https:\/\/phillipsmedisize.pl\/phillips\/wp-content\/uploads\/sites\/2\/2023\/09\/Phillips_budynek.jpeg\" class=\"attachment-full size-full\" alt=\"\" decoding=\"async\" loading=\"lazy\" srcset=\"https:\/\/phillipsmedisize.pl\/phillips\/wp-content\/uploads\/sites\/2\/2023\/09\/Phillips_budynek.jpeg 1500w, https:\/\/phillipsmedisize.pl\/phillips\/wp-content\/uploads\/sites\/2\/2023\/09\/Phillips_budynek-300x200.jpeg 300w, https:\/\/phillipsmedisize.pl\/phillips\/wp-content\/uploads\/sites\/2\/2023\/09\/Phillips_budynek-1024x683.jpeg 1024w, https:\/\/phillipsmedisize.pl\/phillips\/wp-content\/uploads\/sites\/2\/2023\/09\/Phillips_budynek-768x513.jpeg 768w\" sizes=\"(max-width: 1500px) 100vw, 1500px\" \/>            <\/div>    \n            <\/div>\n<\/div>\n\r\n\r\n\n\r\n\r\n\n<div class=\"histbox\" id=\"2023\">\n    <div class=\"histbox__date\">\n        <p>2023<\/p>\n    <\/div>\n    <div class=\"histbox__description\">\n        <div class=\"histbox__story\">\n            <p>maj<br \/>\n<b> Finalizacja fasady budynku nr 1 <\/b><\/p>\n        <\/div>\n                    <div class=\"histbox__image\">\n                <img width=\"960\" height=\"432\" src=\"https:\/\/phillipsmedisize.pl\/phillips\/wp-content\/uploads\/sites\/2\/2023\/07\/MicrosoftTeams-image-8.jpg\" class=\"attachment-full size-full\" alt=\"\" decoding=\"async\" loading=\"lazy\" srcset=\"https:\/\/phillipsmedisize.pl\/phillips\/wp-content\/uploads\/sites\/2\/2023\/07\/MicrosoftTeams-image-8.jpg 960w, https:\/\/phillipsmedisize.pl\/phillips\/wp-content\/uploads\/sites\/2\/2023\/07\/MicrosoftTeams-image-8-300x135.jpg 300w, https:\/\/phillipsmedisize.pl\/phillips\/wp-content\/uploads\/sites\/2\/2023\/07\/MicrosoftTeams-image-8-768x346.jpg 768w\" sizes=\"(max-width: 960px) 100vw, 960px\" \/>            <\/div>    \n            <\/div>\n<\/div>\n\r\n\r\n\n<div class=\"histbox\" id=\"2023\">\n    <div class=\"histbox__date\">\n        <p>2023<\/p>\n    <\/div>\n    <div class=\"histbox__description\">\n        <div class=\"histbox__story\">\n            <p>luty<br \/>\n<b> Zamkni\u0119cie budynku nr 1 (Phillips Medisize Poland) i postawienie filar\u00f3w pod budynek nr 2 (Molex CCS) <\/b><\/p>\n        <\/div>\n                    <div class=\"histbox__image\">\n                <img width=\"1920\" height=\"1117\" src=\"https:\/\/phillipsmedisize.pl\/phillips\/wp-content\/uploads\/sites\/2\/2023\/02\/DJI_0930-2.jpg\" class=\"attachment-full size-full\" alt=\"Kampus Phillips-Medisize\" decoding=\"async\" loading=\"lazy\" srcset=\"https:\/\/phillipsmedisize.pl\/phillips\/wp-content\/uploads\/sites\/2\/2023\/02\/DJI_0930-2.jpg 1920w, https:\/\/phillipsmedisize.pl\/phillips\/wp-content\/uploads\/sites\/2\/2023\/02\/DJI_0930-2-300x175.jpg 300w, https:\/\/phillipsmedisize.pl\/phillips\/wp-content\/uploads\/sites\/2\/2023\/02\/DJI_0930-2-1024x596.jpg 1024w, https:\/\/phillipsmedisize.pl\/phillips\/wp-content\/uploads\/sites\/2\/2023\/02\/DJI_0930-2-768x447.jpg 768w, https:\/\/phillipsmedisize.pl\/phillips\/wp-content\/uploads\/sites\/2\/2023\/02\/DJI_0930-2-1536x894.jpg 1536w\" sizes=\"(max-width: 1920px) 100vw, 1920px\" \/>            <\/div>    \n            <\/div>\n<\/div>\n\r\n\r\n\n\r\n\r\n\n<div class=\"histbox\" id=\"2022\">\n    <div class=\"histbox__date\">\n        <p>2022<\/p>\n    <\/div>\n    <div class=\"histbox__description\">\n        <div class=\"histbox__story\">\n            <p>grudzie\u0144<br \/>\n<b> Zamkn\u0119li\u015bmy budynek nr 1 <\/b><\/p>\n        <\/div>\n                    <div class=\"histbox__image\">\n                <img width=\"1920\" height=\"1440\" src=\"https:\/\/phillipsmedisize.pl\/phillips\/wp-content\/uploads\/sites\/2\/2022\/12\/Phillips-Medisize-budynke-1.jpg\" class=\"attachment-full size-full\" alt=\"\" decoding=\"async\" loading=\"lazy\" srcset=\"https:\/\/phillipsmedisize.pl\/phillips\/wp-content\/uploads\/sites\/2\/2022\/12\/Phillips-Medisize-budynke-1.jpg 1920w, https:\/\/phillipsmedisize.pl\/phillips\/wp-content\/uploads\/sites\/2\/2022\/12\/Phillips-Medisize-budynke-1-300x225.jpg 300w, https:\/\/phillipsmedisize.pl\/phillips\/wp-content\/uploads\/sites\/2\/2022\/12\/Phillips-Medisize-budynke-1-1024x768.jpg 1024w, https:\/\/phillipsmedisize.pl\/phillips\/wp-content\/uploads\/sites\/2\/2022\/12\/Phillips-Medisize-budynke-1-768x576.jpg 768w, https:\/\/phillipsmedisize.pl\/phillips\/wp-content\/uploads\/sites\/2\/2022\/12\/Phillips-Medisize-budynke-1-1536x1152.jpg 1536w\" sizes=\"(max-width: 1920px) 100vw, 1920px\" \/>            <\/div>    \n            <\/div>\n<\/div>\n\r\n\r\n\n<div class=\"histbox\" id=\"2022\">\n    <div class=\"histbox__date\">\n        <p>2022<\/p>\n    <\/div>\n    <div class=\"histbox__description\">\n        <div class=\"histbox__story\">\n            <p>listopad<br \/>\n<b>Finalizujemy konstrukcj\u0119 budynku numer 1<\/b><\/p>\n        <\/div>\n                    <div class=\"histbox__image\">\n                <img width=\"1006\" height=\"624\" src=\"https:\/\/phillipsmedisize.pl\/phillips\/wp-content\/uploads\/sites\/2\/2022\/11\/Fabryka-Phillips-Medisize-1.jpg\" class=\"attachment-full size-full\" alt=\"Budowa Kampusu Phillips-Medisize Polska w Siemianowicach \u015al\u0105skich\" decoding=\"async\" loading=\"lazy\" srcset=\"https:\/\/phillipsmedisize.pl\/phillips\/wp-content\/uploads\/sites\/2\/2022\/11\/Fabryka-Phillips-Medisize-1.jpg 1006w, https:\/\/phillipsmedisize.pl\/phillips\/wp-content\/uploads\/sites\/2\/2022\/11\/Fabryka-Phillips-Medisize-1-300x186.jpg 300w, https:\/\/phillipsmedisize.pl\/phillips\/wp-content\/uploads\/sites\/2\/2022\/11\/Fabryka-Phillips-Medisize-1-768x476.jpg 768w\" sizes=\"(max-width: 1006px) 100vw, 1006px\" \/>            <\/div>    \n            <\/div>\n<\/div>\n\r\n\r\n\n\r\n\r\n\n\r\n\r\n\n<div class=\"histbox\" id=\"2022\">\n    <div class=\"histbox__date\">\n        <p>2022<\/p>\n    <\/div>\n    <div class=\"histbox__description\">\n        <div class=\"histbox__story\">\n            <p>pa\u017adziernik<br \/>\n<b>Rozpocz\u0119li\u015bmy kolejny etap budowy \u2014 pierwsze \u015bciany rosn\u0105 w g\u00f3r\u0119<\/b><\/p>\n        <\/div>\n                    <div class=\"histbox__image\">\n                <img width=\"1920\" height=\"1080\" src=\"https:\/\/phillipsmedisize.pl\/phillips\/wp-content\/uploads\/sites\/2\/2022\/10\/IMG_20220923_094141.jpg\" class=\"attachment-full size-full\" alt=\"\" decoding=\"async\" loading=\"lazy\" srcset=\"https:\/\/phillipsmedisize.pl\/phillips\/wp-content\/uploads\/sites\/2\/2022\/10\/IMG_20220923_094141.jpg 1920w, https:\/\/phillipsmedisize.pl\/phillips\/wp-content\/uploads\/sites\/2\/2022\/10\/IMG_20220923_094141-300x169.jpg 300w, https:\/\/phillipsmedisize.pl\/phillips\/wp-content\/uploads\/sites\/2\/2022\/10\/IMG_20220923_094141-1024x576.jpg 1024w, https:\/\/phillipsmedisize.pl\/phillips\/wp-content\/uploads\/sites\/2\/2022\/10\/IMG_20220923_094141-768x432.jpg 768w, https:\/\/phillipsmedisize.pl\/phillips\/wp-content\/uploads\/sites\/2\/2022\/10\/IMG_20220923_094141-1536x864.jpg 1536w\" sizes=\"(max-width: 1920px) 100vw, 1920px\" \/>            <\/div>    \n            <\/div>\n<\/div>\n\r\n\r\n\n<div class=\"histbox\" id=\"2022\">\n    <div class=\"histbox__date\">\n        <p>2022<\/p>\n    <\/div>\n    <div class=\"histbox__description\">\n        <div class=\"histbox__story\">\n            <p>sierpie\u0144<br \/>\n<b>Na placu budowy w Siemianowicach \u015al\u0105skich stan\u0119\u0142y pierwsze filary<\/b><\/p>\n        <\/div>\n                    <div class=\"histbox__image\">\n                <img width=\"1920\" height=\"1080\" src=\"https:\/\/phillipsmedisize.pl\/phillips\/wp-content\/uploads\/sites\/2\/2022\/08\/IMG_20220819_120745.jpg\" class=\"attachment-full size-full\" alt=\"\" decoding=\"async\" loading=\"lazy\" srcset=\"https:\/\/phillipsmedisize.pl\/phillips\/wp-content\/uploads\/sites\/2\/2022\/08\/IMG_20220819_120745.jpg 1920w, https:\/\/phillipsmedisize.pl\/phillips\/wp-content\/uploads\/sites\/2\/2022\/08\/IMG_20220819_120745-300x169.jpg 300w, https:\/\/phillipsmedisize.pl\/phillips\/wp-content\/uploads\/sites\/2\/2022\/08\/IMG_20220819_120745-1024x576.jpg 1024w, https:\/\/phillipsmedisize.pl\/phillips\/wp-content\/uploads\/sites\/2\/2022\/08\/IMG_20220819_120745-768x432.jpg 768w, https:\/\/phillipsmedisize.pl\/phillips\/wp-content\/uploads\/sites\/2\/2022\/08\/IMG_20220819_120745-1536x864.jpg 1536w\" sizes=\"(max-width: 1920px) 100vw, 1920px\" \/>            <\/div>    \n            <\/div>\n<\/div>\n\r\n\r\n\n<div class=\"histbox\" id=\"2022\">\n    <div class=\"histbox__date\">\n        <p>2022<\/p>\n    <\/div>\n    <div class=\"histbox__description\">\n        <div class=\"histbox__story\">\n            <p>lipiec<br \/>\n<b>Wylewanie fundament\u00f3w pod Zak\u0142ad Produkcyjny Phillips Medisize Poland Sp. z o.o.<\/b><\/p>\n        <\/div>\n                    <div class=\"histbox__image\">\n                <img width=\"1920\" height=\"1280\" src=\"https:\/\/phillipsmedisize.pl\/phillips\/wp-content\/uploads\/sites\/2\/2022\/07\/foto_01-1.jpg\" class=\"attachment-full size-full\" alt=\"\" decoding=\"async\" loading=\"lazy\" srcset=\"https:\/\/phillipsmedisize.pl\/phillips\/wp-content\/uploads\/sites\/2\/2022\/07\/foto_01-1.jpg 1920w, https:\/\/phillipsmedisize.pl\/phillips\/wp-content\/uploads\/sites\/2\/2022\/07\/foto_01-1-300x200.jpg 300w, https:\/\/phillipsmedisize.pl\/phillips\/wp-content\/uploads\/sites\/2\/2022\/07\/foto_01-1-1024x683.jpg 1024w, https:\/\/phillipsmedisize.pl\/phillips\/wp-content\/uploads\/sites\/2\/2022\/07\/foto_01-1-768x512.jpg 768w, https:\/\/phillipsmedisize.pl\/phillips\/wp-content\/uploads\/sites\/2\/2022\/07\/foto_01-1-1536x1024.jpg 1536w\" sizes=\"(max-width: 1920px) 100vw, 1920px\" \/>            <\/div>    \n            <\/div>\n<\/div>\n\r\n\r\n\n<div class=\"histbox\" id=\"2022\">\n    <div class=\"histbox__date\">\n        <p>2022<\/p>\n    <\/div>\n    <div class=\"histbox__description\">\n        <div class=\"histbox__story\">\n            <p>czerwiec<br \/>\n<b>Rozpocz\u0119cie prac od zorganizowania zaplecza budowy<\/b><\/p>\n        <\/div>\n                    <div class=\"histbox__image\">\n                <img width=\"1920\" height=\"1080\" src=\"https:\/\/phillipsmedisize.pl\/phillips\/wp-content\/uploads\/sites\/2\/2022\/07\/rozpoczecie-prac_Phillps-Medisize.jpg\" class=\"attachment-full size-full\" alt=\"\" decoding=\"async\" loading=\"lazy\" srcset=\"https:\/\/phillipsmedisize.pl\/phillips\/wp-content\/uploads\/sites\/2\/2022\/07\/rozpoczecie-prac_Phillps-Medisize.jpg 1920w, https:\/\/phillipsmedisize.pl\/phillips\/wp-content\/uploads\/sites\/2\/2022\/07\/rozpoczecie-prac_Phillps-Medisize-300x169.jpg 300w, https:\/\/phillipsmedisize.pl\/phillips\/wp-content\/uploads\/sites\/2\/2022\/07\/rozpoczecie-prac_Phillps-Medisize-1024x576.jpg 1024w, https:\/\/phillipsmedisize.pl\/phillips\/wp-content\/uploads\/sites\/2\/2022\/07\/rozpoczecie-prac_Phillps-Medisize-768x432.jpg 768w, https:\/\/phillipsmedisize.pl\/phillips\/wp-content\/uploads\/sites\/2\/2022\/07\/rozpoczecie-prac_Phillps-Medisize-1536x864.jpg 1536w\" sizes=\"(max-width: 1920px) 100vw, 1920px\" \/>            <\/div>    \n            <\/div>\n<\/div>\n\r\n\r\n\n<div class=\"histbox\" id=\"2022\">\n    <div class=\"histbox__date\">\n        <p>2022<\/p>\n    <\/div>\n    <div class=\"histbox__description\">\n        <div class=\"histbox__story\">\n            <p>maj<br \/>\n<b>Przej\u0119cie przez wykonawc\u0119 placu budowy.<br \/>\nMiasto r\u00f3wnie\u017c uko\u0144czy\u0142o budow\u0119 nowego odcinka drogi dojazdowej.<\/b><\/p>\n        <\/div>\n                    <div class=\"histbox__image\">\n                <img width=\"1920\" height=\"1080\" src=\"https:\/\/phillipsmedisize.pl\/phillips\/wp-content\/uploads\/sites\/2\/2022\/07\/przejecie-placu-budowy_Phillips-Medisize.jpg\" class=\"attachment-full size-full\" alt=\"\" decoding=\"async\" loading=\"lazy\" srcset=\"https:\/\/phillipsmedisize.pl\/phillips\/wp-content\/uploads\/sites\/2\/2022\/07\/przejecie-placu-budowy_Phillips-Medisize.jpg 1920w, https:\/\/phillipsmedisize.pl\/phillips\/wp-content\/uploads\/sites\/2\/2022\/07\/przejecie-placu-budowy_Phillips-Medisize-300x169.jpg 300w, https:\/\/phillipsmedisize.pl\/phillips\/wp-content\/uploads\/sites\/2\/2022\/07\/przejecie-placu-budowy_Phillips-Medisize-1024x576.jpg 1024w, https:\/\/phillipsmedisize.pl\/phillips\/wp-content\/uploads\/sites\/2\/2022\/07\/przejecie-placu-budowy_Phillips-Medisize-768x432.jpg 768w, https:\/\/phillipsmedisize.pl\/phillips\/wp-content\/uploads\/sites\/2\/2022\/07\/przejecie-placu-budowy_Phillips-Medisize-1536x864.jpg 1536w\" sizes=\"(max-width: 1920px) 100vw, 1920px\" \/>            <\/div>    \n            <\/div>\n<\/div>\n\r\n\r\n\n<div class=\"histbox\" id=\"2021\">\n    <div class=\"histbox__date\">\n        <p>2021<\/p>\n    <\/div>\n    <div class=\"histbox__description\">\n        <div class=\"histbox__story\">\n            <p>grudzie\u0144<br \/>\n<b>Wdro\u017cenie dzia\u0142a\u0144 strategicznych na rzecz realizacji inwestycji<\/b><br \/>\nZawarcie umowy z Katowick\u0105 Specjalna Stref\u0105 Ekonomiczn\u0105. <\/p>\n        <\/div>\n                    <div class=\"histbox__image\">\n                <img width=\"1600\" height=\"1200\" src=\"https:\/\/phillipsmedisize.pl\/phillips\/wp-content\/uploads\/sites\/2\/2022\/01\/2.jpg\" class=\"attachment-full size-full\" alt=\"\" decoding=\"async\" loading=\"lazy\" srcset=\"https:\/\/phillipsmedisize.pl\/phillips\/wp-content\/uploads\/sites\/2\/2022\/01\/2.jpg 1600w, https:\/\/phillipsmedisize.pl\/phillips\/wp-content\/uploads\/sites\/2\/2022\/01\/2-300x225.jpg 300w, https:\/\/phillipsmedisize.pl\/phillips\/wp-content\/uploads\/sites\/2\/2022\/01\/2-1024x768.jpg 1024w, https:\/\/phillipsmedisize.pl\/phillips\/wp-content\/uploads\/sites\/2\/2022\/01\/2-768x576.jpg 768w, https:\/\/phillipsmedisize.pl\/phillips\/wp-content\/uploads\/sites\/2\/2022\/01\/2-1536x1152.jpg 1536w\" sizes=\"(max-width: 1600px) 100vw, 1600px\" \/>            <\/div>    \n            <\/div>\n<\/div>\n\r\n\r\n\n\r\n\r\n\n<div class=\"histbox\" id=\"2020\">\n    <div class=\"histbox__date\">\n        <p>2020<\/p>\n    <\/div>\n    <div class=\"histbox__description\">\n        <div class=\"histbox__story\">\n            <p><b>Etap prac zwi\u0105zanych z organizacj\u0105 struktury Philllips-Medisize Poland Sp. z o.o. i przygotowaniem koncepcji inwestycji.<\/b><br \/>\nPierwsze procesy rekrutacyjne i budowa trzonu zespo\u0142u Philllips-Medisize Poland Sp. z o.o.<br \/>\nPocz\u0105tek prac koncepcyjnych maj\u0105cych na celu rozpocz\u0119cie budowy zak\u0142adu w Siemianowicach \u015al\u0105skich.<\/p>\n        <\/div>\n            <\/div>\n<\/div>\n\r\n\r\n\n<div class=\"histbox\" id=\"2019\">\n    <div class=\"histbox__date\">\n        <p>2019<\/p>\n    <\/div>\n    <div class=\"histbox__description\">\n        <div class=\"histbox__story\">\n            <p>sierpie\u0144<br \/>\n<b>Utworzenie sp\u00f3\u0142ki Philllips-Medisize Poland Sp. z o.o.<\/b><br \/>\nSp\u00f3\u0142ka nale\u017c\u0105ca do grupy Molex i b\u0119d\u0105ca cz\u0119\u015bci\u0105 koncernu Koch Industries powsta\u0142a w celu realizacji strategicznej inwestycji w Siemianowicach \u015al\u0105skich \u2013 budowy innowacyjnego zak\u0142adu produkcyjnego, w kt\u00f3rym zatrudnienie znajd\u0105 najlepsi specjali\u015bci na polskim rynku.<\/p>\n        <\/div>\n            <\/div>\n<\/div>\n\r\n\r\n\r\n<div style=\"height:32px\" aria-hidden=\"true\" class=\"wp-block-spacer\"><\/div>\r\n\r\n\r\n\r\n<h2 class=\"wp-block-heading\">Miejsce, gdzie powstaje nasz zak\u0142ad w Siemianowicach \u015al\u0105skich<\/h2>\r\n\r\n\r\n\r\n\r\n\r\n<div style=\"height:60px\" aria-hidden=\"true\" class=\"wp-block-spacer\"><\/div>\r\n","protected":false},"excerpt":{"rendered":"<p>Miejsce, gdzie powstaje nasz zak\u0142ad w Siemianowicach \u015al\u0105skich<\/p>\n","protected":false},"author":1,"featured_media":0,"parent":0,"menu_order":0,"comment_status":"closed","ping_status":"closed","template":"tpl-page.php","meta":[],"acf":[],"yoast_head":"<!-- This site is optimized with the Yoast SEO plugin v20.5 - https:\/\/yoast.com\/wordpress\/plugins\/seo\/ -->\n<title>Kalendarium wydarze\u0144<\/title>\n<meta name=\"description\" content=\"Poznaj histori\u0119 Phillips-Medisize Poland Sp. z o.o., funkcjonuj\u0105cej w ramach grupy Molex i b\u0119d\u0105cej cz\u0119\u015bci\u0105 koncernu KOCH INDUSTIERS, jednego z wiod\u0105cych dostawc\u00f3w innowacji dla bran\u017cy medycznej i farmaceutycznej.\" \/>\n<meta name=\"robots\" content=\"index, follow, max-snippet:-1, max-image-preview:large, max-video-preview:-1\" \/>\n<link rel=\"canonical\" href=\"https:\/\/phillipsmedisize.pl\/phillips\/kalendarium-wydarzen\/\" \/>\n<meta property=\"og:locale\" content=\"pl_PL\" \/>\n<meta property=\"og:type\" content=\"article\" \/>\n<meta property=\"og:title\" content=\"Kalendarium wydarze\u0144\" \/>\n<meta property=\"og:description\" content=\"Poznaj histori\u0119 Phillips-Medisize Poland Sp. z o.o., funkcjonuj\u0105cej w ramach grupy Molex i b\u0119d\u0105cej cz\u0119\u015bci\u0105 koncernu KOCH INDUSTIERS, jednego z wiod\u0105cych dostawc\u00f3w innowacji dla bran\u017cy medycznej i farmaceutycznej.\" \/>\n<meta property=\"og:url\" content=\"https:\/\/phillipsmedisize.pl\/phillips\/kalendarium-wydarzen\/\" \/>\n<meta property=\"og:site_name\" content=\"Phillips-Medisize\" \/>\n<meta property=\"article:modified_time\" content=\"2023-12-07T07:58:31+00:00\" \/>\n<meta property=\"og:image\" content=\"https:\/\/phillipsmedisize.pl\/phillips\/wp-content\/uploads\/sites\/2\/2022\/01\/2.jpg\" \/>\n\t<meta property=\"og:image:width\" content=\"1600\" \/>\n\t<meta property=\"og:image:height\" content=\"1200\" \/>\n\t<meta property=\"og:image:type\" content=\"image\/jpeg\" \/>\n<meta name=\"twitter:card\" content=\"summary_large_image\" \/>\n<meta name=\"twitter:image\" content=\"https:\/\/phillipsmedisize.pl\/phillips\/wp-content\/uploads\/sites\/2\/2022\/01\/2.jpg\" \/>\n<meta name=\"twitter:label1\" content=\"Szacowany czas czytania\" \/>\n\t<meta name=\"twitter:data1\" content=\"1 minuta\" \/>\n<script type=\"application\/ld+json\" class=\"yoast-schema-graph\">{\"@context\":\"https:\/\/schema.org\",\"@graph\":[{\"@type\":\"WebPage\",\"@id\":\"https:\/\/phillipsmedisize.pl\/phillips\/kalendarium-wydarzen\/\",\"url\":\"https:\/\/phillipsmedisize.pl\/phillips\/kalendarium-wydarzen\/\",\"name\":\"Kalendarium wydarze\u0144\",\"isPartOf\":{\"@id\":\"https:\/\/phillipsmedisize.pl\/phillips\/#website\"},\"datePublished\":\"2022-01-27T07:42:38+00:00\",\"dateModified\":\"2023-12-07T07:58:31+00:00\",\"description\":\"Poznaj histori\u0119 Phillips-Medisize Poland Sp. z o.o., funkcjonuj\u0105cej w ramach grupy Molex i b\u0119d\u0105cej cz\u0119\u015bci\u0105 koncernu KOCH INDUSTIERS, jednego z wiod\u0105cych dostawc\u00f3w innowacji dla bran\u017cy medycznej i farmaceutycznej.\",\"inLanguage\":\"pl-PL\",\"potentialAction\":[{\"@type\":\"ReadAction\",\"target\":[\"https:\/\/phillipsmedisize.pl\/phillips\/kalendarium-wydarzen\/\"]}]},{\"@type\":\"WebSite\",\"@id\":\"https:\/\/phillipsmedisize.pl\/phillips\/#website\",\"url\":\"https:\/\/phillipsmedisize.pl\/phillips\/\",\"name\":\"Phillips-Medisize\",\"description\":\"Projektowanie i produkcja specjalistycznych sprz\u0119t\u00f3w i narz\u0119dzi medycznych. W Phillips-Medisize k\u0142adziemy ogromny nacisk na zarz\u0105dzanie jako\u015bci\u0105 i ryzykiem.\",\"potentialAction\":[{\"@type\":\"SearchAction\",\"target\":{\"@type\":\"EntryPoint\",\"urlTemplate\":\"https:\/\/phillipsmedisize.pl\/phillips\/?s={search_term_string}\"},\"query-input\":\"required name=search_term_string\"}],\"inLanguage\":\"pl-PL\"}]}<\/script>\n<!-- \/ Yoast SEO plugin. -->","yoast_head_json":{"title":"Kalendarium wydarze\u0144","description":"Poznaj histori\u0119 Phillips-Medisize Poland Sp. z o.o., funkcjonuj\u0105cej w ramach grupy Molex i b\u0119d\u0105cej cz\u0119\u015bci\u0105 koncernu KOCH INDUSTIERS, jednego z wiod\u0105cych dostawc\u00f3w innowacji dla bran\u017cy medycznej i farmaceutycznej.","robots":{"index":"index","follow":"follow","max-snippet":"max-snippet:-1","max-image-preview":"max-image-preview:large","max-video-preview":"max-video-preview:-1"},"canonical":"https:\/\/phillipsmedisize.pl\/phillips\/kalendarium-wydarzen\/","og_locale":"pl_PL","og_type":"article","og_title":"Kalendarium wydarze\u0144","og_description":"Poznaj histori\u0119 Phillips-Medisize Poland Sp. z o.o., funkcjonuj\u0105cej w ramach grupy Molex i b\u0119d\u0105cej cz\u0119\u015bci\u0105 koncernu KOCH INDUSTIERS, jednego z wiod\u0105cych dostawc\u00f3w innowacji dla bran\u017cy medycznej i farmaceutycznej.","og_url":"https:\/\/phillipsmedisize.pl\/phillips\/kalendarium-wydarzen\/","og_site_name":"Phillips-Medisize","article_modified_time":"2023-12-07T07:58:31+00:00","og_image":[{"width":1600,"height":1200,"url":"https:\/\/phillipsmedisize.pl\/phillips\/wp-content\/uploads\/sites\/2\/2022\/01\/2.jpg","type":"image\/jpeg"}],"twitter_card":"summary_large_image","twitter_image":"https:\/\/phillipsmedisize.pl\/phillips\/wp-content\/uploads\/sites\/2\/2022\/01\/2.jpg","twitter_misc":{"Szacowany czas czytania":"1 minuta"},"schema":{"@context":"https:\/\/schema.org","@graph":[{"@type":"WebPage","@id":"https:\/\/phillipsmedisize.pl\/phillips\/kalendarium-wydarzen\/","url":"https:\/\/phillipsmedisize.pl\/phillips\/kalendarium-wydarzen\/","name":"Kalendarium wydarze\u0144","isPartOf":{"@id":"https:\/\/phillipsmedisize.pl\/phillips\/#website"},"datePublished":"2022-01-27T07:42:38+00:00","dateModified":"2023-12-07T07:58:31+00:00","description":"Poznaj histori\u0119 Phillips-Medisize Poland Sp. z o.o., funkcjonuj\u0105cej w ramach grupy Molex i b\u0119d\u0105cej cz\u0119\u015bci\u0105 koncernu KOCH INDUSTIERS, jednego z wiod\u0105cych dostawc\u00f3w innowacji dla bran\u017cy medycznej i farmaceutycznej.","inLanguage":"pl-PL","potentialAction":[{"@type":"ReadAction","target":["https:\/\/phillipsmedisize.pl\/phillips\/kalendarium-wydarzen\/"]}]},{"@type":"WebSite","@id":"https:\/\/phillipsmedisize.pl\/phillips\/#website","url":"https:\/\/phillipsmedisize.pl\/phillips\/","name":"Phillips-Medisize","description":"Projektowanie i produkcja specjalistycznych sprz\u0119t\u00f3w i narz\u0119dzi medycznych. W Phillips-Medisize k\u0142adziemy ogromny nacisk na zarz\u0105dzanie jako\u015bci\u0105 i ryzykiem.","potentialAction":[{"@type":"SearchAction","target":{"@type":"EntryPoint","urlTemplate":"https:\/\/phillipsmedisize.pl\/phillips\/?s={search_term_string}"},"query-input":"required name=search_term_string"}],"inLanguage":"pl-PL"}]}},"_links":{"self":[{"href":"https:\/\/phillipsmedisize.pl\/phillips\/wp-json\/wp\/v2\/pages\/313"}],"collection":[{"href":"https:\/\/phillipsmedisize.pl\/phillips\/wp-json\/wp\/v2\/pages"}],"about":[{"href":"https:\/\/phillipsmedisize.pl\/phillips\/wp-json\/wp\/v2\/types\/page"}],"author":[{"embeddable":true,"href":"https:\/\/phillipsmedisize.pl\/phillips\/wp-json\/wp\/v2\/users\/1"}],"replies":[{"embeddable":true,"href":"https:\/\/phillipsmedisize.pl\/phillips\/wp-json\/wp\/v2\/comments?post=313"}],"version-history":[{"count":10,"href":"https:\/\/phillipsmedisize.pl\/phillips\/wp-json\/wp\/v2\/pages\/313\/revisions"}],"predecessor-version":[{"id":1097,"href":"https:\/\/phillipsmedisize.pl\/phillips\/wp-json\/wp\/v2\/pages\/313\/revisions\/1097"}],"wp:attachment":[{"href":"https:\/\/phillipsmedisize.pl\/phillips\/wp-json\/wp\/v2\/media?parent=313"}],"curies":[{"name":"wp","href":"https:\/\/api.w.org\/{rel}","templated":true}]}}