{"id":354,"date":"2022-02-03T08:31:55","date_gmt":"2022-02-03T07:31:55","guid":{"rendered":"https:\/\/phillipsmedisize.pl\/?page_id=354"},"modified":"2023-07-20T11:12:29","modified_gmt":"2023-07-20T09:12:29","slug":"kluczowa-rola-synergii-w-ramach-globalnej-grupy-koch-industries","status":"publish","type":"page","link":"https:\/\/phillipsmedisize.pl\/phillips\/o-nas\/kluczowa-rola-synergii-w-ramach-globalnej-grupy-koch-industries\/","title":{"rendered":"Kluczowa rola synergii w ramach globalnej grupy Koch Industries"},"content":{"rendered":"\n<div class=\"wp-block-image img-fluid\"><figure class=\"aligncenter size-full\"><img decoding=\"async\" loading=\"lazy\" src=\"https:\/\/phillipsmedisize.pl\/phillips\/wp-content\/uploads\/sites\/2\/2022\/02\/shutterstock_1335730970-1.jpg\" alt=\"\" class=\"wp-image-375\" width=\"NaN\" height=\"NaN\" srcset=\"https:\/\/phillipsmedisize.pl\/phillips\/wp-content\/uploads\/sites\/2\/2022\/02\/shutterstock_1335730970-1.jpg 1600w, https:\/\/phillipsmedisize.pl\/phillips\/wp-content\/uploads\/sites\/2\/2022\/02\/shutterstock_1335730970-1-300x113.jpg 300w, https:\/\/phillipsmedisize.pl\/phillips\/wp-content\/uploads\/sites\/2\/2022\/02\/shutterstock_1335730970-1-1024x386.jpg 1024w, https:\/\/phillipsmedisize.pl\/phillips\/wp-content\/uploads\/sites\/2\/2022\/02\/shutterstock_1335730970-1-768x289.jpg 768w, https:\/\/phillipsmedisize.pl\/phillips\/wp-content\/uploads\/sites\/2\/2022\/02\/shutterstock_1335730970-1-1536x579.jpg 1536w\" sizes=\"(max-width: 1600px) 100vw, 1600px\" \/><\/figure><\/div>\n\n\n\n<h2 class=\"wp-block-heading\"><strong>Synergia w grupie Koch Industries<\/strong><\/h2>\n\n\n\n<p>Phillips-Medisize jest jednym z najwi\u0119kszych dostawc\u00f3w produkt\u00f3w dla bran\u017cy farmaceutycznej, diagnostyki i urz\u0105dze\u0144 medycznych. Firma zatrudnia ponad 5 000 pracownik\u00f3w w 26 lokalizacjach w 10 krajach, a jej potencja\u0142 wzmocni zak\u0142ad Phillips-Medisize Polska budowany w Siemianowicach \u015al\u0105skich. Proces rozwoju wi\u0105\u017ce si\u0119 ze wzrostem zapotrzebowania na wyroby medyczne. Z tego te\u017c powodu kluczowego znaczenia nabiera synergia w ramach globalnej grupy Koch Industries.<\/p>\n\n\n\n<p>Nale\u017c\u0105cy do Molex Phillips-Medisize, jako cz\u0119\u015b\u0107 grupy, mo\u017ce realizowa\u0107 zak\u0142adane cele na rynku farmaceutyczno-medycznym. Dzia\u0142aj\u0105ca na partnerskich zasadach, dobrze zintegrowana struktura, pozwala sprosta\u0107 wyzwaniom takim jak konieczno\u015b\u0107 szybkiego reagowania na rosn\u0105ce potrzeby rynku. Dzi\u0119ki synergii Phillips-Medisize mo\u017ce zwi\u0119ksza\u0107 produkcj\u0119, zmniejsza\u0107 ryzyko dla klient\u00f3w i szybciej wprowadza\u0107 produkty na rynek. Taki model dzia\u0142ania umo\u017cliwia zaspokajanie potrzeb milion\u00f3w klient\u00f3w na ca\u0142ym \u015bwiecie.<\/p>\n\n\n\n<h2 class=\"wp-block-heading\"><strong>Globalny potencja\u0142 produkcyjny<\/strong><\/h2>\n\n\n\n<p>Synergia mi\u0119dzy sp\u00f3\u0142kami grupy Koch Industries zapewnia odpowiedni\u0105 skal\u0119 dzia\u0142a\u0144, podnosi poziom innowacyjno\u015bci i umo\u017cliwia eliminowanie problem\u00f3w zwi\u0105zanych z procesem rozwoju produkt\u00f3w. Phillips-Medisize korzysta z mo\u017cliwo\u015bci technologicznych firmy macierzystej Molex, dysponuj\u0105cej ponad 60 zak\u0142adami. Potencja\u0142 w postaci globalnych mocy produkcyjnych pozwala na szybkie przestawienie si\u0119 na wi\u0119ksz\u0105 skal\u0119 produkcji i dotrzymanie termin\u00f3w realizacji zlece\u0144.<\/p>\n\n\n\n<p>Dzi\u0119ki temu dostarczamy produkty na czas, z zachowaniem najwy\u017cszych standard\u00f3w, zgodnie z oczekiwaniami klient\u00f3w. W ten spos\u00f3b budujemy pozytywny wizerunek biznesowy ca\u0142ej grupy, jak i poszczeg\u00f3lnych sp\u00f3\u0142ek, jako pewnego partnera, wywi\u0105zuj\u0105cego si\u0119 ze wszystkich zada\u0144, tak\u017ce tych najbardziej skomplikowanych, wymagaj\u0105cych wsp\u00f3\u0142pracy wielu zespo\u0142\u00f3w badawczych i produkcyjnych. Niezale\u017cnie od skali wyzwania, dostarczamy produkty polepszaj\u0105ce jako\u015b\u0107 \u017cycia ludzi na ca\u0142ym \u015bwiecie.<\/p>\n\n\n\n<h2 class=\"wp-block-heading\"><strong>Skoordynowana i skuteczna wsp\u00f3\u0142praca<\/strong><\/h2>\n\n\n\n<p>Sp\u00f3\u0142ki grupy Koch Industries \u0142\u0105cz\u0105 potencja\u0142 technologiczny, kultura organizacyjna oraz przyw\u00f3dztwo. Jeste\u015bmy zorientowani na sta\u0142\u0105 wsp\u00f3\u0142prac\u0119, kt\u00f3ra gwarantuje wydajno\u015b\u0107, jako\u015b\u0107 i szybko\u015b\u0107 produkcji oraz sprawno\u015b\u0107 dzia\u0142ania. \u0179r\u00f3d\u0142o naszej si\u0142y stanowi po\u0142\u0105czenie gromadzonego i stale rozwijanego <em>know-how<\/em> z nowoczesnym zapleczem produkcyjno-badawczym. A nastawienie na innowacyjno\u015b\u0107 pozwala osi\u0105ga\u0107 nam sukcesy na globalnym rynku w warunkach ostrej konkurencji.<\/p>\n\n\n\n<p>Dzi\u0119ki synergii sprawnie wprowadzamy nowe produkty na rynek, niezale\u017cnie od tego, czy s\u0105 to produkty gotowe, czy komponenty. Dostarczamy je bezpo\u015brednio do odbiorc\u00f3w albo sprzedajemy je innemu podmiotowi w ramach grupy Phillips-Medisize \/ Molex, kt\u00f3ry nast\u0119pnie odsprzedaje produkty klientom ko\u0144cowym. Koordynacja i harmonizacja ca\u0142o\u015bci dzia\u0142a\u0144 to przyk\u0142ady przewag konkurencyjnych ca\u0142ej grupy Koch Industries. Z tego wszechstronnego potencja\u0142u korzysta\u0107 b\u0119dzie tak\u017ce sp\u00f3\u0142ka Phillips-Medisize Polska.<\/p>\n","protected":false},"excerpt":{"rendered":"<p>Synergia w grupie Koch Industries Phillips-Medisize jest jednym z najwi\u0119kszych dostawc\u00f3w produkt\u00f3w dla bran\u017cy farmaceutycznej, diagnostyki i urz\u0105dze\u0144 medycznych. Firma zatrudnia ponad 5 000 pracownik\u00f3w w 26 lokalizacjach w 10 krajach, a jej potencja\u0142 wzmocni zak\u0142ad Phillips-Medisize Polska budowany w Siemianowicach \u015al\u0105skich. Proces rozwoju wi\u0105\u017ce si\u0119 ze wzrostem zapotrzebowania na wyroby medyczne. Z tego te\u017c [&hellip;]<\/p>\n","protected":false},"author":1,"featured_media":368,"parent":814,"menu_order":0,"comment_status":"closed","ping_status":"closed","template":"tpl-page.php","meta":[],"acf":[],"yoast_head":"<!-- This site is optimized with the Yoast SEO plugin v20.5 - https:\/\/yoast.com\/wordpress\/plugins\/seo\/ -->\n<title>Kluczowa rola synergii w ramach globalnej grupy Koch Industries - Phillips-Medisize<\/title>\n<meta name=\"robots\" content=\"index, follow, max-snippet:-1, max-image-preview:large, max-video-preview:-1\" \/>\n<link rel=\"canonical\" href=\"https:\/\/phillipsmedisize.pl\/phillips\/o-nas\/kluczowa-rola-synergii-w-ramach-globalnej-grupy-koch-industries\/\" \/>\n<meta property=\"og:locale\" content=\"pl_PL\" \/>\n<meta property=\"og:type\" content=\"article\" \/>\n<meta property=\"og:title\" content=\"Kluczowa rola synergii w ramach globalnej grupy Koch Industries - Phillips-Medisize\" \/>\n<meta property=\"og:description\" content=\"Synergia w grupie Koch Industries Phillips-Medisize jest jednym z najwi\u0119kszych dostawc\u00f3w produkt\u00f3w dla bran\u017cy farmaceutycznej, diagnostyki i urz\u0105dze\u0144 medycznych. Firma zatrudnia ponad 5 000 pracownik\u00f3w w 26 lokalizacjach w 10 krajach, a jej potencja\u0142 wzmocni zak\u0142ad Phillips-Medisize Polska budowany w Siemianowicach \u015al\u0105skich. Proces rozwoju wi\u0105\u017ce si\u0119 ze wzrostem zapotrzebowania na wyroby medyczne. Z tego te\u017c [&hellip;]\" \/>\n<meta property=\"og:url\" content=\"https:\/\/phillipsmedisize.pl\/phillips\/o-nas\/kluczowa-rola-synergii-w-ramach-globalnej-grupy-koch-industries\/\" \/>\n<meta property=\"og:site_name\" content=\"Phillips-Medisize\" \/>\n<meta property=\"article:modified_time\" content=\"2023-07-20T09:12:29+00:00\" \/>\n<meta property=\"og:image\" content=\"https:\/\/phillipsmedisize.pl\/phillips\/wp-content\/uploads\/sites\/2\/2022\/02\/shutterstock_1335730970.jpg\" \/>\n\t<meta property=\"og:image:width\" content=\"1600\" \/>\n\t<meta property=\"og:image:height\" content=\"900\" \/>\n\t<meta property=\"og:image:type\" content=\"image\/jpeg\" \/>\n<meta name=\"twitter:card\" content=\"summary_large_image\" \/>\n<meta name=\"twitter:label1\" content=\"Szacowany czas czytania\" \/>\n\t<meta name=\"twitter:data1\" content=\"3 minuty\" \/>\n<script type=\"application\/ld+json\" class=\"yoast-schema-graph\">{\"@context\":\"https:\/\/schema.org\",\"@graph\":[{\"@type\":\"WebPage\",\"@id\":\"https:\/\/phillipsmedisize.pl\/phillips\/o-nas\/kluczowa-rola-synergii-w-ramach-globalnej-grupy-koch-industries\/\",\"url\":\"https:\/\/phillipsmedisize.pl\/phillips\/o-nas\/kluczowa-rola-synergii-w-ramach-globalnej-grupy-koch-industries\/\",\"name\":\"Kluczowa rola synergii w ramach globalnej grupy Koch Industries - Phillips-Medisize\",\"isPartOf\":{\"@id\":\"https:\/\/phillipsmedisize.pl\/phillips\/#website\"},\"datePublished\":\"2022-02-03T07:31:55+00:00\",\"dateModified\":\"2023-07-20T09:12:29+00:00\",\"breadcrumb\":{\"@id\":\"https:\/\/phillipsmedisize.pl\/phillips\/o-nas\/kluczowa-rola-synergii-w-ramach-globalnej-grupy-koch-industries\/#breadcrumb\"},\"inLanguage\":\"pl-PL\",\"potentialAction\":[{\"@type\":\"ReadAction\",\"target\":[\"https:\/\/phillipsmedisize.pl\/phillips\/o-nas\/kluczowa-rola-synergii-w-ramach-globalnej-grupy-koch-industries\/\"]}]},{\"@type\":\"BreadcrumbList\",\"@id\":\"https:\/\/phillipsmedisize.pl\/phillips\/o-nas\/kluczowa-rola-synergii-w-ramach-globalnej-grupy-koch-industries\/#breadcrumb\",\"itemListElement\":[{\"@type\":\"ListItem\",\"position\":1,\"name\":\"O nas\",\"item\":\"https:\/\/phillipsmedisize.pl\/phillips\/o-nas\/\"},{\"@type\":\"ListItem\",\"position\":2,\"name\":\"Kluczowa rola synergii w ramach globalnej grupy Koch Industries\"}]},{\"@type\":\"WebSite\",\"@id\":\"https:\/\/phillipsmedisize.pl\/phillips\/#website\",\"url\":\"https:\/\/phillipsmedisize.pl\/phillips\/\",\"name\":\"Phillips-Medisize\",\"description\":\"Projektowanie i produkcja specjalistycznych sprz\u0119t\u00f3w i narz\u0119dzi medycznych. W Phillips-Medisize k\u0142adziemy ogromny nacisk na zarz\u0105dzanie jako\u015bci\u0105 i ryzykiem.\",\"potentialAction\":[{\"@type\":\"SearchAction\",\"target\":{\"@type\":\"EntryPoint\",\"urlTemplate\":\"https:\/\/phillipsmedisize.pl\/phillips\/?s={search_term_string}\"},\"query-input\":\"required name=search_term_string\"}],\"inLanguage\":\"pl-PL\"}]}<\/script>\n<!-- \/ Yoast SEO plugin. -->","yoast_head_json":{"title":"Kluczowa rola synergii w ramach globalnej grupy Koch Industries - Phillips-Medisize","robots":{"index":"index","follow":"follow","max-snippet":"max-snippet:-1","max-image-preview":"max-image-preview:large","max-video-preview":"max-video-preview:-1"},"canonical":"https:\/\/phillipsmedisize.pl\/phillips\/o-nas\/kluczowa-rola-synergii-w-ramach-globalnej-grupy-koch-industries\/","og_locale":"pl_PL","og_type":"article","og_title":"Kluczowa rola synergii w ramach globalnej grupy Koch Industries - Phillips-Medisize","og_description":"Synergia w grupie Koch Industries Phillips-Medisize jest jednym z najwi\u0119kszych dostawc\u00f3w produkt\u00f3w dla bran\u017cy farmaceutycznej, diagnostyki i urz\u0105dze\u0144 medycznych. Firma zatrudnia ponad 5 000 pracownik\u00f3w w 26 lokalizacjach w 10 krajach, a jej potencja\u0142 wzmocni zak\u0142ad Phillips-Medisize Polska budowany w Siemianowicach \u015al\u0105skich. Proces rozwoju wi\u0105\u017ce si\u0119 ze wzrostem zapotrzebowania na wyroby medyczne. Z tego te\u017c [&hellip;]","og_url":"https:\/\/phillipsmedisize.pl\/phillips\/o-nas\/kluczowa-rola-synergii-w-ramach-globalnej-grupy-koch-industries\/","og_site_name":"Phillips-Medisize","article_modified_time":"2023-07-20T09:12:29+00:00","og_image":[{"width":1600,"height":900,"url":"https:\/\/phillipsmedisize.pl\/phillips\/wp-content\/uploads\/sites\/2\/2022\/02\/shutterstock_1335730970.jpg","type":"image\/jpeg"}],"twitter_card":"summary_large_image","twitter_misc":{"Szacowany czas czytania":"3 minuty"},"schema":{"@context":"https:\/\/schema.org","@graph":[{"@type":"WebPage","@id":"https:\/\/phillipsmedisize.pl\/phillips\/o-nas\/kluczowa-rola-synergii-w-ramach-globalnej-grupy-koch-industries\/","url":"https:\/\/phillipsmedisize.pl\/phillips\/o-nas\/kluczowa-rola-synergii-w-ramach-globalnej-grupy-koch-industries\/","name":"Kluczowa rola synergii w ramach globalnej grupy Koch Industries - Phillips-Medisize","isPartOf":{"@id":"https:\/\/phillipsmedisize.pl\/phillips\/#website"},"datePublished":"2022-02-03T07:31:55+00:00","dateModified":"2023-07-20T09:12:29+00:00","breadcrumb":{"@id":"https:\/\/phillipsmedisize.pl\/phillips\/o-nas\/kluczowa-rola-synergii-w-ramach-globalnej-grupy-koch-industries\/#breadcrumb"},"inLanguage":"pl-PL","potentialAction":[{"@type":"ReadAction","target":["https:\/\/phillipsmedisize.pl\/phillips\/o-nas\/kluczowa-rola-synergii-w-ramach-globalnej-grupy-koch-industries\/"]}]},{"@type":"BreadcrumbList","@id":"https:\/\/phillipsmedisize.pl\/phillips\/o-nas\/kluczowa-rola-synergii-w-ramach-globalnej-grupy-koch-industries\/#breadcrumb","itemListElement":[{"@type":"ListItem","position":1,"name":"O nas","item":"https:\/\/phillipsmedisize.pl\/phillips\/o-nas\/"},{"@type":"ListItem","position":2,"name":"Kluczowa rola synergii w ramach globalnej grupy Koch Industries"}]},{"@type":"WebSite","@id":"https:\/\/phillipsmedisize.pl\/phillips\/#website","url":"https:\/\/phillipsmedisize.pl\/phillips\/","name":"Phillips-Medisize","description":"Projektowanie i produkcja specjalistycznych sprz\u0119t\u00f3w i narz\u0119dzi medycznych. W Phillips-Medisize k\u0142adziemy ogromny nacisk na zarz\u0105dzanie jako\u015bci\u0105 i ryzykiem.","potentialAction":[{"@type":"SearchAction","target":{"@type":"EntryPoint","urlTemplate":"https:\/\/phillipsmedisize.pl\/phillips\/?s={search_term_string}"},"query-input":"required name=search_term_string"}],"inLanguage":"pl-PL"}]}},"_links":{"self":[{"href":"https:\/\/phillipsmedisize.pl\/phillips\/wp-json\/wp\/v2\/pages\/354"}],"collection":[{"href":"https:\/\/phillipsmedisize.pl\/phillips\/wp-json\/wp\/v2\/pages"}],"about":[{"href":"https:\/\/phillipsmedisize.pl\/phillips\/wp-json\/wp\/v2\/types\/page"}],"author":[{"embeddable":true,"href":"https:\/\/phillipsmedisize.pl\/phillips\/wp-json\/wp\/v2\/users\/1"}],"replies":[{"embeddable":true,"href":"https:\/\/phillipsmedisize.pl\/phillips\/wp-json\/wp\/v2\/comments?post=354"}],"version-history":[{"count":3,"href":"https:\/\/phillipsmedisize.pl\/phillips\/wp-json\/wp\/v2\/pages\/354\/revisions"}],"predecessor-version":[{"id":859,"href":"https:\/\/phillipsmedisize.pl\/phillips\/wp-json\/wp\/v2\/pages\/354\/revisions\/859"}],"up":[{"embeddable":true,"href":"https:\/\/phillipsmedisize.pl\/phillips\/wp-json\/wp\/v2\/pages\/814"}],"wp:featuredmedia":[{"embeddable":true,"href":"https:\/\/phillipsmedisize.pl\/phillips\/wp-json\/wp\/v2\/media\/368"}],"wp:attachment":[{"href":"https:\/\/phillipsmedisize.pl\/phillips\/wp-json\/wp\/v2\/media?parent=354"}],"curies":[{"name":"wp","href":"https:\/\/api.w.org\/{rel}","templated":true}]}}