{"id":359,"date":"2022-02-03T08:40:24","date_gmt":"2022-02-03T07:40:24","guid":{"rendered":"https:\/\/phillipsmedisize.pl\/?page_id=359"},"modified":"2022-02-03T08:40:24","modified_gmt":"2022-02-03T07:40:24","slug":"jak-phillips-medisize-i-jego-produkty-pomagaja-ludziom-w-czasie-pandemii-covid-19","status":"publish","type":"page","link":"https:\/\/phillipsmedisize.pl\/phillips\/co-robimy\/jak-phillips-medisize-i-jego-produkty-pomagaja-ludziom-w-czasie-pandemii-covid-19\/","title":{"rendered":"Jak Phillips-Medisize i jego produkty pomagaj\u0105 ludziom w czasie pandemii COVID-19?"},"content":{"rendered":"\n<div class=\"wp-block-image img-fluid\"><figure class=\"aligncenter size-full\"><img decoding=\"async\" loading=\"lazy\" src=\"https:\/\/phillipsmedisize.pl\/phillips\/wp-content\/uploads\/sites\/2\/2022\/02\/shutterstock_759427309-1.jpg\" alt=\"\" class=\"wp-image-371\" width=\"NaN\" height=\"NaN\" srcset=\"https:\/\/phillipsmedisize.pl\/phillips\/wp-content\/uploads\/sites\/2\/2022\/02\/shutterstock_759427309-1.jpg 1600w, https:\/\/phillipsmedisize.pl\/phillips\/wp-content\/uploads\/sites\/2\/2022\/02\/shutterstock_759427309-1-300x132.jpg 300w, https:\/\/phillipsmedisize.pl\/phillips\/wp-content\/uploads\/sites\/2\/2022\/02\/shutterstock_759427309-1-1024x449.jpg 1024w, https:\/\/phillipsmedisize.pl\/phillips\/wp-content\/uploads\/sites\/2\/2022\/02\/shutterstock_759427309-1-768x337.jpg 768w, https:\/\/phillipsmedisize.pl\/phillips\/wp-content\/uploads\/sites\/2\/2022\/02\/shutterstock_759427309-1-1536x674.jpg 1536w\" sizes=\"(max-width: 1600px) 100vw, 1600px\" \/><\/figure><\/div>\n\n\n\n<h2 class=\"wp-block-heading\"><strong>Nowy spos\u00f3b wykrywania wirusa SARS-CoV-2<\/strong><\/h2>\n\n\n\n<p>Innowacyjne urz\u0105dzenie powsta\u0142o w oparciu o badania nad czujnikami prowadzone przez naukowc\u00f3w z Uniwersytetu Teksasu w Dallas i platform\u0119 sztucznej inteligencji dzia\u0142aj\u0105c\u0105 w technologii <em>cloud<\/em>. Aby przeprowadzi\u0107 badanie, osoba wdmuchuje powietrze do jednorazowego ustnika urz\u0105dzenia przez sze\u015b\u0107 sekund, a elektrochemiczny czujnik poszukuje w pr\u00f3bce \u015blad\u00f3w okre\u015blonych substancji chemicznych. W ten spos\u00f3b bada, czy dosz\u0142o do zaka\u017cenia wirusem SARS-CoV-2.<\/p>\n\n\n\n<p>Testy mo\u017cna przeprowadza\u0107 samodzielnie i monitorowa\u0107 na miejscu lub na odleg\u0142o\u015b\u0107 dzi\u0119ki WiFi\/Bluetooth, co eliminuje potrzeb\u0119 fizycznego testowania przez pracownik\u00f3w s\u0142u\u017cby zdrowia. Innowacyjne narz\u0119dzie zmieni spos\u00f3b wykrywania COVID-19 poprzez szybkie i precyzyjne badania. W rozwoju i optymalizacji analizatora wykorzystali\u015bmy <em>know-how<\/em> Phillips-Medisize w zakresie projektowania produkt\u00f3w, szybkiego prototypowania i kompleksowego wdra\u017cania produkcji.<\/p>\n\n\n\n<h2 class=\"wp-block-heading\"><strong>Optymalizacja prac badawczo-rozwojowych<\/strong><\/h2>\n\n\n\n<p>Nawi\u0105zuj\u0105c wsp\u00f3\u0142prac\u0119, wykorzystali\u015bmy nasze dotychczasowe do\u015bwiadczenia w tym zakresie. Dzi\u0119ki temu prace zwi\u0105zane z rozwojem produktu przebiega\u0142y w optymalnym tempie. Zesp\u00f3\u0142 elektronik\u00f3w, in\u017cynier\u00f3w produktu i produkcji Phillips-Medisize pracowa\u0142 razem z in\u017cynierami SOTECH Health, by stworzy\u0107 urz\u0105dzenie wygodne i \u0142atwe w obs\u0142udze dla u\u017cytkownika. Analizator zosta\u0142 przygotowany z naciskiem na jako\u015b\u0107, oceniono tak\u017ce, \u017ce jego ostateczna wersja mo\u017ce zosta\u0107 szybko wdro\u017cona do produkcji w naszych zak\u0142adach.<\/p>\n\n\n\n<p>Phillips-Medisize jest doskonale przygotowany do wspierania globalnych strategii rynkowych swoich partner\u00f3w i klient\u00f3w. Nowe urz\u0105dzenie, po zatwierdzeniu przez odpowiednie urz\u0119dy regulacyjne w USA, Kanadzie, Wielkiej Brytanii i Unii Europejskiej, znajdzie masowe zastosowanie w badaniach ludno\u015bci. Phillips-Medisize przygotowuje obecnie swoje zak\u0142ady produkcyjne na ca\u0142ym \u015bwiecie, by dostosowa\u0107 skal\u0119 i spos\u00f3b produkcji do aktualnego zapotrzebowania rynku.<\/p>\n\n\n\n<h2 class=\"wp-block-heading\"><strong>Modelowy przyk\u0142ad wsp\u00f3\u0142pracy<\/strong><\/h2>\n\n\n\n<p>Taki model dzia\u0142ania doskonale wpisuje si\u0119 w nasz\u0105 misj\u0119, kt\u00f3r\u0105 jest opracowywanie i szybkie dostarczanie na rynek produkt\u00f3w realnie poprawiaj\u0105cych jako\u015b\u0107 ludzkiego zdrowia i \u017cycia. To tak\u017ce spos\u00f3b na zdobywanie nowych, praktycznych do\u015bwiadcze\u0144 przez nasze zespo\u0142y badawcze i produkcyjne. Wiedza ta zostanie spo\u017cytkowana podczas realizacji kolejnych projekt\u00f3w.<\/p>\n","protected":false},"excerpt":{"rendered":"<p>Nowy spos\u00f3b wykrywania wirusa SARS-CoV-2 Innowacyjne urz\u0105dzenie powsta\u0142o w oparciu o badania nad czujnikami prowadzone przez naukowc\u00f3w z Uniwersytetu Teksasu w Dallas i platform\u0119 sztucznej inteligencji dzia\u0142aj\u0105c\u0105 w technologii cloud. Aby przeprowadzi\u0107 badanie, osoba wdmuchuje powietrze do jednorazowego ustnika urz\u0105dzenia przez sze\u015b\u0107 sekund, a elektrochemiczny czujnik poszukuje w pr\u00f3bce \u015blad\u00f3w okre\u015blonych substancji chemicznych. W ten [&hellip;]<\/p>\n","protected":false},"author":1,"featured_media":369,"parent":815,"menu_order":0,"comment_status":"closed","ping_status":"closed","template":"tpl-page.php","meta":[],"acf":[],"yoast_head":"<!-- This site is optimized with the Yoast SEO plugin v20.5 - https:\/\/yoast.com\/wordpress\/plugins\/seo\/ -->\n<title>Jak Phillips-Medisize i jego produkty pomagaj\u0105 ludziom w czasie pandemii COVID-19? - Phillips-Medisize<\/title>\n<meta name=\"robots\" content=\"index, follow, max-snippet:-1, max-image-preview:large, max-video-preview:-1\" \/>\n<link rel=\"canonical\" href=\"https:\/\/phillipsmedisize.pl\/phillips\/co-robimy\/jak-phillips-medisize-i-jego-produkty-pomagaja-ludziom-w-czasie-pandemii-covid-19\/\" \/>\n<meta property=\"og:locale\" content=\"pl_PL\" \/>\n<meta property=\"og:type\" content=\"article\" \/>\n<meta property=\"og:title\" content=\"Jak Phillips-Medisize i jego produkty pomagaj\u0105 ludziom w czasie pandemii COVID-19? - Phillips-Medisize\" \/>\n<meta property=\"og:description\" content=\"Nowy spos\u00f3b wykrywania wirusa SARS-CoV-2 Innowacyjne urz\u0105dzenie powsta\u0142o w oparciu o badania nad czujnikami prowadzone przez naukowc\u00f3w z Uniwersytetu Teksasu w Dallas i platform\u0119 sztucznej inteligencji dzia\u0142aj\u0105c\u0105 w technologii cloud. Aby przeprowadzi\u0107 badanie, osoba wdmuchuje powietrze do jednorazowego ustnika urz\u0105dzenia przez sze\u015b\u0107 sekund, a elektrochemiczny czujnik poszukuje w pr\u00f3bce \u015blad\u00f3w okre\u015blonych substancji chemicznych. W ten [&hellip;]\" \/>\n<meta property=\"og:url\" content=\"https:\/\/phillipsmedisize.pl\/phillips\/co-robimy\/jak-phillips-medisize-i-jego-produkty-pomagaja-ludziom-w-czasie-pandemii-covid-19\/\" \/>\n<meta property=\"og:site_name\" content=\"Phillips-Medisize\" \/>\n<meta property=\"og:image\" content=\"https:\/\/phillipsmedisize.pl\/phillips\/wp-content\/uploads\/sites\/2\/2022\/02\/shutterstock_759427309.jpg\" \/>\n\t<meta property=\"og:image:width\" content=\"1600\" \/>\n\t<meta property=\"og:image:height\" content=\"1068\" \/>\n\t<meta property=\"og:image:type\" content=\"image\/jpeg\" \/>\n<meta name=\"twitter:card\" content=\"summary_large_image\" \/>\n<meta name=\"twitter:label1\" content=\"Szacowany czas czytania\" \/>\n\t<meta name=\"twitter:data1\" content=\"2 minuty\" \/>\n<script type=\"application\/ld+json\" class=\"yoast-schema-graph\">{\"@context\":\"https:\/\/schema.org\",\"@graph\":[{\"@type\":\"WebPage\",\"@id\":\"https:\/\/phillipsmedisize.pl\/phillips\/co-robimy\/jak-phillips-medisize-i-jego-produkty-pomagaja-ludziom-w-czasie-pandemii-covid-19\/\",\"url\":\"https:\/\/phillipsmedisize.pl\/phillips\/co-robimy\/jak-phillips-medisize-i-jego-produkty-pomagaja-ludziom-w-czasie-pandemii-covid-19\/\",\"name\":\"Jak Phillips-Medisize i jego produkty pomagaj\u0105 ludziom w czasie pandemii COVID-19? - Phillips-Medisize\",\"isPartOf\":{\"@id\":\"https:\/\/phillipsmedisize.pl\/phillips\/#website\"},\"datePublished\":\"2022-02-03T07:40:24+00:00\",\"dateModified\":\"2022-02-03T07:40:24+00:00\",\"breadcrumb\":{\"@id\":\"https:\/\/phillipsmedisize.pl\/phillips\/co-robimy\/jak-phillips-medisize-i-jego-produkty-pomagaja-ludziom-w-czasie-pandemii-covid-19\/#breadcrumb\"},\"inLanguage\":\"pl-PL\",\"potentialAction\":[{\"@type\":\"ReadAction\",\"target\":[\"https:\/\/phillipsmedisize.pl\/phillips\/co-robimy\/jak-phillips-medisize-i-jego-produkty-pomagaja-ludziom-w-czasie-pandemii-covid-19\/\"]}]},{\"@type\":\"BreadcrumbList\",\"@id\":\"https:\/\/phillipsmedisize.pl\/phillips\/co-robimy\/jak-phillips-medisize-i-jego-produkty-pomagaja-ludziom-w-czasie-pandemii-covid-19\/#breadcrumb\",\"itemListElement\":[{\"@type\":\"ListItem\",\"position\":1,\"name\":\"Co robimy?\",\"item\":\"https:\/\/phillipsmedisize.pl\/phillips\/co-robimy\/\"},{\"@type\":\"ListItem\",\"position\":2,\"name\":\"Jak Phillips-Medisize i jego produkty pomagaj\u0105 ludziom w czasie pandemii COVID-19?\"}]},{\"@type\":\"WebSite\",\"@id\":\"https:\/\/phillipsmedisize.pl\/phillips\/#website\",\"url\":\"https:\/\/phillipsmedisize.pl\/phillips\/\",\"name\":\"Phillips-Medisize\",\"description\":\"Projektowanie i produkcja specjalistycznych sprz\u0119t\u00f3w i narz\u0119dzi medycznych. W Phillips-Medisize k\u0142adziemy ogromny nacisk na zarz\u0105dzanie jako\u015bci\u0105 i ryzykiem.\",\"potentialAction\":[{\"@type\":\"SearchAction\",\"target\":{\"@type\":\"EntryPoint\",\"urlTemplate\":\"https:\/\/phillipsmedisize.pl\/phillips\/?s={search_term_string}\"},\"query-input\":\"required name=search_term_string\"}],\"inLanguage\":\"pl-PL\"}]}<\/script>\n<!-- \/ Yoast SEO plugin. -->","yoast_head_json":{"title":"Jak Phillips-Medisize i jego produkty pomagaj\u0105 ludziom w czasie pandemii COVID-19? - Phillips-Medisize","robots":{"index":"index","follow":"follow","max-snippet":"max-snippet:-1","max-image-preview":"max-image-preview:large","max-video-preview":"max-video-preview:-1"},"canonical":"https:\/\/phillipsmedisize.pl\/phillips\/co-robimy\/jak-phillips-medisize-i-jego-produkty-pomagaja-ludziom-w-czasie-pandemii-covid-19\/","og_locale":"pl_PL","og_type":"article","og_title":"Jak Phillips-Medisize i jego produkty pomagaj\u0105 ludziom w czasie pandemii COVID-19? - Phillips-Medisize","og_description":"Nowy spos\u00f3b wykrywania wirusa SARS-CoV-2 Innowacyjne urz\u0105dzenie powsta\u0142o w oparciu o badania nad czujnikami prowadzone przez naukowc\u00f3w z Uniwersytetu Teksasu w Dallas i platform\u0119 sztucznej inteligencji dzia\u0142aj\u0105c\u0105 w technologii cloud. Aby przeprowadzi\u0107 badanie, osoba wdmuchuje powietrze do jednorazowego ustnika urz\u0105dzenia przez sze\u015b\u0107 sekund, a elektrochemiczny czujnik poszukuje w pr\u00f3bce \u015blad\u00f3w okre\u015blonych substancji chemicznych. W ten [&hellip;]","og_url":"https:\/\/phillipsmedisize.pl\/phillips\/co-robimy\/jak-phillips-medisize-i-jego-produkty-pomagaja-ludziom-w-czasie-pandemii-covid-19\/","og_site_name":"Phillips-Medisize","og_image":[{"width":1600,"height":1068,"url":"https:\/\/phillipsmedisize.pl\/phillips\/wp-content\/uploads\/sites\/2\/2022\/02\/shutterstock_759427309.jpg","type":"image\/jpeg"}],"twitter_card":"summary_large_image","twitter_misc":{"Szacowany czas czytania":"2 minuty"},"schema":{"@context":"https:\/\/schema.org","@graph":[{"@type":"WebPage","@id":"https:\/\/phillipsmedisize.pl\/phillips\/co-robimy\/jak-phillips-medisize-i-jego-produkty-pomagaja-ludziom-w-czasie-pandemii-covid-19\/","url":"https:\/\/phillipsmedisize.pl\/phillips\/co-robimy\/jak-phillips-medisize-i-jego-produkty-pomagaja-ludziom-w-czasie-pandemii-covid-19\/","name":"Jak Phillips-Medisize i jego produkty pomagaj\u0105 ludziom w czasie pandemii COVID-19? - Phillips-Medisize","isPartOf":{"@id":"https:\/\/phillipsmedisize.pl\/phillips\/#website"},"datePublished":"2022-02-03T07:40:24+00:00","dateModified":"2022-02-03T07:40:24+00:00","breadcrumb":{"@id":"https:\/\/phillipsmedisize.pl\/phillips\/co-robimy\/jak-phillips-medisize-i-jego-produkty-pomagaja-ludziom-w-czasie-pandemii-covid-19\/#breadcrumb"},"inLanguage":"pl-PL","potentialAction":[{"@type":"ReadAction","target":["https:\/\/phillipsmedisize.pl\/phillips\/co-robimy\/jak-phillips-medisize-i-jego-produkty-pomagaja-ludziom-w-czasie-pandemii-covid-19\/"]}]},{"@type":"BreadcrumbList","@id":"https:\/\/phillipsmedisize.pl\/phillips\/co-robimy\/jak-phillips-medisize-i-jego-produkty-pomagaja-ludziom-w-czasie-pandemii-covid-19\/#breadcrumb","itemListElement":[{"@type":"ListItem","position":1,"name":"Co robimy?","item":"https:\/\/phillipsmedisize.pl\/phillips\/co-robimy\/"},{"@type":"ListItem","position":2,"name":"Jak Phillips-Medisize i jego produkty pomagaj\u0105 ludziom w czasie pandemii COVID-19?"}]},{"@type":"WebSite","@id":"https:\/\/phillipsmedisize.pl\/phillips\/#website","url":"https:\/\/phillipsmedisize.pl\/phillips\/","name":"Phillips-Medisize","description":"Projektowanie i produkcja specjalistycznych sprz\u0119t\u00f3w i narz\u0119dzi medycznych. W Phillips-Medisize k\u0142adziemy ogromny nacisk na zarz\u0105dzanie jako\u015bci\u0105 i ryzykiem.","potentialAction":[{"@type":"SearchAction","target":{"@type":"EntryPoint","urlTemplate":"https:\/\/phillipsmedisize.pl\/phillips\/?s={search_term_string}"},"query-input":"required name=search_term_string"}],"inLanguage":"pl-PL"}]}},"_links":{"self":[{"href":"https:\/\/phillipsmedisize.pl\/phillips\/wp-json\/wp\/v2\/pages\/359"}],"collection":[{"href":"https:\/\/phillipsmedisize.pl\/phillips\/wp-json\/wp\/v2\/pages"}],"about":[{"href":"https:\/\/phillipsmedisize.pl\/phillips\/wp-json\/wp\/v2\/types\/page"}],"author":[{"embeddable":true,"href":"https:\/\/phillipsmedisize.pl\/phillips\/wp-json\/wp\/v2\/users\/1"}],"replies":[{"embeddable":true,"href":"https:\/\/phillipsmedisize.pl\/phillips\/wp-json\/wp\/v2\/comments?post=359"}],"version-history":[{"count":0,"href":"https:\/\/phillipsmedisize.pl\/phillips\/wp-json\/wp\/v2\/pages\/359\/revisions"}],"up":[{"embeddable":true,"href":"https:\/\/phillipsmedisize.pl\/phillips\/wp-json\/wp\/v2\/pages\/815"}],"wp:featuredmedia":[{"embeddable":true,"href":"https:\/\/phillipsmedisize.pl\/phillips\/wp-json\/wp\/v2\/media\/369"}],"wp:attachment":[{"href":"https:\/\/phillipsmedisize.pl\/phillips\/wp-json\/wp\/v2\/media?parent=359"}],"curies":[{"name":"wp","href":"https:\/\/api.w.org\/{rel}","templated":true}]}}