{"id":364,"date":"2022-02-03T08:47:14","date_gmt":"2022-02-03T07:47:14","guid":{"rendered":"https:\/\/phillipsmedisize.pl\/?page_id=364"},"modified":"2022-02-03T08:47:14","modified_gmt":"2022-02-03T07:47:14","slug":"jaki-jest-charakter-polityki-hr-i-co-jest-jej-celem","status":"publish","type":"page","link":"https:\/\/phillipsmedisize.pl\/phillips\/o-nas\/jaki-jest-charakter-polityki-hr-i-co-jest-jej-celem\/","title":{"rendered":"Jaki jest charakter polityki HR i co jest jej celem?"},"content":{"rendered":"\n<div class=\"wp-block-image img-fluid\"><figure class=\"aligncenter size-full\"><img decoding=\"async\" loading=\"lazy\" src=\"https:\/\/phillipsmedisize.pl\/phillips\/wp-content\/uploads\/sites\/2\/2022\/02\/shutterstock_117648706-1.jpg\" alt=\"\" class=\"wp-image-379\" width=\"NaN\" height=\"NaN\" srcset=\"https:\/\/phillipsmedisize.pl\/phillips\/wp-content\/uploads\/sites\/2\/2022\/02\/shutterstock_117648706-1.jpg 1600w, https:\/\/phillipsmedisize.pl\/phillips\/wp-content\/uploads\/sites\/2\/2022\/02\/shutterstock_117648706-1-300x128.jpg 300w, https:\/\/phillipsmedisize.pl\/phillips\/wp-content\/uploads\/sites\/2\/2022\/02\/shutterstock_117648706-1-1024x435.jpg 1024w, https:\/\/phillipsmedisize.pl\/phillips\/wp-content\/uploads\/sites\/2\/2022\/02\/shutterstock_117648706-1-768x326.jpg 768w, https:\/\/phillipsmedisize.pl\/phillips\/wp-content\/uploads\/sites\/2\/2022\/02\/shutterstock_117648706-1-1536x653.jpg 1536w\" sizes=\"(max-width: 1600px) 100vw, 1600px\" \/><\/figure><\/div>\n\n\n\n<h2 class=\"wp-block-heading\"><strong>Kluczowa rola przemy\u015blanej polityki HR<\/strong><\/h2>\n\n\n\n<p>Wraz z rosn\u0105cym zapotrzebowaniem, Phillips-Medisize zwi\u0119ksza globalne zdolno\u015bci produkcyjne w zakresie innowacyjnych rozwi\u0105za\u0144 w obszarze farmaceutycznym, diagnostyki i technologii medycznych. W zwi\u0105zku z tym powstaj\u0105 nowe centra produkcyjne m.in. w Stanach Zjednoczonych i Chinach. Inwestycje na rynkach lokalnych b\u0119d\u0105 wspiera\u0107 dzia\u0142ania w skali \u015bwiatowej. W styczniu 2022 roku ruszy\u0142a tak\u017ce budowa zak\u0142adu w Siemianowicach \u015al\u0105skich, realizowana przez Phillips-Medisize Polska.<\/p>\n\n\n\n<p>W parze z tymi pracami id\u0105 r\u00f3wnie\u017c zaplanowane dzia\u0142ania w obszarze HR. Sprawnie zorganizowane procesy rekrutacyjne maj\u0105 kluczowe znaczenie, poniewa\u017c tylko dzi\u0119ki nim mo\u017cliwe jest znalezienie i zatrudnienie najlepszych specjalist\u00f3w. \u201eG\u0142\u00f3wna przyczyn\u0105 naszego sukcesu s\u0105 nasi pracownicy\u201d \u2013 powiedzia\u0142 Charles Koch, prezes i dyrektor naczelny KOCH INDUSTRIES. Wiemy, \u017ce nasza pozycja na \u015bwiatowym rynku zale\u017cy od realizacji przemy\u015blanej strategii w obszarze <em>human resources<\/em>.<\/p>\n\n\n\n<h2 class=\"wp-block-heading\"><strong>Si\u0119gamy po najlepszych pracownik\u00f3w na rynku<\/strong><\/h2>\n\n\n\n<p>W ramach Phillips-Medisize Polska za polityk\u0119 rekrutacyjn\u0105 odpowiada zesp\u00f3\u0142 HR, przy wsparciu dzia\u0142u Talent Solutions. Z ca\u0142\u0105 konsekwencj\u0105 d\u0105\u017cymy do budowania i wzmacniania zespo\u0142u, kt\u00f3ry decyduje o sile naszej firmy. Trzonem naszego DNA jest zbi\u00f3r o\u015bmiu warto\u015bci, w centrum kt\u00f3rych zawsze znajduje si\u0119 cz\u0142owiek i jego dobro. W zwi\u0105zku z tym, celem naszych dzia\u0142a\u0144 w obszarze HR jest rekrutowanie wykwalifikowanych pracownik\u00f3w, kt\u00f3rzy dzi\u0119ki swojej wiedzy i kompetencjom, wnios\u0105 cenny wk\u0142ad w realizacj\u0119 naszej wizji.<\/p>\n\n\n\n<p>Chcemy by\u0107 preferowanym partnerem dla wiod\u0105cych klient\u00f3w na ca\u0142ym \u015bwiecie, by tworzy\u0107 dla nich innowacyjne produkty, kt\u00f3re pomagaj\u0105 ludziom cieszy\u0107 si\u0119&nbsp; zdrowszym, aktywnym i bardziej produktywnym \u017cyciem. Ten cel pozwol\u0105 nam osi\u0105gn\u0105\u0107 jedynie pracownicy posiadaj\u0105cy niezb\u0119dn\u0105 wiedz\u0119 oraz przywi\u0105zanie do warto\u015bci takich jak uczciwo\u015b\u0107, odpowiedzialno\u015b\u0107, pokora i szacunek. Dlatego te\u017c dzia\u0142 Talent Solutions funkcjonuje w okre\u015blonych ramach, skutecznie optymalizuj\u0105cych przebieg proces\u00f3w rekrutacji.<\/p>\n\n\n\n<h2 class=\"wp-block-heading\"><strong>Realizujemy wszechstronne&nbsp; i r\u00f3\u017cnorodne dzia\u0142ania<\/strong><\/h2>\n\n\n\n<p>W Phillips-Medisize realizujemy wszechstronn\u0105&nbsp; i r\u00f3\u017cnorodn\u0105 polityk\u0119 HR. Odgrywa ona kluczow\u0105 rol\u0119 w dzia\u0142aniach d\u0142ugoterminowych, a taki charakter ma inwestycja w Siemianowicach \u015al\u0105skich. Rekrutowanym pracownikom zapewniamy atrakcyjne warunki zatrudnienia, bogaty pakiet benefit\u00f3w i mo\u017cliwo\u015bci dalszego rozwoju zawodowego. Przywi\u0105zujemy du\u017c\u0105 wag\u0119 do <em>work-life balance<\/em>, a w polityce zatrudnienia \u2013 do zasad r\u00f3wno\u015bci szans i <em>diversity <\/em>(r\u00f3\u017cnorodno\u015bci). Mamy \u015bwiadomo\u015b\u0107, \u017ce dzia\u0142ania w obszarze HR maj\u0105 wp\u0142yw na kultur\u0119 organizacyjn\u0105 ca\u0142ej firmy.<\/p>\n\n\n\n<p>Wpisujemy si\u0119 tym samym w kultur\u0119 KOCH INDUSTRIES, w kt\u00f3rej dominuje nastawienie na bycie sob\u0105, zaanga\u017cowanie w wykonywanie zada\u0144, odpowiedzialny spos\u00f3b pracy i d\u0105\u017cenie do sta\u0142ego rozwoju kompetencji. Nieustannie inwestujemy wi\u0119c w kapita\u0142 ludzki, by zapewni\u0107 mo\u017cliwo\u015bci rozwoju zawodowego poprzez szkolenia, warsztaty i kursy. Celem naszej polityki HR jest maksymalizacja potencja\u0142u pracownik\u00f3w. Dzi\u0119ki temu wzmocni\u0105 nasz globalny zesp\u00f3\u0142, a tak\u017ce zyskaj\u0105 szans\u0119 na rozw\u00f3j w strukturach naszej organizacji.<\/p>\n","protected":false},"excerpt":{"rendered":"<p>Kluczowa rola przemy\u015blanej polityki HR Wraz z rosn\u0105cym zapotrzebowaniem, Phillips-Medisize zwi\u0119ksza globalne zdolno\u015bci produkcyjne w zakresie innowacyjnych rozwi\u0105za\u0144 w obszarze farmaceutycznym, diagnostyki i technologii medycznych. W zwi\u0105zku z tym powstaj\u0105 nowe centra produkcyjne m.in. w Stanach Zjednoczonych i Chinach. Inwestycje na rynkach lokalnych b\u0119d\u0105 wspiera\u0107 dzia\u0142ania w skali \u015bwiatowej. W styczniu 2022 roku ruszy\u0142a tak\u017ce [&hellip;]<\/p>\n","protected":false},"author":1,"featured_media":367,"parent":814,"menu_order":0,"comment_status":"closed","ping_status":"closed","template":"tpl-page.php","meta":[],"acf":[],"yoast_head":"<!-- This site is optimized with the Yoast SEO plugin v20.5 - https:\/\/yoast.com\/wordpress\/plugins\/seo\/ -->\n<title>Jaki jest charakter polityki HR i co jest jej celem? - Phillips-Medisize<\/title>\n<meta name=\"robots\" content=\"index, follow, max-snippet:-1, max-image-preview:large, max-video-preview:-1\" \/>\n<link rel=\"canonical\" href=\"https:\/\/phillipsmedisize.pl\/phillips\/o-nas\/jaki-jest-charakter-polityki-hr-i-co-jest-jej-celem\/\" \/>\n<meta property=\"og:locale\" content=\"pl_PL\" \/>\n<meta property=\"og:type\" content=\"article\" \/>\n<meta property=\"og:title\" content=\"Jaki jest charakter polityki HR i co jest jej celem? - Phillips-Medisize\" \/>\n<meta property=\"og:description\" content=\"Kluczowa rola przemy\u015blanej polityki HR Wraz z rosn\u0105cym zapotrzebowaniem, Phillips-Medisize zwi\u0119ksza globalne zdolno\u015bci produkcyjne w zakresie innowacyjnych rozwi\u0105za\u0144 w obszarze farmaceutycznym, diagnostyki i technologii medycznych. W zwi\u0105zku z tym powstaj\u0105 nowe centra produkcyjne m.in. w Stanach Zjednoczonych i Chinach. Inwestycje na rynkach lokalnych b\u0119d\u0105 wspiera\u0107 dzia\u0142ania w skali \u015bwiatowej. W styczniu 2022 roku ruszy\u0142a tak\u017ce [&hellip;]\" \/>\n<meta property=\"og:url\" content=\"https:\/\/phillipsmedisize.pl\/phillips\/o-nas\/jaki-jest-charakter-polityki-hr-i-co-jest-jej-celem\/\" \/>\n<meta property=\"og:site_name\" content=\"Phillips-Medisize\" \/>\n<meta property=\"og:image\" content=\"https:\/\/phillipsmedisize.pl\/phillips\/wp-content\/uploads\/sites\/2\/2022\/02\/shutterstock_117648706.jpg\" \/>\n\t<meta property=\"og:image:width\" content=\"1600\" \/>\n\t<meta property=\"og:image:height\" content=\"1067\" \/>\n\t<meta property=\"og:image:type\" content=\"image\/jpeg\" \/>\n<meta name=\"twitter:card\" content=\"summary_large_image\" \/>\n<meta name=\"twitter:label1\" content=\"Szacowany czas czytania\" \/>\n\t<meta name=\"twitter:data1\" content=\"3 minuty\" \/>\n<script type=\"application\/ld+json\" class=\"yoast-schema-graph\">{\"@context\":\"https:\/\/schema.org\",\"@graph\":[{\"@type\":\"WebPage\",\"@id\":\"https:\/\/phillipsmedisize.pl\/phillips\/o-nas\/jaki-jest-charakter-polityki-hr-i-co-jest-jej-celem\/\",\"url\":\"https:\/\/phillipsmedisize.pl\/phillips\/o-nas\/jaki-jest-charakter-polityki-hr-i-co-jest-jej-celem\/\",\"name\":\"Jaki jest charakter polityki HR i co jest jej celem? - Phillips-Medisize\",\"isPartOf\":{\"@id\":\"https:\/\/phillipsmedisize.pl\/phillips\/#website\"},\"datePublished\":\"2022-02-03T07:47:14+00:00\",\"dateModified\":\"2022-02-03T07:47:14+00:00\",\"breadcrumb\":{\"@id\":\"https:\/\/phillipsmedisize.pl\/phillips\/o-nas\/jaki-jest-charakter-polityki-hr-i-co-jest-jej-celem\/#breadcrumb\"},\"inLanguage\":\"pl-PL\",\"potentialAction\":[{\"@type\":\"ReadAction\",\"target\":[\"https:\/\/phillipsmedisize.pl\/phillips\/o-nas\/jaki-jest-charakter-polityki-hr-i-co-jest-jej-celem\/\"]}]},{\"@type\":\"BreadcrumbList\",\"@id\":\"https:\/\/phillipsmedisize.pl\/phillips\/o-nas\/jaki-jest-charakter-polityki-hr-i-co-jest-jej-celem\/#breadcrumb\",\"itemListElement\":[{\"@type\":\"ListItem\",\"position\":1,\"name\":\"O nas\",\"item\":\"https:\/\/phillipsmedisize.pl\/phillips\/o-nas\/\"},{\"@type\":\"ListItem\",\"position\":2,\"name\":\"Jaki jest charakter polityki HR i co jest jej celem?\"}]},{\"@type\":\"WebSite\",\"@id\":\"https:\/\/phillipsmedisize.pl\/phillips\/#website\",\"url\":\"https:\/\/phillipsmedisize.pl\/phillips\/\",\"name\":\"Phillips-Medisize\",\"description\":\"Projektowanie i produkcja specjalistycznych sprz\u0119t\u00f3w i narz\u0119dzi medycznych. W Phillips-Medisize k\u0142adziemy ogromny nacisk na zarz\u0105dzanie jako\u015bci\u0105 i ryzykiem.\",\"potentialAction\":[{\"@type\":\"SearchAction\",\"target\":{\"@type\":\"EntryPoint\",\"urlTemplate\":\"https:\/\/phillipsmedisize.pl\/phillips\/?s={search_term_string}\"},\"query-input\":\"required name=search_term_string\"}],\"inLanguage\":\"pl-PL\"}]}<\/script>\n<!-- \/ Yoast SEO plugin. -->","yoast_head_json":{"title":"Jaki jest charakter polityki HR i co jest jej celem? - Phillips-Medisize","robots":{"index":"index","follow":"follow","max-snippet":"max-snippet:-1","max-image-preview":"max-image-preview:large","max-video-preview":"max-video-preview:-1"},"canonical":"https:\/\/phillipsmedisize.pl\/phillips\/o-nas\/jaki-jest-charakter-polityki-hr-i-co-jest-jej-celem\/","og_locale":"pl_PL","og_type":"article","og_title":"Jaki jest charakter polityki HR i co jest jej celem? - Phillips-Medisize","og_description":"Kluczowa rola przemy\u015blanej polityki HR Wraz z rosn\u0105cym zapotrzebowaniem, Phillips-Medisize zwi\u0119ksza globalne zdolno\u015bci produkcyjne w zakresie innowacyjnych rozwi\u0105za\u0144 w obszarze farmaceutycznym, diagnostyki i technologii medycznych. W zwi\u0105zku z tym powstaj\u0105 nowe centra produkcyjne m.in. w Stanach Zjednoczonych i Chinach. Inwestycje na rynkach lokalnych b\u0119d\u0105 wspiera\u0107 dzia\u0142ania w skali \u015bwiatowej. W styczniu 2022 roku ruszy\u0142a tak\u017ce [&hellip;]","og_url":"https:\/\/phillipsmedisize.pl\/phillips\/o-nas\/jaki-jest-charakter-polityki-hr-i-co-jest-jej-celem\/","og_site_name":"Phillips-Medisize","og_image":[{"width":1600,"height":1067,"url":"https:\/\/phillipsmedisize.pl\/phillips\/wp-content\/uploads\/sites\/2\/2022\/02\/shutterstock_117648706.jpg","type":"image\/jpeg"}],"twitter_card":"summary_large_image","twitter_misc":{"Szacowany czas czytania":"3 minuty"},"schema":{"@context":"https:\/\/schema.org","@graph":[{"@type":"WebPage","@id":"https:\/\/phillipsmedisize.pl\/phillips\/o-nas\/jaki-jest-charakter-polityki-hr-i-co-jest-jej-celem\/","url":"https:\/\/phillipsmedisize.pl\/phillips\/o-nas\/jaki-jest-charakter-polityki-hr-i-co-jest-jej-celem\/","name":"Jaki jest charakter polityki HR i co jest jej celem? - Phillips-Medisize","isPartOf":{"@id":"https:\/\/phillipsmedisize.pl\/phillips\/#website"},"datePublished":"2022-02-03T07:47:14+00:00","dateModified":"2022-02-03T07:47:14+00:00","breadcrumb":{"@id":"https:\/\/phillipsmedisize.pl\/phillips\/o-nas\/jaki-jest-charakter-polityki-hr-i-co-jest-jej-celem\/#breadcrumb"},"inLanguage":"pl-PL","potentialAction":[{"@type":"ReadAction","target":["https:\/\/phillipsmedisize.pl\/phillips\/o-nas\/jaki-jest-charakter-polityki-hr-i-co-jest-jej-celem\/"]}]},{"@type":"BreadcrumbList","@id":"https:\/\/phillipsmedisize.pl\/phillips\/o-nas\/jaki-jest-charakter-polityki-hr-i-co-jest-jej-celem\/#breadcrumb","itemListElement":[{"@type":"ListItem","position":1,"name":"O nas","item":"https:\/\/phillipsmedisize.pl\/phillips\/o-nas\/"},{"@type":"ListItem","position":2,"name":"Jaki jest charakter polityki HR i co jest jej celem?"}]},{"@type":"WebSite","@id":"https:\/\/phillipsmedisize.pl\/phillips\/#website","url":"https:\/\/phillipsmedisize.pl\/phillips\/","name":"Phillips-Medisize","description":"Projektowanie i produkcja specjalistycznych sprz\u0119t\u00f3w i narz\u0119dzi medycznych. W Phillips-Medisize k\u0142adziemy ogromny nacisk na zarz\u0105dzanie jako\u015bci\u0105 i ryzykiem.","potentialAction":[{"@type":"SearchAction","target":{"@type":"EntryPoint","urlTemplate":"https:\/\/phillipsmedisize.pl\/phillips\/?s={search_term_string}"},"query-input":"required name=search_term_string"}],"inLanguage":"pl-PL"}]}},"_links":{"self":[{"href":"https:\/\/phillipsmedisize.pl\/phillips\/wp-json\/wp\/v2\/pages\/364"}],"collection":[{"href":"https:\/\/phillipsmedisize.pl\/phillips\/wp-json\/wp\/v2\/pages"}],"about":[{"href":"https:\/\/phillipsmedisize.pl\/phillips\/wp-json\/wp\/v2\/types\/page"}],"author":[{"embeddable":true,"href":"https:\/\/phillipsmedisize.pl\/phillips\/wp-json\/wp\/v2\/users\/1"}],"replies":[{"embeddable":true,"href":"https:\/\/phillipsmedisize.pl\/phillips\/wp-json\/wp\/v2\/comments?post=364"}],"version-history":[{"count":0,"href":"https:\/\/phillipsmedisize.pl\/phillips\/wp-json\/wp\/v2\/pages\/364\/revisions"}],"up":[{"embeddable":true,"href":"https:\/\/phillipsmedisize.pl\/phillips\/wp-json\/wp\/v2\/pages\/814"}],"wp:featuredmedia":[{"embeddable":true,"href":"https:\/\/phillipsmedisize.pl\/phillips\/wp-json\/wp\/v2\/media\/367"}],"wp:attachment":[{"href":"https:\/\/phillipsmedisize.pl\/phillips\/wp-json\/wp\/v2\/media?parent=364"}],"curies":[{"name":"wp","href":"https:\/\/api.w.org\/{rel}","templated":true}]}}