{"id":815,"date":"2021-12-09T18:08:31","date_gmt":"2021-12-09T17:08:31","guid":{"rendered":"https:\/\/phillipsmedisize.pl\/?page_id=15"},"modified":"2023-07-20T21:25:00","modified_gmt":"2023-07-20T19:25:00","slug":"co-robimy","status":"publish","type":"page","link":"https:\/\/phillipsmedisize.pl\/phillips\/co-robimy\/","title":{"rendered":"Co robimy?"},"content":{"rendered":"<section class=\"bpp\">\n    <div class=\"container\">\n        <div class=\"row\">\n            <div class=\"col-12\">\n                <h2>Badamy, projektujemy i produkujemy<\/h2>\n            <\/div>\n            <div class=\"col-md-3 col-6 bpp_item\">\n                <img decoding=\"async\" src=\"https:\/\/phillipsmedisize.pl\/phillips\/wp-content\/uploads\/sites\/2\/2021\/12\/produkt.png\" class=\"img-fluid\"\/>\n                Nak\u0142uwacze            <\/div>\n            <div class=\"col-md-3 col-6 bpp_item\">\n                <img decoding=\"async\" src=\"https:\/\/phillipsmedisize.pl\/phillips\/wp-content\/uploads\/sites\/2\/2022\/01\/Group-120.png\" class=\"img-fluid\"\/>\n                Wstrzykiwacze            <\/div>\n            <div class=\"col-md-3 col-6 bpp_item\">\n                <img decoding=\"async\" src=\"https:\/\/phillipsmedisize.pl\/phillips\/wp-content\/uploads\/sites\/2\/2022\/01\/Group-27.png\" class=\"img-fluid\"\/>\n                Inhalatory            <\/div>\n            <div class=\"col-md-3 col-6 bpp_item\">\n                <img decoding=\"async\" src=\"https:\/\/phillipsmedisize.pl\/phillips\/wp-content\/uploads\/sites\/2\/2022\/01\/Group-119.png\" class=\"img-fluid\"\/>\n                Dozowniki lek\u00f3w            <\/div>\n            <div class=\"col-12 bpp__more\">\n                <p>i wi\u0119cej&#8230;<\/p>\n            <\/div>\n        <\/div>\n    <\/div>\n<\/section>\n\n\n\n\n<div class=\"b_img_txt \n \n \n     add__circle\">\n    <div class=\"b_img_txt__img add_square\">\n        <div class=\"add__mask\">\n            <img decoding=\"async\" src=\"https:\/\/phillipsmedisize.pl\/phillips\/wp-content\/uploads\/sites\/2\/2021\/12\/medium-shot-scientists-lab-1.jpg\" class=\"img-fluid desktop\"\/>\n            <img decoding=\"async\" src=\"https:\/\/phillipsmedisize.pl\/phillips\/wp-content\/uploads\/sites\/2\/2021\/12\/medium-shot-scientists-lab_mobi.jpg\" class=\"img-fluid mobile\"\/>\n        <\/div>\n    <\/div>\n    <div class=\"b_img_txt__txt \">\n        <h2>Projektowanie produktu<\/h2>\n        <p><p>Ju\u017c na najwcze\u015bniejszym etapie prac analizujemy wszystkie aspekty zwi\u0105zane z przygotowaniem i wdro\u017ceniem projektowanego urz\u0105dzenia w poszczeg\u00f3lne fazy produkcji. Szybko i skutecznie rozwi\u0105zujemy problemy w celu zredukowania koszt\u00f3w, ograniczenia ryzyka i skr\u00f3cenia czasu wprowadzenia produktu na rynek.<\/p>\n<ul>\n<li>Projekty zorientowane na cz\u0142owieka<\/li>\n<li>In\u017cynieria system\u00f3w<\/li>\n<li>Projektowanie elektroniczne<\/li>\n<li>Konstrukcja mechaniczna<\/li>\n<li>Zarz\u0105dzanie ryzykiem<\/li>\n<li>Dokumentacja regulacyjna<\/li>\n<\/ul>\n<\/p>\n            <\/div>\n<\/div>\n\n\n<div class=\"b_img_txt \nreverse \nadd__bg \n     \">\n    <div class=\"b_img_txt__img \">\n        <div class=\"add__mask\">\n            <img decoding=\"async\" src=\"https:\/\/phillipsmedisize.pl\/phillips\/wp-content\/uploads\/sites\/2\/2021\/12\/close-up-scientist-using-microscope-laboratory-room-while-making-medical-testing-research.jpg\" class=\"img-fluid desktop\"\/>\n            <img decoding=\"async\" src=\"https:\/\/phillipsmedisize.pl\/phillips\/wp-content\/uploads\/sites\/2\/2021\/12\/close-up-scientist-using-microscope-laboratory-room-while-making-medical-testing-research.jpg\" class=\"img-fluid mobile\"\/>\n        <\/div>\n    <\/div>\n    <div class=\"b_img_txt__txt \">\n        <h2>Rozw\u00f3j produktu<\/h2>\n        <p><p>W Phillips-Medisize posiadamy zasoby niezb\u0119dne do przygotowania i zrealizowania wszystkich aspekt\u00f3w rozwoju produktu. Dzi\u0119ki temu pracujemy szybko i wydajnie, by przygotowa\u0107 produkcj\u0119 na potrzeby medyczne lub komercyjne.<\/p>\n<ul>\n<li>Projektowanie pod k\u0105tem produkcji i monta\u017cu<\/li>\n<li>Strategia produkcji<\/li>\n<li>In\u017cynieria oprzyrz\u0105dowania<\/li>\n<li>Automatyzacja procesu<\/li>\n<li>In\u017cynieria testowa<\/li>\n<\/ul>\n<\/p>\n            <\/div>\n<\/div>\n\n\n<div class=\"b_img_txt \n \n \n     \">\n    <div class=\"b_img_txt__img add_square\">\n        <div class=\"add__mask\">\n            <img decoding=\"async\" src=\"https:\/\/phillipsmedisize.pl\/phillips\/wp-content\/uploads\/sites\/2\/2022\/01\/medium-shot-scientist-working-with-microscope-1.jpg\" class=\"img-fluid desktop\"\/>\n            <img decoding=\"async\" src=\"https:\/\/phillipsmedisize.pl\/phillips\/wp-content\/uploads\/sites\/2\/2022\/01\/medium-shot-scientist-working-with-microscope-1.jpg\" class=\"img-fluid mobile\"\/>\n        <\/div>\n    <\/div>\n    <div class=\"b_img_txt__txt \">\n        <h2>Proces produkcji<\/h2>\n        <p><p>Nasze globalne us\u0142ugi produkcyjne charakteryzuje elastyczno\u015b\u0107 pozwalaj\u0105ca na szybkie zwi\u0119kszenie skali dzia\u0142a\u0144, gdy jest to potrzebne. Wszystko to dzi\u0119ki zapleczu, jakim dysponuje nasza firma macierzysta Molex, posiadaj\u0105ca ponad 60 zak\u0142ad\u00f3w na ca\u0142ym \u015bwiecie. Nasi Klienci zyskuj\u0105 pewnego partnera, kt\u00f3ry dostarczy produkt na czas, zgodnie z najwy\u017cszymi standardami.<\/p>\n<ul>\n<li>Mo\u017cliwo\u015bci produkcyjne na skal\u0119 \u015bwiatow\u0105<\/li>\n<li>Dedykowane obiekty do prowadzenia bada\u0144 klinicznych i produkcji<\/li>\n<li>Dokumentacja bada\u0144 klinicznych<\/li>\n<li>Produkcja metali i formowanie wtryskowe<\/li>\n<li>Z\u0142\u0105cza, kable, \u015bwiat\u0142owody i podzespo\u0142y elektroniczne<\/li>\n<li>Rozwi\u0105zania w zakresie pakowania i identyfikowalno\u015bci wyrob\u00f3w<\/li>\n<li>R\u0119czne i zautomatyzowane pakowanie w sterylne blistry<\/li>\n<\/ul>\n<\/p>\n            <\/div>\n<\/div>\n\n\n\n<div class=\"wp-block-columns is-layout-flex wp-container-3\">\n<div class=\"wp-block-column is-layout-flow\">\n<h2 class=\"wp-block-heading\"><strong>Us\u0142ugi po wprowadzeniu produktu na rynek<\/strong><\/h2>\n\n\n\n<p>Po dostarczeniu produktu na rynek nale\u017cy go na nim utrzyma\u0107. Niezale\u017cnie od tego, czy Klient potrzebuje doradztwa prawnego w zakresie us\u0142ug produkcyjnych, obowi\u0105zuj\u0105cych przepis\u00f3w, czy strategii \u0142a\u0144cucha dostaw, dysponujemy potencja\u0142em, kt\u00f3ry efektywnie wspiera wszystkie potrzebne dzia\u0142ania tak\u017ce po wprowadzeniu produktu na rynek.<\/p>\n\n\n\n<ul>\n<li>Pionier w dziedzinie zintegrowanych urz\u0105dze\u0144 i hostingu danych<\/li>\n\n\n\n<li>Produkcja zgodna ze standardami prawnymi<\/li>\n\n\n\n<li>Nadz\u00f3r nad produktem po wprowadzeniu na rynek<\/li>\n\n\n\n<li>Doradztwo regulacyjne: produkty \u0142\u0105czone, patenty, znak CE i inne<\/li>\n\n\n\n<li>Hosting i utrzymanie w zakresie rozwi\u0105za\u0144 z obszaru ochrony zdrowia<\/li>\n<\/ul>\n<\/div>\n\n\n\n<div class=\"wp-block-column is-layout-flow\">\n<h2 class=\"wp-block-heading\"><strong>Nasze produkty<\/strong><\/h2>\n\n\n\n<p>Phillips-Medisize wsp\u00f3\u0142pracuje z Klientami w celu przygotowania rozwi\u0105za\u0144, kt\u00f3re spe\u0142niaj\u0105 specyficzne wymogi, np. w zakresie budowy czy wygl\u0105du produktu. Zapewniamy zar\u00f3wno mo\u017cliwo\u015b\u0107 dostarczania produkt\u00f3w (produkt\u00f3w gotowych czy komponent\u00f3w) bezpo\u015brednio do odbiorc\u00f3w ko\u0144cowych, jak r\u00f3wnie\u017c sprzeda\u017c do innego podmiotu w ramach Grupy Phillips-Medisize \/ Molex, kt\u00f3ry nast\u0119pnie odsprzedaje produkty klientom ko\u0144cowym. Nasze produkty obejmuj\u0105:<\/p>\n\n\n\n<ul>\n<li>Nak\u0142uwacze<\/li>\n\n\n\n<li>Wstrzykiwacze<\/li>\n\n\n\n<li>Inhalatory<\/li>\n\n\n\n<li>Pompy infuzyjne<\/li>\n\n\n\n<li>Respiratory<\/li>\n\n\n\n<li>Dozowniki lek\u00f3w<\/li>\n<\/ul>\n<\/div>\n<\/div>\n\n\n\n<h2 class=\"wp-block-heading\"><strong>Jak dzia\u0142amy w obszarze farmaceutycznym <\/strong><\/h2>\n\n\n\n<p>Dzi\u0119ki unikalnym kompetencjom wprowadzamy na rynek urz\u0105dzenia do podawania lek\u00f3w z my\u015bl\u0105 o poprawie jako\u015bci \u017cycia ich u\u017cytkownik\u00f3w. Na etapach projektu, rozwoju, produkcji i dystrybucji wsp\u00f3\u0142pracujemy z firmami farmaceutycznymi, innowatorami i producentami lek\u00f3w generycznych \/ biosilimer\u00f3w. Kooperacja pozwala nam ka\u017cdego roku produkowa\u0107 miliony urz\u0105dze\u0144. Realizujemy wszystkie fazy projektu, dzi\u0119ki czemu pomys\u0142y naszych Klient\u00f3w materializuj\u0105 si\u0119 w postaci skutecznych rozwi\u0105za\u0144 technologicznych. <\/p>\n\n\n\n<h2 class=\"wp-block-heading\"><strong>Jak dzia\u0142amy w obszarze diagnostyki<\/strong> <\/h2>\n\n\n\n<p>Wykorzystujemy nasz\u0105 wiedz\u0119 i <em>know-how<\/em>, by pom\u00f3c Klientom w wytwarzaniu materia\u0142\u00f3w eksploatacyjnych dla diagnostyki oraz zestaw\u00f3w diagnostycznych stosowanych w punktach opieki zdrowotnej. Potencja\u0142 Phillips-Medisize to dost\u0119p do specjalistycznej wiedzy w zakresie odczynnik\u00f3w, test\u00f3w metody przep\u0142ywu bocznego, system\u00f3w elektronicznych i innych obszar\u00f3w. Nasze mo\u017cliwo\u015bci technologiczne zapewniaj\u0105 odpowiedni\u0105 skal\u0119 produkcji, a wiedza naszych specjalist\u00f3w pozwala zmniejsza\u0107 ryzyko zwi\u0105zane z tym procesem. <\/p>\n\n\n\n<h2 class=\"wp-block-heading\"><strong>Jak dzia\u0142amy w obszarze technologii medycznych<\/strong> <\/h2>\n\n\n\n<p>Jeste\u015bmy \u015bwiatowym liderem w projektowaniu, rozwoju i produkcji urz\u0105dze\u0144 medycznych i produkt\u00f3w \u0142\u0105czonych. W efektywny spos\u00f3b pomagamy wprowadza\u0107 na rynek sprz\u0119t medyczny nowej generacji. Gwarancj\u0119 szybko\u015bci tego procesu stanowi\u0105 zaawansowane techniki formowania wtryskowego. Nasze wszechstronne portfolio obejmuje m.in. rozwi\u0105zania z zakresu elektrofizjologii, cewniki, prowadniki przezsk\u00f3rne, zastawki hemostatyczne oraz urz\u0105dzenia chirurgiczne jednorazowego i wielorazowego u\u017cytku. <\/p>\n\n\n<div class=\"b_img_txt \n \nadd__bg \n     add__circle\">\n    <div class=\"b_img_txt__img \">\n        <div class=\"add__mask\">\n            <img decoding=\"async\" src=\"https:\/\/phillipsmedisize.pl\/phillips\/wp-content\/uploads\/sites\/2\/2022\/02\/shutterstock_759427309.jpg\" class=\"img-fluid desktop\"\/>\n            <img decoding=\"async\" src=\"https:\/\/phillipsmedisize.pl\/phillips\/wp-content\/uploads\/sites\/2\/2022\/02\/shutterstock_759427309-1.jpg\" class=\"img-fluid mobile\"\/>\n        <\/div>\n    <\/div>\n    <div class=\"b_img_txt__txt \">\n        <h2>Jak Phillips-Medisize i jego produkty pomagaj\u0105 ludziom w czasie pandemii COVID-19?<\/h2>\n        <p><p>Phillips-Medisize wykorzystuje zgromadzone know-how i potencja\u0142 technologiczny w walce ze \u015bwiatow\u0105 pandemi\u0105 COVID-19. Nawi\u0105zali\u015bmy wsp\u00f3\u0142prac\u0119 z medycznym startupem SOTECH Health, by opracowa\u0107 tzw. analizator oddechu, kt\u00f3ry mo\u017ce wykry\u0107 obecno\u015b\u0107 koronawirusa w ludzkim organizmie w czasie kr\u00f3tszym ni\u017c 30 sekund. <\/p>\n<\/p>\n                    <a href=\"https:\/\/phillipsmedisize.pl\/co-robimy\/jak-phillips-medisize-i-jego-produkty-pomagaja-ludziom-w-czasie-pandemii-covid-19\/\" class=\"b_img_link\" alt=\"przejd\u017a do Czytaj dalej\">\n                Czytaj dalej            <\/a>\n            <\/div>\n<\/div>\n\n\n\n<h2 class=\"wp-block-heading\"><strong>Dzia\u0142ania globalne<\/strong><\/h2>\n\n\n\n<p>Projektuj\u0105c produkt dla Klienta, ju\u017c na najwcze\u015bniejszych etapach prac analizujemy ka\u017cdy jego aspekt. Dzi\u0119ki szerokim mo\u017cliwo\u015bciom w zakresie bada\u0144 i rozwoju, w optymalny spos\u00f3b przygotowujemy produkt do poszczeg\u00f3lnych etap\u00f3w produkcji. Realizacj\u0119 naszej wizji umo\u017cliwia silna orientacja na innowacyjno\u015b\u0107 i przywi\u0105zanie do tworzenia warto\u015bci dodanej. Dzia\u0142ania Phillips-Medisize w skali globalnej wspieraj\u0105: <\/p>\n\n\n\n<ul>\n<li>O\u015brodki badawczo-rozwojowe w Stanach Zjednoczonych, Europie i Azji<\/li>\n\n\n\n<li>3 zak\u0142ady produkuj\u0105ce narz\u0119dzia<\/li>\n\n\n\n<li>Ponad 700 maszyn formuj\u0105cych<\/li>\n\n\n\n<li>Ponad 180 linii monta\u017cowych<\/li>\n\n\n\n<li>Ponad 25 linii do produkcji p\u0142ytek drukowanych<\/li>\n\n\n\n<li>200 innowacyjnych program\u00f3w uruchomionych w ci\u0105gu ostatnich czterech lat<\/li>\n<\/ul>\n","protected":false},"excerpt":{"rendered":"<p>Us\u0142ugi po wprowadzeniu produktu na rynek Po dostarczeniu produktu na rynek nale\u017cy go na nim utrzyma\u0107. Niezale\u017cnie od tego, czy Klient potrzebuje doradztwa prawnego w zakresie us\u0142ug produkcyjnych, obowi\u0105zuj\u0105cych przepis\u00f3w, czy strategii \u0142a\u0144cucha dostaw, dysponujemy potencja\u0142em, kt\u00f3ry efektywnie wspiera wszystkie potrzebne dzia\u0142ania tak\u017ce po wprowadzeniu produktu na rynek. Nasze produkty Phillips-Medisize wsp\u00f3\u0142pracuje z Klientami w [&hellip;]<\/p>\n","protected":false},"author":1,"featured_media":792,"parent":0,"menu_order":0,"comment_status":"closed","ping_status":"closed","template":"tpl-page.php","meta":[],"acf":[],"yoast_head":"<!-- This site is optimized with the Yoast SEO plugin v20.5 - https:\/\/yoast.com\/wordpress\/plugins\/seo\/ -->\n<title>Co robimy \u2013 Projekty i produkcja sprz\u0119t\u00f3w medycznych | Phillips-Medisize<\/title>\n<meta name=\"description\" content=\"Phillips-Medisize projektuje, produkuje oraz wprowadza na rynek innowacyjne produkty dla bran\u017cy ochrony zdrowia.\" \/>\n<meta name=\"robots\" content=\"index, follow, max-snippet:-1, max-image-preview:large, max-video-preview:-1\" \/>\n<link rel=\"canonical\" href=\"https:\/\/phillipsmedisize.pl\/phillips\/co-robimy\/\" \/>\n<meta property=\"og:locale\" content=\"pl_PL\" \/>\n<meta property=\"og:type\" content=\"article\" \/>\n<meta property=\"og:title\" content=\"Co robimy \u2013 Projekty i produkcja sprz\u0119t\u00f3w medycznych | Phillips-Medisize\" \/>\n<meta property=\"og:description\" content=\"Phillips-Medisize projektuje, produkuje oraz wprowadza na rynek innowacyjne produkty dla bran\u017cy ochrony zdrowia.\" \/>\n<meta property=\"og:url\" content=\"https:\/\/phillipsmedisize.pl\/phillips\/co-robimy\/\" \/>\n<meta property=\"og:site_name\" content=\"Phillips-Medisize\" \/>\n<meta property=\"article:modified_time\" content=\"2023-07-20T19:25:00+00:00\" \/>\n<meta property=\"og:image\" content=\"https:\/\/phillipsmedisize.pl\/phillips\/wp-content\/uploads\/sites\/2\/2022\/01\/medisize.jpg\" \/>\n\t<meta property=\"og:image:width\" content=\"1200\" \/>\n\t<meta property=\"og:image:height\" content=\"628\" \/>\n\t<meta property=\"og:image:type\" content=\"image\/jpeg\" \/>\n<meta name=\"twitter:card\" content=\"summary_large_image\" \/>\n<meta name=\"twitter:image\" content=\"https:\/\/phillipsmedisize.pl\/phillips\/wp-content\/uploads\/sites\/2\/2022\/01\/medisize.jpg\" \/>\n<meta name=\"twitter:label1\" content=\"Szacowany czas czytania\" \/>\n\t<meta name=\"twitter:data1\" content=\"3 minuty\" \/>\n<script type=\"application\/ld+json\" class=\"yoast-schema-graph\">{\"@context\":\"https:\/\/schema.org\",\"@graph\":[{\"@type\":\"WebPage\",\"@id\":\"https:\/\/phillipsmedisize.pl\/phillips\/co-robimy\/\",\"url\":\"https:\/\/phillipsmedisize.pl\/phillips\/co-robimy\/\",\"name\":\"Co robimy \u2013 Projekty i produkcja sprz\u0119t\u00f3w medycznych | Phillips-Medisize\",\"isPartOf\":{\"@id\":\"https:\/\/phillipsmedisize.pl\/phillips\/#website\"},\"datePublished\":\"2021-12-09T17:08:31+00:00\",\"dateModified\":\"2023-07-20T19:25:00+00:00\",\"description\":\"Phillips-Medisize projektuje, produkuje oraz wprowadza na rynek innowacyjne produkty dla bran\u017cy ochrony zdrowia.\",\"inLanguage\":\"pl-PL\",\"potentialAction\":[{\"@type\":\"ReadAction\",\"target\":[\"https:\/\/phillipsmedisize.pl\/phillips\/co-robimy\/\"]}]},{\"@type\":\"WebSite\",\"@id\":\"https:\/\/phillipsmedisize.pl\/phillips\/#website\",\"url\":\"https:\/\/phillipsmedisize.pl\/phillips\/\",\"name\":\"Phillips-Medisize\",\"description\":\"Projektowanie i produkcja specjalistycznych sprz\u0119t\u00f3w i narz\u0119dzi medycznych. W Phillips-Medisize k\u0142adziemy ogromny nacisk na zarz\u0105dzanie jako\u015bci\u0105 i ryzykiem.\",\"potentialAction\":[{\"@type\":\"SearchAction\",\"target\":{\"@type\":\"EntryPoint\",\"urlTemplate\":\"https:\/\/phillipsmedisize.pl\/phillips\/?s={search_term_string}\"},\"query-input\":\"required name=search_term_string\"}],\"inLanguage\":\"pl-PL\"}]}<\/script>\n<!-- \/ Yoast SEO plugin. -->","yoast_head_json":{"title":"Co robimy \u2013 Projekty i produkcja sprz\u0119t\u00f3w medycznych | Phillips-Medisize","description":"Phillips-Medisize projektuje, produkuje oraz wprowadza na rynek innowacyjne produkty dla bran\u017cy ochrony zdrowia.","robots":{"index":"index","follow":"follow","max-snippet":"max-snippet:-1","max-image-preview":"max-image-preview:large","max-video-preview":"max-video-preview:-1"},"canonical":"https:\/\/phillipsmedisize.pl\/phillips\/co-robimy\/","og_locale":"pl_PL","og_type":"article","og_title":"Co robimy \u2013 Projekty i produkcja sprz\u0119t\u00f3w medycznych | Phillips-Medisize","og_description":"Phillips-Medisize projektuje, produkuje oraz wprowadza na rynek innowacyjne produkty dla bran\u017cy ochrony zdrowia.","og_url":"https:\/\/phillipsmedisize.pl\/phillips\/co-robimy\/","og_site_name":"Phillips-Medisize","article_modified_time":"2023-07-20T19:25:00+00:00","og_image":[{"width":1200,"height":628,"url":"https:\/\/phillipsmedisize.pl\/phillips\/wp-content\/uploads\/sites\/2\/2022\/01\/medisize.jpg","type":"image\/jpeg"}],"twitter_card":"summary_large_image","twitter_image":"https:\/\/phillipsmedisize.pl\/phillips\/wp-content\/uploads\/sites\/2\/2022\/01\/medisize.jpg","twitter_misc":{"Szacowany czas czytania":"3 minuty"},"schema":{"@context":"https:\/\/schema.org","@graph":[{"@type":"WebPage","@id":"https:\/\/phillipsmedisize.pl\/phillips\/co-robimy\/","url":"https:\/\/phillipsmedisize.pl\/phillips\/co-robimy\/","name":"Co robimy \u2013 Projekty i produkcja sprz\u0119t\u00f3w medycznych | Phillips-Medisize","isPartOf":{"@id":"https:\/\/phillipsmedisize.pl\/phillips\/#website"},"datePublished":"2021-12-09T17:08:31+00:00","dateModified":"2023-07-20T19:25:00+00:00","description":"Phillips-Medisize projektuje, produkuje oraz wprowadza na rynek innowacyjne produkty dla bran\u017cy ochrony zdrowia.","inLanguage":"pl-PL","potentialAction":[{"@type":"ReadAction","target":["https:\/\/phillipsmedisize.pl\/phillips\/co-robimy\/"]}]},{"@type":"WebSite","@id":"https:\/\/phillipsmedisize.pl\/phillips\/#website","url":"https:\/\/phillipsmedisize.pl\/phillips\/","name":"Phillips-Medisize","description":"Projektowanie i produkcja specjalistycznych sprz\u0119t\u00f3w i narz\u0119dzi medycznych. W Phillips-Medisize k\u0142adziemy ogromny nacisk na zarz\u0105dzanie jako\u015bci\u0105 i ryzykiem.","potentialAction":[{"@type":"SearchAction","target":{"@type":"EntryPoint","urlTemplate":"https:\/\/phillipsmedisize.pl\/phillips\/?s={search_term_string}"},"query-input":"required name=search_term_string"}],"inLanguage":"pl-PL"}]}},"_links":{"self":[{"href":"https:\/\/phillipsmedisize.pl\/phillips\/wp-json\/wp\/v2\/pages\/815"}],"collection":[{"href":"https:\/\/phillipsmedisize.pl\/phillips\/wp-json\/wp\/v2\/pages"}],"about":[{"href":"https:\/\/phillipsmedisize.pl\/phillips\/wp-json\/wp\/v2\/types\/page"}],"author":[{"embeddable":true,"href":"https:\/\/phillipsmedisize.pl\/phillips\/wp-json\/wp\/v2\/users\/1"}],"replies":[{"embeddable":true,"href":"https:\/\/phillipsmedisize.pl\/phillips\/wp-json\/wp\/v2\/comments?post=815"}],"version-history":[{"count":2,"href":"https:\/\/phillipsmedisize.pl\/phillips\/wp-json\/wp\/v2\/pages\/815\/revisions"}],"predecessor-version":[{"id":891,"href":"https:\/\/phillipsmedisize.pl\/phillips\/wp-json\/wp\/v2\/pages\/815\/revisions\/891"}],"wp:featuredmedia":[{"embeddable":true,"href":"https:\/\/phillipsmedisize.pl\/phillips\/wp-json\/wp\/v2\/media\/792"}],"wp:attachment":[{"href":"https:\/\/phillipsmedisize.pl\/phillips\/wp-json\/wp\/v2\/media?parent=815"}],"curies":[{"name":"wp","href":"https:\/\/api.w.org\/{rel}","templated":true}]}}