{"id":816,"date":"2021-12-09T18:09:01","date_gmt":"2021-12-09T17:09:01","guid":{"rendered":"https:\/\/phillipsmedisize.pl\/?page_id=17"},"modified":"2023-07-20T21:23:52","modified_gmt":"2023-07-20T19:23:52","slug":"nasza-wizja","status":"publish","type":"page","link":"https:\/\/phillipsmedisize.pl\/phillips\/nasza-wizja\/","title":{"rendered":"Nasza wizja"},"content":{"rendered":"\n<div class=\"wp-block-columns is-layout-flex wp-container-3\">\n<div class=\"wp-block-column is-layout-flow\" style=\"flex-basis:50%\">\n<p><\/p>\n\n\n\n<p><strong>PBM\u2122<\/strong> \u2013 filozofia biznesu opracowana przez Charlesa Kocha ma na celu promowanie kultury umo\u017cliwiaj\u0105cej tworzenie innowacyjnych produkt\u00f3w i dostarczanie us\u0142ug poprawiaj\u0105cych komfort \u017cycia. Zasady PBM\u2122 okre\u015blaj\u0105, kim jeste\u015bmy jako organizacja. Ka\u017cdy pracownik w grupie Koch jest odpowiedzialny za ich przestrzegania ka\u017cdego dnia. To one definiuj\u0105 oraz wzmacniaj\u0105 nasz potencja\u0142.<\/p>\n<\/div>\n\n\n\n<div class=\"wp-block-column is-layout-flow\" style=\"flex-basis:50%\"><div class=\"wp-block-image\">\n<figure class=\"aligncenter size-full\"><img decoding=\"async\" loading=\"lazy\" width=\"233\" height=\"216\" src=\"https:\/\/phillipsmedisize.pl\/phillips\/wp-content\/uploads\/sites\/2\/2022\/01\/MBM-ZDJECIE.jpg\" alt=\"\" class=\"wp-image-295\"\/><\/figure><\/div><\/div>\n<\/div>\n\n\n\n<div class=\"wp-block-columns is-layout-flex wp-container-6\">\n<div class=\"wp-block-column is-layout-flow\" style=\"flex-basis:50%\"><div class=\"wp-block-image\">\n<figure class=\"aligncenter size-full is-resized\"><a href=\"https:\/\/phillipsmedisize.pl\/phillips\/wp-content\/uploads\/sites\/2\/2022\/01\/Guiding-principles-PL.pdf\" target=\"_blank\" rel=\"noopener\"><img decoding=\"async\" loading=\"lazy\" src=\"https:\/\/phillipsmedisize.pl\/phillips\/wp-content\/uploads\/sites\/2\/2021\/12\/8zasad.jpg\" alt=\"\" class=\"wp-image-163\" width=\"330\" height=\"422\" srcset=\"https:\/\/phillipsmedisize.pl\/phillips\/wp-content\/uploads\/sites\/2\/2021\/12\/8zasad.jpg 330w, https:\/\/phillipsmedisize.pl\/phillips\/wp-content\/uploads\/sites\/2\/2021\/12\/8zasad-235x300.jpg 235w\" sizes=\"(max-width: 330px) 100vw, 330px\" \/><\/a><\/figure><\/div><\/div>\n\n\n\n<div class=\"wp-block-column is-layout-flow\" style=\"flex-basis:50%\">\n<h2 class=\"wp-block-heading\"><strong>Nasze warto\u015bci<\/strong><\/h2>\n\n\n\n<p>Zasady PBM\u2122 wzajemnie si\u0119 uzupe\u0142niaj\u0105 i tworz\u0105 drogowskaz pozwalaj\u0105cy nam jeszcze pe\u0142niej realizowa\u0107 nasz\u0105 misj\u0119. Pami\u0119tamy przy tym, \u017ce w centrum naszych wszelkich dzia\u0142a\u0144 zawsze jest cz\u0142owiek i jego dobro. Filary, na kt\u00f3rych opiera si\u0119 filozofia PBM\u2122, to:<\/p>\n\n\n\n<ul>\n<li>Wizja<\/li>\n\n\n\n<li>Warto\u015bci i Talenty<\/li>\n\n\n\n<li>Wiedza<\/li>\n\n\n\n<li>Przewaga komparatywna<\/li>\n\n\n\n<li>Motywacja\u00a0<\/li>\n<\/ul>\n<\/div>\n<\/div>\n\n\n\n<div style=\"height:32px\" aria-hidden=\"true\" class=\"wp-block-spacer\"><\/div>\n\n\n\n<div class=\"wp-block-columns is-layout-flex wp-container-10\">\n<div class=\"wp-block-column is-layout-flow\"><div class=\"wp-block-image\">\n<figure class=\"aligncenter size-thumbnail\"><img decoding=\"async\" loading=\"lazy\" width=\"150\" height=\"150\" src=\"https:\/\/phillipsmedisize.pl\/phillips\/wp-content\/uploads\/sites\/2\/2022\/01\/icon1_green-150x150.png\" alt=\"\" class=\"wp-image-319\" srcset=\"https:\/\/phillipsmedisize.pl\/phillips\/wp-content\/uploads\/sites\/2\/2022\/01\/icon1_green-150x150.png 150w, https:\/\/phillipsmedisize.pl\/phillips\/wp-content\/uploads\/sites\/2\/2022\/01\/icon1_green-300x300.png 300w, https:\/\/phillipsmedisize.pl\/phillips\/wp-content\/uploads\/sites\/2\/2022\/01\/icon1_green.png 433w\" sizes=\"(max-width: 150px) 100vw, 150px\" \/><\/figure><\/div>\n\n\n<p class=\"has-text-align-center\">Wykorzystujemy nasz\u0105 przewag\u0119 konkurencyjn\u0105 w zakresie kompleksowego rozwoju&nbsp;mo\u017cliwo\u015bci i mocy produkcyjnych <\/p>\n<\/div>\n\n\n\n<div class=\"wp-block-column is-layout-flow\"><div class=\"wp-block-image\">\n<figure class=\"aligncenter size-thumbnail\"><img decoding=\"async\" loading=\"lazy\" width=\"150\" height=\"150\" src=\"https:\/\/phillipsmedisize.pl\/phillips\/wp-content\/uploads\/sites\/2\/2022\/01\/icon2_green-150x150.png\" alt=\"\" class=\"wp-image-317\" srcset=\"https:\/\/phillipsmedisize.pl\/phillips\/wp-content\/uploads\/sites\/2\/2022\/01\/icon2_green-150x150.png 150w, https:\/\/phillipsmedisize.pl\/phillips\/wp-content\/uploads\/sites\/2\/2022\/01\/icon2_green-300x300.png 300w, https:\/\/phillipsmedisize.pl\/phillips\/wp-content\/uploads\/sites\/2\/2022\/01\/icon2_green.png 433w\" sizes=\"(max-width: 150px) 100vw, 150px\" \/><\/figure><\/div>\n\n\n<p class=\"has-text-align-center\">W naszej pracy kierujemy si\u0119 zasadami Principle Based Management\u00a0\u2013 PBM\u2122 \u00a0promuj\u0105cymi ci\u0105g\u0142e doskonalenie oraz transformacj\u0119 <\/p>\n<\/div>\n\n\n\n<div class=\"wp-block-column is-layout-flow\"><div class=\"wp-block-image\">\n<figure class=\"aligncenter size-thumbnail\"><img decoding=\"async\" loading=\"lazy\" width=\"150\" height=\"150\" src=\"https:\/\/phillipsmedisize.pl\/phillips\/wp-content\/uploads\/sites\/2\/2022\/01\/icon3_green-150x150.png\" alt=\"\" class=\"wp-image-318\" srcset=\"https:\/\/phillipsmedisize.pl\/phillips\/wp-content\/uploads\/sites\/2\/2022\/01\/icon3_green-150x150.png 150w, https:\/\/phillipsmedisize.pl\/phillips\/wp-content\/uploads\/sites\/2\/2022\/01\/icon3_green-300x300.png 300w, https:\/\/phillipsmedisize.pl\/phillips\/wp-content\/uploads\/sites\/2\/2022\/01\/icon3_green.png 433w\" sizes=\"(max-width: 150px) 100vw, 150px\" \/><\/figure><\/div>\n\n\n<p class=\"has-text-align-center\"> Inwestujemy w pracownik\u00f3w i nowe technologie, kt\u00f3re tworz\u0105 cykl wzajemnych korzy\u015bci <\/p>\n<\/div>\n<\/div>\n\n\n\n<div style=\"height:32px\" aria-hidden=\"true\" class=\"wp-block-spacer\"><\/div>\n\n\n\n<h2 class=\"wp-block-heading\"><strong>Przyspieszamy innowacyjno\u015b\u0107 w r\u00f3\u017cnych bran\u017cach<\/strong><\/h2>\n\n\n\n<p>Misj\u0105 Phillips-Medisize jest wspieranie ochrony zdrowia na poziomie globalnym poprzez dostarczanie innowacyjnych produkt\u00f3w. Dzi\u0119ki wieloletniemu do\u015bwiadczeniu, zasobom <em>know-how<\/em> i potencja\u0142owi naukowo-technologicznemu, pomagamy zmienia\u0107 \u015bwiat. Wspieramy Klient\u00f3w we wprowadzaniu na rynek najwy\u017cszej jako\u015bci rozwi\u0105za\u0144 z obszaru farmaceutyki, diagnostyki i technologii medycznych. Na polski rynek wnosimy unikalne <em>know-how<\/em> i gwarancj\u0119 jako\u015bci, zar\u00f3wno je\u015bli chodzi o produkty, jak r\u00f3wnie\u017c o spos\u00f3b organizacji i standardy pracy.<\/p>\n\n\n\n<h2 class=\"wp-block-heading\"><strong>Zwi\u0119kszamy skal\u0119 produkcji na rynek \u015bwiatowy<\/strong><\/h2>\n\n\n\n<p>Jako jedna z najwi\u0119kszych firm zajmuj\u0105cych si\u0119 rozwojem i produkcj\u0105 kontraktow\u0105 (CDMO) o globalnym zasi\u0119gu, sprawnie i szybko wprowadzamy nowe produkty na rynek. Po\u0142\u0105czenie \u015bwiatowej skali dzia\u0142alno\u015bci grupy KOCH, kt\u00f3rej cz\u0119\u015bci\u0105 jest Molex (w\u0142a\u015bciciel Phillips-Medisize) w obszarze elektroniki z si\u0142\u0105 projektow\u0105 oraz mocami produkcyjnymi Phillips-Medisize czyni z nas globalnego lidera w opracowywaniu i wytwarzaniu szeregu innowacyjnych rozwi\u0105za\u0144. Miliony produkt\u00f3w trafiaj\u0105cych na rynek ka\u017cdego roku doskona\u0142e ilustruj\u0105 wszechstronny potencja\u0142 naszej grupy.<\/p>\n\n\n\n<h2 class=\"wp-block-heading\"><strong>Partnerstwo, spo\u0142eczna odpowiedzialno\u015b\u0107 biznesu i zr\u00f3wnowa\u017cony rozw\u00f3j<\/strong><\/h2>\n\n\n\n<p>Phillips-Medisize to przedsi\u0119biorstwo, kt\u00f3re w swoje DNA ma wpisan\u0105 ide\u0119 partnerstwa. Dotyczy ona wszystkich interesariuszy \u2013 pocz\u0105wszy od Klient\u00f3w i Partner\u00f3w biznesowych, poprzez Pracownik\u00f3w i ich rodziny, a\u017c po spo\u0142eczno\u015b\u0107 lokaln\u0105. Kieruj\u0105c si\u0119 zasadami spo\u0142ecznej odpowiedzialno\u015bci biznesu (CSR) oferujemy naszym Pracownikom korzystne warunki zatrudnienia, a jako mecenas b\u0119dziemy wspiera\u0107 lokalne inicjatywy spo\u0142eczne, kulturalne i sportowe.<\/p>\n\n\n\n<p>Jeste\u015bmy \u015bwiatowym liderem w dziedzinie zr\u00f3wnowa\u017conego rozwoju. Podejmujemy szereg dzia\u0142a\u0144 nie tylko na rzecz ochrony zdrowia i bezpiecze\u0144stwa ludzi, ale tak\u017ce w zakresie ochrony \u015brodowiska naturalnego. D\u0105\u017cymy do zmniejszania zu\u017cycia energii i poziomu emisji gaz\u00f3w cieplarnianych, zwi\u0119kszania poziomu efektywno\u015bci energetycznej oraz upowszechniania recyklingu. W ramach partnerstwa spo\u0142ecznego dzia\u0142amy na rzecz ochrony siedlisk dzikiej przyrody i promocji edukacji ekologicznej.<\/p>\n","protected":false},"excerpt":{"rendered":"<p>PBM\u2122 \u2013 filozofia biznesu opracowana przez Charlesa Kocha ma na celu promowanie kultury umo\u017cliwiaj\u0105cej tworzenie innowacyjnych produkt\u00f3w i dostarczanie us\u0142ug poprawiaj\u0105cych komfort \u017cycia. Zasady PBM\u2122 okre\u015blaj\u0105, kim jeste\u015bmy jako organizacja. Ka\u017cdy pracownik w grupie Koch jest odpowiedzialny za ich przestrzegania ka\u017cdego dnia. To one definiuj\u0105 oraz wzmacniaj\u0105 nasz potencja\u0142. Nasze warto\u015bci Zasady PBM\u2122 wzajemnie si\u0119 [&hellip;]<\/p>\n","protected":false},"author":1,"featured_media":0,"parent":0,"menu_order":0,"comment_status":"closed","ping_status":"closed","template":"tpl-page.php","meta":[],"acf":[],"yoast_head":"<!-- This site is optimized with the Yoast SEO plugin v20.5 - https:\/\/yoast.com\/wordpress\/plugins\/seo\/ -->\n<title>Nasza wizja, produkty i bran\u017ce | Phillips-Medisize<\/title>\n<meta name=\"description\" content=\"Phillips-Medisize pe\u0142ni misj\u0119 o \u015bwiatowym zasi\u0119gu. Stawiamy na partnerstwo dla ochrony zdrowia, spo\u0142eczn\u0105 odpowiedzialno\u015b\u0107 biznesu i zr\u00f3wnowa\u017cony rozw\u00f3j.\" \/>\n<meta name=\"robots\" content=\"index, follow, max-snippet:-1, max-image-preview:large, max-video-preview:-1\" \/>\n<link rel=\"canonical\" href=\"https:\/\/phillipsmedisize.pl\/phillips\/nasza-wizja\/\" \/>\n<meta property=\"og:locale\" content=\"pl_PL\" \/>\n<meta property=\"og:type\" content=\"article\" \/>\n<meta property=\"og:title\" content=\"Nasza wizja, produkty i bran\u017ce | Phillips-Medisize\" \/>\n<meta property=\"og:description\" content=\"Phillips-Medisize pe\u0142ni misj\u0119 o \u015bwiatowym zasi\u0119gu. Stawiamy na partnerstwo dla ochrony zdrowia, spo\u0142eczn\u0105 odpowiedzialno\u015b\u0107 biznesu i zr\u00f3wnowa\u017cony rozw\u00f3j.\" \/>\n<meta property=\"og:url\" content=\"https:\/\/phillipsmedisize.pl\/phillips\/nasza-wizja\/\" \/>\n<meta property=\"og:site_name\" content=\"Phillips-Medisize\" \/>\n<meta property=\"article:modified_time\" content=\"2023-07-20T19:23:52+00:00\" \/>\n<meta property=\"og:image\" content=\"https:\/\/phillipsmedisize.pl\/phillips\/wp-content\/uploads\/sites\/2\/2022\/01\/medisize.jpg\" \/>\n\t<meta property=\"og:image:width\" content=\"1200\" \/>\n\t<meta property=\"og:image:height\" content=\"628\" \/>\n\t<meta property=\"og:image:type\" content=\"image\/jpeg\" \/>\n<meta name=\"twitter:card\" content=\"summary_large_image\" \/>\n<meta name=\"twitter:image\" content=\"https:\/\/phillipsmedisize.pl\/phillips\/wp-content\/uploads\/sites\/2\/2022\/01\/medisize.jpg\" \/>\n<meta name=\"twitter:label1\" content=\"Szacowany czas czytania\" \/>\n\t<meta name=\"twitter:data1\" content=\"4 minuty\" \/>\n<script type=\"application\/ld+json\" class=\"yoast-schema-graph\">{\"@context\":\"https:\/\/schema.org\",\"@graph\":[{\"@type\":\"WebPage\",\"@id\":\"https:\/\/phillipsmedisize.pl\/phillips\/nasza-wizja\/\",\"url\":\"https:\/\/phillipsmedisize.pl\/phillips\/nasza-wizja\/\",\"name\":\"Nasza wizja, produkty i bran\u017ce | Phillips-Medisize\",\"isPartOf\":{\"@id\":\"https:\/\/phillipsmedisize.pl\/phillips\/#website\"},\"datePublished\":\"2021-12-09T17:09:01+00:00\",\"dateModified\":\"2023-07-20T19:23:52+00:00\",\"description\":\"Phillips-Medisize pe\u0142ni misj\u0119 o \u015bwiatowym zasi\u0119gu. Stawiamy na partnerstwo dla ochrony zdrowia, spo\u0142eczn\u0105 odpowiedzialno\u015b\u0107 biznesu i zr\u00f3wnowa\u017cony rozw\u00f3j.\",\"inLanguage\":\"pl-PL\",\"potentialAction\":[{\"@type\":\"ReadAction\",\"target\":[\"https:\/\/phillipsmedisize.pl\/phillips\/nasza-wizja\/\"]}]},{\"@type\":\"WebSite\",\"@id\":\"https:\/\/phillipsmedisize.pl\/phillips\/#website\",\"url\":\"https:\/\/phillipsmedisize.pl\/phillips\/\",\"name\":\"Phillips-Medisize\",\"description\":\"Projektowanie i produkcja specjalistycznych sprz\u0119t\u00f3w i narz\u0119dzi medycznych. W Phillips-Medisize k\u0142adziemy ogromny nacisk na zarz\u0105dzanie jako\u015bci\u0105 i ryzykiem.\",\"potentialAction\":[{\"@type\":\"SearchAction\",\"target\":{\"@type\":\"EntryPoint\",\"urlTemplate\":\"https:\/\/phillipsmedisize.pl\/phillips\/?s={search_term_string}\"},\"query-input\":\"required name=search_term_string\"}],\"inLanguage\":\"pl-PL\"}]}<\/script>\n<!-- \/ Yoast SEO plugin. -->","yoast_head_json":{"title":"Nasza wizja, produkty i bran\u017ce | Phillips-Medisize","description":"Phillips-Medisize pe\u0142ni misj\u0119 o \u015bwiatowym zasi\u0119gu. Stawiamy na partnerstwo dla ochrony zdrowia, spo\u0142eczn\u0105 odpowiedzialno\u015b\u0107 biznesu i zr\u00f3wnowa\u017cony rozw\u00f3j.","robots":{"index":"index","follow":"follow","max-snippet":"max-snippet:-1","max-image-preview":"max-image-preview:large","max-video-preview":"max-video-preview:-1"},"canonical":"https:\/\/phillipsmedisize.pl\/phillips\/nasza-wizja\/","og_locale":"pl_PL","og_type":"article","og_title":"Nasza wizja, produkty i bran\u017ce | Phillips-Medisize","og_description":"Phillips-Medisize pe\u0142ni misj\u0119 o \u015bwiatowym zasi\u0119gu. Stawiamy na partnerstwo dla ochrony zdrowia, spo\u0142eczn\u0105 odpowiedzialno\u015b\u0107 biznesu i zr\u00f3wnowa\u017cony rozw\u00f3j.","og_url":"https:\/\/phillipsmedisize.pl\/phillips\/nasza-wizja\/","og_site_name":"Phillips-Medisize","article_modified_time":"2023-07-20T19:23:52+00:00","og_image":[{"width":1200,"height":628,"url":"https:\/\/phillipsmedisize.pl\/phillips\/wp-content\/uploads\/sites\/2\/2022\/01\/medisize.jpg","type":"image\/jpeg"}],"twitter_card":"summary_large_image","twitter_image":"https:\/\/phillipsmedisize.pl\/phillips\/wp-content\/uploads\/sites\/2\/2022\/01\/medisize.jpg","twitter_misc":{"Szacowany czas czytania":"4 minuty"},"schema":{"@context":"https:\/\/schema.org","@graph":[{"@type":"WebPage","@id":"https:\/\/phillipsmedisize.pl\/phillips\/nasza-wizja\/","url":"https:\/\/phillipsmedisize.pl\/phillips\/nasza-wizja\/","name":"Nasza wizja, produkty i bran\u017ce | Phillips-Medisize","isPartOf":{"@id":"https:\/\/phillipsmedisize.pl\/phillips\/#website"},"datePublished":"2021-12-09T17:09:01+00:00","dateModified":"2023-07-20T19:23:52+00:00","description":"Phillips-Medisize pe\u0142ni misj\u0119 o \u015bwiatowym zasi\u0119gu. Stawiamy na partnerstwo dla ochrony zdrowia, spo\u0142eczn\u0105 odpowiedzialno\u015b\u0107 biznesu i zr\u00f3wnowa\u017cony rozw\u00f3j.","inLanguage":"pl-PL","potentialAction":[{"@type":"ReadAction","target":["https:\/\/phillipsmedisize.pl\/phillips\/nasza-wizja\/"]}]},{"@type":"WebSite","@id":"https:\/\/phillipsmedisize.pl\/phillips\/#website","url":"https:\/\/phillipsmedisize.pl\/phillips\/","name":"Phillips-Medisize","description":"Projektowanie i produkcja specjalistycznych sprz\u0119t\u00f3w i narz\u0119dzi medycznych. W Phillips-Medisize k\u0142adziemy ogromny nacisk na zarz\u0105dzanie jako\u015bci\u0105 i ryzykiem.","potentialAction":[{"@type":"SearchAction","target":{"@type":"EntryPoint","urlTemplate":"https:\/\/phillipsmedisize.pl\/phillips\/?s={search_term_string}"},"query-input":"required name=search_term_string"}],"inLanguage":"pl-PL"}]}},"_links":{"self":[{"href":"https:\/\/phillipsmedisize.pl\/phillips\/wp-json\/wp\/v2\/pages\/816"}],"collection":[{"href":"https:\/\/phillipsmedisize.pl\/phillips\/wp-json\/wp\/v2\/pages"}],"about":[{"href":"https:\/\/phillipsmedisize.pl\/phillips\/wp-json\/wp\/v2\/types\/page"}],"author":[{"embeddable":true,"href":"https:\/\/phillipsmedisize.pl\/phillips\/wp-json\/wp\/v2\/users\/1"}],"replies":[{"embeddable":true,"href":"https:\/\/phillipsmedisize.pl\/phillips\/wp-json\/wp\/v2\/comments?post=816"}],"version-history":[{"count":3,"href":"https:\/\/phillipsmedisize.pl\/phillips\/wp-json\/wp\/v2\/pages\/816\/revisions"}],"predecessor-version":[{"id":889,"href":"https:\/\/phillipsmedisize.pl\/phillips\/wp-json\/wp\/v2\/pages\/816\/revisions\/889"}],"wp:attachment":[{"href":"https:\/\/phillipsmedisize.pl\/phillips\/wp-json\/wp\/v2\/media?parent=816"}],"curies":[{"name":"wp","href":"https:\/\/api.w.org\/{rel}","templated":true}]}}