{"id":817,"date":"2021-12-09T18:09:32","date_gmt":"2021-12-09T17:09:32","guid":{"rendered":"https:\/\/phillipsmedisize.pl\/?page_id=19"},"modified":"2023-07-20T11:13:44","modified_gmt":"2023-07-20T09:13:44","slug":"faq","status":"publish","type":"page","link":"https:\/\/phillipsmedisize.pl\/phillips\/faq\/","title":{"rendered":"FAQ"},"content":{"rendered":"<div class=\"faq faq_close\">\n    <p class=\"faq__question\">\n        <a class=\"faq__question__open_close_link\">\n            Kim jeste\u015bmy?            <button class=\"faq__question__open_close\"><\/button>\n        <\/a>\n    <\/p>\n    <div class=\"faq__answer\">\n        <p>Phillips Plastics Corporation, firma zajmuj\u0105ca si\u0119 formowaniem wtryskowym tworzyw sztucznych, powsta\u0142a w 1964 roku w Stanach Zjednoczonych. Z czasem zacz\u0119\u0142a si\u0119 ona specjalizowa\u0107 w opracowywaniu innowacyjnych rozwi\u0105za\u0144 dla bran\u017cy medycznej. W 2011 roku Phillips Plastics po\u0142\u0105czy\u0142a si\u0119 z europejskim producentem Medisize, w wyniku czego powsta\u0142a grupa Phillips-Medisize. W sierpniu 2019 roku zosta\u0142a za\u0142o\u017cona Phillips-Medisize Poland sp. z o.o., funkcjonuj\u0105ca w ramach grupy Molex, kt\u00f3ra jest cz\u0119\u015bci\u0105 koncernu KOCH INDUSTIERS.<\/p>\n<p><a href=\"https:\/\/phillipsmedisize.pl\/o-nas\/\">Dowiedz si\u0119 wi\u0119cej o Phillips-Medisize<\/a><\/p>\n    <\/div>\n<\/div>\n\n<div class=\"faq faq_close\">\n    <p class=\"faq__question\">\n        <a class=\"faq__question__open_close_link\">\n            Czym si\u0119 zajmujemy?            <button class=\"faq__question__open_close\"><\/button>\n        <\/a>\n    <\/p>\n    <div class=\"faq__answer\">\n        <p>Phillips-Medisize jest jednym z wiod\u0105cych globalnych dostawc\u00f3w innowacyjnych produkt\u00f3w i rozwi\u0105za\u0144 w obszarach farmaceutyki, urz\u0105dze\u0144 medycznych oraz diagnostyki. Aktualnie firma zatrudnia ponad 5 000 os\u00f3b w 26 lokalizacjach w 10 krajach.<br \/>\nNasza oferta obejmuje:<br \/>\n\u25cf\tNak\u0142uwacze<br \/>\n\u25cf\tWstrzykiwacze<br \/>\n\u25cf\tInhalatory<br \/>\n\u25cf\tPompy infuzyjne<br \/>\n\u25cf\tRespiratory<br \/>\n\u25cf\tDozowniki lek\u00f3w<\/p>\n<p><a href=\"https:\/\/phillipsmedisize.pl\/co-robimy\/\">Dowiedz si\u0119 wi\u0119cej o naszej dzia\u0142alno\u015bci<\/a><\/p>\n    <\/div>\n<\/div>\n\n<div class=\"faq faq_close\">\n    <p class=\"faq__question\">\n        <a class=\"faq__question__open_close_link\">\n            Jakie s\u0105 nasze warto\u015bci?            <button class=\"faq__question__open_close\"><\/button>\n        <\/a>\n    <\/p>\n    <div class=\"faq__answer\">\n        <p>To one definiuj\u0105 i wzmacniaj\u0105 nasz potencja\u0142.<br \/>\n\u25cf\tUczciwo\u015b\u0107<br \/>\n\u25cf\tOdpowiedzialne zarz\u0105dzanie i zgodno\u015b\u0107 z przepisami<br \/>\n\u25cf\tPrzedsi\u0119biorczo\u015b\u0107 z zasadami<br \/>\n\u25cf\tTransformacja<br \/>\n\u25cf\tWiedza<br \/>\n\u25cf\tPokora<br \/>\n\u25cf\tSzacunek<br \/>\n\u25cf\tSamorealizacja<\/p>\n<p><a href=\"https:\/\/phillipsmedisize.pl\/nasza-wizja\/\">Zapoznaj si\u0119 z wizj\u0105 Phillips-Medisize<\/a><\/p>\n    <\/div>\n<\/div>\n\n<div class=\"faq faq_close\">\n    <p class=\"faq__question\">\n        <a class=\"faq__question__open_close_link\">\n            Jak dbamy o \u015brodowisko naturalne?            <button class=\"faq__question__open_close\"><\/button>\n        <\/a>\n    <\/p>\n    <div class=\"faq__answer\">\n        <p>Prowadzimy dzia\u0142alno\u015b\u0107 w oparciu o zasady zr\u00f3wnowa\u017conego rozwoju, dbaj\u0105c o dobrostan \u015brodowiska naturalnego. W ramach grupy Molex obowi\u0105zuje korporacyjna polityka w zakresie ochrony \u015brodowiska, a wiele zak\u0142ad\u00f3w produkcyjnych posiada certyfikat ISO 14001. Naszym celem jest zwi\u0119kszenie efektywno\u015bci energetycznej o 15% oraz zmniejszenie emisji gaz\u00f3w cieplarnianych o 15% do 2030 roku. Podejmujemy dzia\u0142ania na rzecz ograniczania ilo\u015bci odpad\u00f3w, upowszechniania recyklingu, ochrony dzikiej przyrody oraz promocji edukacji ekologicznej.<\/p>\n    <\/div>\n<\/div>\n\n<div class=\"faq faq_close\">\n    <p class=\"faq__question\">\n        <a class=\"faq__question__open_close_link\">\n            Jakie s\u0105 nasze plany w Polsce?            <button class=\"faq__question__open_close\"><\/button>\n        <\/a>\n    <\/p>\n    <div class=\"faq__answer\">\n        <p>Celem za\u0142o\u017conej w sierpniu 2019 roku Phillips-Medisize Poland sp. z o.o. jest budowa innowacyjnego zak\u0142adu w Siemianowicach \u015al\u0105skich ko\u0142o Katowic i zatrudnienie wykwalifikowanych pracownik\u00f3w, kt\u00f3rzy wzmocni\u0105 potencja\u0142 naszego globalnego zespo\u0142u. Sp\u00f3\u0142ka Phillips-Medisize Poland sp. z o.o, kt\u00f3ra funkcjonuje w ramach grupy Molex, otrzyma od niej wszelkie niezb\u0119dne wsparcie, przede wszystkim finansowe. Sp\u00f3\u0142ka b\u0119dzie te\u017c korzysta\u0107 z wieloletniego do\u015bwiadczenia oraz wypracowanego know-how, zar\u00f3wno przez Koch Industries,  Molex, jak i Phillips-Medisize.<\/p>\n    <\/div>\n<\/div>\n\n<div class=\"faq faq_close\">\n    <p class=\"faq__question\">\n        <a class=\"faq__question__open_close_link\">\n            Kogo chcemy zatrudni\u0107?            <button class=\"faq__question__open_close\"><\/button>\n        <\/a>\n    <\/p>\n    <div class=\"faq__answer\">\n        <p>Phillips-Medisize na polski rynek firma wnosi now\u0105 jako\u015b\u0107 nie tylko w zakresie produkt\u00f3w, ale tak\u017ce organizacji i standard\u00f3w pracy. O naszej sile decyduj\u0105 najlepsi specjali\u015bci na rynku. Poszukujemy wykwalifikowanych pracownik\u00f3w, kt\u00f3rzy prac\u0119 w Phillips-Medisize Poland sp. z o.o. b\u0119d\u0105 traktowa\u0107 jak wa\u017cn\u0105 spo\u0142ecznie misj\u0119. Oferty pracy kierujemy do os\u00f3b, kt\u00f3re posiadaj\u0105 do\u015bwiadczenie w sektorze farmaceutyczno-medycznym. Jedn\u0105 z kluczowych warto\u015bci, jak\u0105 w zatrudnianiu kieruje si\u0119 Phillips-Medisize, jest polityka r\u00f3\u017cnorodno\u015bci (diversity).<\/p>\n<p>Dowiedz si\u0119 wi\u0119cej o naszym procesie rekrutacji<br \/>\n<a href=\"https:\/\/phillipsmedisize.pl\/kariera\">Sprawd\u017a aktualne oferty pracy w Phillips-Medisize<\/a><\/p>\n    <\/div>\n<\/div>\n\n<div class=\"faq faq_close\">\n    <p class=\"faq__question\">\n        <a class=\"faq__question__open_close_link\">\n            Jakie benefity oferujemy?            <button class=\"faq__question__open_close\"><\/button>\n        <\/a>\n    <\/p>\n    <div class=\"faq__answer\">\n        <p>Celem naszej holistycznej polityki HR jest budowa zespo\u0142u profesjonalist\u00f3w, w kt\u00f3rym ka\u017cdy z nich ma do odegrania okre\u015blon\u0105 rol\u0119. W zwi\u0105zku z tym Phillips-Medisize oferuje pracownikom atrakcyjne wynagrodzenie, korzystny zestaw benefit\u00f3w oraz szerokie mo\u017cliwo\u015bci rozwoju zawodowego w bran\u017cy farmaceutyczno-medycznej. Zapewniamy wszechstronne wsparcie w zakresie codziennej pracy, a tak\u017ce mo\u017cliwo\u015b\u0107 zdobywania nowych kompetencji. Przywi\u0105zujemy ogromn\u0105 wag\u0119 do work-life balance, kt\u00f3ra jest dla nas kluczowym sposobem dbania o zdrowie i dobro pracownika.<\/p>\n<p>Dowiedz si\u0119 wi\u0119cej o naszym procesie rekrutacji<br \/>\n<a href=\"https:\/\/phillipsmedisize.pl\/kariera\">Sprawd\u017a aktualne oferty pracy w Phillips-Medisize<\/a><\/p>\n    <\/div>\n<\/div>\n\n<div class=\"faq faq_close\">\n    <p class=\"faq__question\">\n        <a class=\"faq__question__open_close_link\">\n            Jak wygl\u0105da nasz proces rekrutacji?            <button class=\"faq__question__open_close\"><\/button>\n        <\/a>\n    <\/p>\n    <div class=\"faq__answer\">\n        <p>Proces rekrutacji w Phillips-Medisize sk\u0142ada si\u0119 z trzech etap\u00f3w:<br \/>\n\u25cf\tPierwszym etapem jest przes\u0142anie CV. Dokument zostanie zweryfikowany przez naszych specjalist\u00f3w.<br \/>\n\u25cf\tPo pozytywnej weryfikacji, w drugim etapie odbywa si\u0119 rozmowa rekrutacyjna z udzia\u0142em kandydata oraz pracownika dzia\u0142u Talent Solutions. O jej wynikach ka\u017cdy z kandydat\u00f3w zostanie powiadomiony przez opiekuna rekrutacji.<br \/>\n\u25cf\tW kolejnych etapach kandydat do pracy odbywa spotkania z udzia\u0142em kierownika dzia\u0142u HR oraz kierownikami dzia\u0142\u00f3w, w celu zweryfikowania kwalifikacji zawodowych. <\/p>\n<p>Dowiedz si\u0119 wi\u0119cej o naszym procesie rekrutacji<br \/>\n<a href=\"https:\/\/phillipsmedisize.pl\/kariera\">Sprawd\u017a aktualne oferty pracy w Phillips-Medisize<\/a><\/p>\n    <\/div>\n<\/div>\n\n<div class=\"faq faq_close\">\n    <p class=\"faq__question\">\n        <a class=\"faq__question__open_close_link\">\n            W jaki spos\u00f3b wzi\u0105\u0107 udzia\u0142 w rekrutacji?             <button class=\"faq__question__open_close\"><\/button>\n        <\/a>\n    <\/p>\n    <div class=\"faq__answer\">\n        <p>Zapoznaj si\u0119 z naszymi ofertami pracy dost\u0119pnymi w zak\u0142adce \u201eKariera\u201d i prze\u015blij nam swoje CV na adres mailowy <a href=\"mailto:rekrutacje@phillips-medisize.com\">rekrutacje@phillips-medisize.com<\/a> lub za po\u015brednictwem <a href=\"https:\/\/phillipsmedisize.pl\/kariera#wyslij-cv\" target=\"_blank\">formularza<\/a>. Kluczowe informacje na temat ofert pracy i procesu rekrutacji uzyskasz r\u00f3wnie\u017c korzystaj\u0105c z naszego chatbota. Za jego po\u015brednictwem mo\u017cesz przes\u0142a\u0107 nam tak\u017ce CV. Wykorzystaj szans\u0119 i do\u0142\u0105cz do globalnego zespo\u0142u i globalnej misji Phillips-Medisize!<\/p>\n<p>Dowiedz si\u0119 wi\u0119cej o naszym procesie rekrutacji<br \/>\n<a href=\"https:\/\/phillipsmedisize.pl\/kariera\">Sprawd\u017a aktualne oferty pracy w Phillips-Medisize<\/a><\/p>\n    <\/div>\n<\/div>","protected":false},"excerpt":{"rendered":"","protected":false},"author":1,"featured_media":0,"parent":0,"menu_order":0,"comment_status":"closed","ping_status":"closed","template":"tpl-page.php","meta":[],"acf":[],"yoast_head":"<!-- This site is optimized with the Yoast SEO plugin v20.5 - https:\/\/yoast.com\/wordpress\/plugins\/seo\/ -->\n<title>FAQ \u2013 najcz\u0119\u015bciej zadawane pytania | Phillips-Medisize<\/title>\n<meta name=\"description\" content=\"Najcz\u0119\u015bciej zadawane pytania i odpowiedzi dotycz\u0105ce dzia\u0142alno\u015bci firmy Phillips-Medisize.\" \/>\n<meta name=\"robots\" content=\"index, follow, max-snippet:-1, max-image-preview:large, max-video-preview:-1\" \/>\n<link rel=\"canonical\" href=\"https:\/\/phillipsmedisize.pl\/phillips\/faq\/\" \/>\n<meta property=\"og:locale\" content=\"pl_PL\" \/>\n<meta property=\"og:type\" content=\"article\" \/>\n<meta property=\"og:title\" content=\"FAQ \u2013 najcz\u0119\u015bciej zadawane pytania | Phillips-Medisize\" \/>\n<meta property=\"og:description\" content=\"Najcz\u0119\u015bciej zadawane pytania i odpowiedzi dotycz\u0105ce dzia\u0142alno\u015bci firmy Phillips-Medisize.\" \/>\n<meta property=\"og:url\" content=\"https:\/\/phillipsmedisize.pl\/phillips\/faq\/\" \/>\n<meta property=\"og:site_name\" content=\"Phillips-Medisize\" \/>\n<meta property=\"article:modified_time\" content=\"2023-07-20T09:13:44+00:00\" \/>\n<meta property=\"og:image\" content=\"https:\/\/phillipsmedisize.pl\/phillips\/wp-content\/uploads\/sites\/2\/2022\/01\/medisize.jpg\" \/>\n\t<meta property=\"og:image:width\" content=\"1200\" \/>\n\t<meta property=\"og:image:height\" content=\"628\" \/>\n\t<meta property=\"og:image:type\" content=\"image\/jpeg\" \/>\n<meta name=\"twitter:card\" content=\"summary_large_image\" \/>\n<meta name=\"twitter:image\" content=\"https:\/\/phillipsmedisize.pl\/phillips\/wp-content\/uploads\/sites\/2\/2022\/01\/medisize.jpg\" \/>\n<script type=\"application\/ld+json\" class=\"yoast-schema-graph\">{\"@context\":\"https:\/\/schema.org\",\"@graph\":[{\"@type\":\"WebPage\",\"@id\":\"https:\/\/phillipsmedisize.pl\/phillips\/faq\/\",\"url\":\"https:\/\/phillipsmedisize.pl\/phillips\/faq\/\",\"name\":\"FAQ \u2013 najcz\u0119\u015bciej zadawane pytania | Phillips-Medisize\",\"isPartOf\":{\"@id\":\"https:\/\/phillipsmedisize.pl\/phillips\/#website\"},\"datePublished\":\"2021-12-09T17:09:32+00:00\",\"dateModified\":\"2023-07-20T09:13:44+00:00\",\"description\":\"Najcz\u0119\u015bciej zadawane pytania i odpowiedzi dotycz\u0105ce dzia\u0142alno\u015bci firmy Phillips-Medisize.\",\"inLanguage\":\"pl-PL\",\"potentialAction\":[{\"@type\":\"ReadAction\",\"target\":[\"https:\/\/phillipsmedisize.pl\/phillips\/faq\/\"]}]},{\"@type\":\"WebSite\",\"@id\":\"https:\/\/phillipsmedisize.pl\/phillips\/#website\",\"url\":\"https:\/\/phillipsmedisize.pl\/phillips\/\",\"name\":\"Phillips-Medisize\",\"description\":\"Projektowanie i produkcja specjalistycznych sprz\u0119t\u00f3w i narz\u0119dzi medycznych. W Phillips-Medisize k\u0142adziemy ogromny nacisk na zarz\u0105dzanie jako\u015bci\u0105 i ryzykiem.\",\"potentialAction\":[{\"@type\":\"SearchAction\",\"target\":{\"@type\":\"EntryPoint\",\"urlTemplate\":\"https:\/\/phillipsmedisize.pl\/phillips\/?s={search_term_string}\"},\"query-input\":\"required name=search_term_string\"}],\"inLanguage\":\"pl-PL\"}]}<\/script>\n<!-- \/ Yoast SEO plugin. -->","yoast_head_json":{"title":"FAQ \u2013 najcz\u0119\u015bciej zadawane pytania | Phillips-Medisize","description":"Najcz\u0119\u015bciej zadawane pytania i odpowiedzi dotycz\u0105ce dzia\u0142alno\u015bci firmy Phillips-Medisize.","robots":{"index":"index","follow":"follow","max-snippet":"max-snippet:-1","max-image-preview":"max-image-preview:large","max-video-preview":"max-video-preview:-1"},"canonical":"https:\/\/phillipsmedisize.pl\/phillips\/faq\/","og_locale":"pl_PL","og_type":"article","og_title":"FAQ \u2013 najcz\u0119\u015bciej zadawane pytania | Phillips-Medisize","og_description":"Najcz\u0119\u015bciej zadawane pytania i odpowiedzi dotycz\u0105ce dzia\u0142alno\u015bci firmy Phillips-Medisize.","og_url":"https:\/\/phillipsmedisize.pl\/phillips\/faq\/","og_site_name":"Phillips-Medisize","article_modified_time":"2023-07-20T09:13:44+00:00","og_image":[{"width":1200,"height":628,"url":"https:\/\/phillipsmedisize.pl\/phillips\/wp-content\/uploads\/sites\/2\/2022\/01\/medisize.jpg","type":"image\/jpeg"}],"twitter_card":"summary_large_image","twitter_image":"https:\/\/phillipsmedisize.pl\/phillips\/wp-content\/uploads\/sites\/2\/2022\/01\/medisize.jpg","schema":{"@context":"https:\/\/schema.org","@graph":[{"@type":"WebPage","@id":"https:\/\/phillipsmedisize.pl\/phillips\/faq\/","url":"https:\/\/phillipsmedisize.pl\/phillips\/faq\/","name":"FAQ \u2013 najcz\u0119\u015bciej zadawane pytania | Phillips-Medisize","isPartOf":{"@id":"https:\/\/phillipsmedisize.pl\/phillips\/#website"},"datePublished":"2021-12-09T17:09:32+00:00","dateModified":"2023-07-20T09:13:44+00:00","description":"Najcz\u0119\u015bciej zadawane pytania i odpowiedzi dotycz\u0105ce dzia\u0142alno\u015bci firmy Phillips-Medisize.","inLanguage":"pl-PL","potentialAction":[{"@type":"ReadAction","target":["https:\/\/phillipsmedisize.pl\/phillips\/faq\/"]}]},{"@type":"WebSite","@id":"https:\/\/phillipsmedisize.pl\/phillips\/#website","url":"https:\/\/phillipsmedisize.pl\/phillips\/","name":"Phillips-Medisize","description":"Projektowanie i produkcja specjalistycznych sprz\u0119t\u00f3w i narz\u0119dzi medycznych. W Phillips-Medisize k\u0142adziemy ogromny nacisk na zarz\u0105dzanie jako\u015bci\u0105 i ryzykiem.","potentialAction":[{"@type":"SearchAction","target":{"@type":"EntryPoint","urlTemplate":"https:\/\/phillipsmedisize.pl\/phillips\/?s={search_term_string}"},"query-input":"required name=search_term_string"}],"inLanguage":"pl-PL"}]}},"_links":{"self":[{"href":"https:\/\/phillipsmedisize.pl\/phillips\/wp-json\/wp\/v2\/pages\/817"}],"collection":[{"href":"https:\/\/phillipsmedisize.pl\/phillips\/wp-json\/wp\/v2\/pages"}],"about":[{"href":"https:\/\/phillipsmedisize.pl\/phillips\/wp-json\/wp\/v2\/types\/page"}],"author":[{"embeddable":true,"href":"https:\/\/phillipsmedisize.pl\/phillips\/wp-json\/wp\/v2\/users\/1"}],"replies":[{"embeddable":true,"href":"https:\/\/phillipsmedisize.pl\/phillips\/wp-json\/wp\/v2\/comments?post=817"}],"version-history":[{"count":1,"href":"https:\/\/phillipsmedisize.pl\/phillips\/wp-json\/wp\/v2\/pages\/817\/revisions"}],"predecessor-version":[{"id":860,"href":"https:\/\/phillipsmedisize.pl\/phillips\/wp-json\/wp\/v2\/pages\/817\/revisions\/860"}],"wp:attachment":[{"href":"https:\/\/phillipsmedisize.pl\/phillips\/wp-json\/wp\/v2\/media?parent=817"}],"curies":[{"name":"wp","href":"https:\/\/api.w.org\/{rel}","templated":true}]}}